{"id":768308,"date":"2025-08-28T13:16:19","date_gmt":"2025-08-28T10:16:19","guid":{"rendered":"https:\/\/roveyayinevi.com.tr\/index.php\/urun\/tarihten-gunumuze-turk-toplumunda-islam-inanci-mi-mezhep-inanci-mi-saman-inanci-mi\/"},"modified":"2026-04-15T03:34:05","modified_gmt":"2026-04-15T00:34:05","slug":"tarihten-gunumuze-turk-toplumunda-islam-inanci-mi-mezhep-inanci-mi-saman-inanci-mi","status":"publish","type":"product","link":"https:\/\/roveyayinevi.com.tr\/index.php\/urun\/tarihten-gunumuze-turk-toplumunda-islam-inanci-mi-mezhep-inanci-mi-saman-inanci-mi\/","title":{"rendered":"Tarihten G\u00fcn\u00fcm\u00fcze T\u00fcrk Toplumunda &#8211; \u0130slam \u0130nanc\u0131 m\u0131?  Mezhep \u0130nanc\u0131 m\u0131? \u015eaman \u0130nanc\u0131 m\u0131?"},"content":{"rendered":"<p>Tarihten G\u00fcn\u00fcm\u00fcze T\u00fcrk Toplumunda &#8211; \u0130slam \u0130nanc\u0131 m\u0131?  Mezhep \u0130nanc\u0131 m\u0131? \u015eaman \u0130nanc\u0131 m\u0131?<\/p>\n","protected":false},"excerpt":{"rendered":"<p>Tarihten G\u00fcn\u00fcm\u00fcze T\u00fcrk Toplumunda &#8211; \u0130slam \u0130nanc\u0131 m\u0131? Mezhep \u0130nanc\u0131 m\u0131? \u015eaman \u0130nanc\u0131 m\u0131?<\/p>\n","protected":false},"featured_media":0,"template":"","meta":{"_monsterinsights_skip_tracking":false,"_monsterinsights_sitenote_active":false,"_monsterinsights_sitenote_note":"","_monsterinsights_sitenote_category":0},"product_brand":[],"product_cat":[13036,12718,12719],"product_tag":[],"class_list":{"0":"post-768308","1":"product","2":"type-product","3":"status-publish","5":"product_cat-arastirma-inceleme-islam","6":"product_cat-din","7":"product_cat-islam","8":"pa_cilt-ciltsiz","9":"pa_tur-kitap","10":"pa_yayinevi-baris-kitap","11":"pa_yazar-vedat-ozkan","13":"first","14":"instock","15":"sale","16":"shipping-taxable","17":"purchasable","18":"product-type-simple"},"_links":{"self":[{"href":"https:\/\/roveyayinevi.com.tr\/index.php\/wp-json\/wp\/v2\/product\/768308","targetHints":{"allow":["GET"]}}],"collection":[{"href":"https:\/\/roveyayinevi.com.tr\/index.php\/wp-json\/wp\/v2\/product"}],"about":[{"href":"https:\/\/roveyayinevi.com.tr\/index.php\/wp-json\/wp\/v2\/types\/product"}],"wp:attachment":[{"href":"https:\/\/roveyayinevi.com.tr\/index.php\/wp-json\/wp\/v2\/media?parent=768308"}],"wp:term":[{"taxonomy":"product_brand","embeddable":true,"href":"https:\/\/roveyayinevi.com.tr\/index.php\/wp-json\/wp\/v2\/product_brand?post=768308"},{"taxonomy":"product_cat","embeddable":true,"href":"https:\/\/roveyayinevi.com.tr\/index.php\/wp-json\/wp\/v2\/product_cat?post=768308"},{"taxonomy":"product_tag","embeddable":true,"href":"https:\/\/roveyayinevi.com.tr\/index.php\/wp-json\/wp\/v2\/product_tag?post=768308"}],"curies":[{"name":"wp","href":"https:\/\/api.w.org\/{rel}","templated":true}]}}