{"id":768305,"date":"2025-08-28T13:16:14","date_gmt":"2025-08-28T10:16:14","guid":{"rendered":"https:\/\/roveyayinevi.com.tr\/index.php\/urun\/egitimde-stratejik-gucler-psikolojik-harp-tekniklerinin-ve-istihbarat-servislerinin-egitime-etkileri\/"},"modified":"2026-04-15T03:34:05","modified_gmt":"2026-04-15T00:34:05","slug":"egitimde-stratejik-gucler-psikolojik-harp-tekniklerinin-ve-istihbarat-servislerinin-egitime-etkileri","status":"publish","type":"product","link":"https:\/\/roveyayinevi.com.tr\/index.php\/urun\/egitimde-stratejik-gucler-psikolojik-harp-tekniklerinin-ve-istihbarat-servislerinin-egitime-etkileri\/","title":{"rendered":"E\u011fitimde Stratejik G\u00fc\u00e7ler: Psikolojik Harp Tekniklerinin ve \u0130stihbarat Servislerinin E\u011fitime Etkileri"},"content":{"rendered":"<p>G\u00fcn\u00fcm\u00fcz d\u00fcnyas\u0131nda bilgi, g\u00fc\u00e7 demektir. Ancak bu bilgi her zaman do\u011fru ve g\u00fcvenilir olmayabilir. Toplumlar\u0131n d\u00fc\u015f\u00fcnce yap\u0131lar\u0131, duygusal tepkileri ve davran\u0131\u015flar\u0131, istihbarat ve psikolojik harp teknikleriyle manip\u00fcle edilebilir. Bu iki disiplin, \u00e7a\u011flar boyunca stratejik hedeflere ula\u015fmak i\u00e7in kullan\u0131lm\u0131\u015f, g\u00fcn\u00fcm\u00fczde geli\u015fmi\u015f ve karma\u015f\u0131k y\u00f6ntemlerle kullan\u0131lmaya devam etmektedir. Elinizdeki kitapta e\u011fitim sistemlerinin bu g\u00fc\u00e7lerden nas\u0131l etkilenip \u015fekillendi\u011fi derinlemesine incelenmektedir. E\u011fitim yaln\u0131zca bilgi aktarma s\u00fcreci de\u011fil, ayn\u0131 zamanda bireyin ve toplumun gelece\u011fini in\u015fa eden, de\u011ferlerini ve inan\u00e7lar\u0131n\u0131 \u015fekillendiren bir s\u00fcre\u00e7tir. Ancak bu s\u00fcre\u00e7, d\u0131\u015f etkenlerden ve m\u00fcdahalelerden ba\u011f\u0131ms\u0131z olmad\u0131\u011f\u0131 gibi, e\u011fitim sistemlerinin d\u0131\u015f etkilerce nas\u0131l \u015fekillendi\u011fi de genellikle g\u00f6z ard\u0131 edilir. Bu kitab\u0131n amac\u0131, istihbarat\u0131n ve psikolojik harp tekniklerinin e\u011fitim sistemleri \u00fczerindeki derin etkilerinin fark\u0131ndal\u0131\u011f\u0131n\u0131 art\u0131rarak okurlara yeni bir perspektif sunmakt\u0131r.<\/p>\n","protected":false},"excerpt":{"rendered":"<p>G\u00fcn\u00fcm\u00fcz d\u00fcnyas\u0131nda bilgi, g\u00fc\u00e7 demektir. Ancak bu bilgi her zaman do\u011fru ve g\u00fcvenilir olmayabilir. Toplumlar\u0131n d\u00fc\u015f\u00fcnce yap\u0131lar\u0131, duygusal tepkileri ve davran\u0131\u015flar\u0131, istihbarat ve psikolojik harp teknikleriyle<span class=\"excerpt-hellip\"> [\u2026]<\/span><\/p>\n","protected":false},"featured_media":0,"template":"","meta":{"_monsterinsights_skip_tracking":false,"_monsterinsights_sitenote_active":false,"_monsterinsights_sitenote_note":"","_monsterinsights_sitenote_category":0},"product_brand":[],"product_cat":[12573,12566],"product_tag":[],"class_list":{"0":"post-768305","1":"product","2":"type-product","3":"status-publish","5":"product_cat-akademik-kitaplar","6":"product_cat-egitim","7":"pa_cilt-ciltsiz","8":"pa_tur-kitap","9":"pa_yayinevi-ani-yayincilik","10":"pa_yazar-umut-birkan-ozkan","12":"first","13":"instock","14":"sale","15":"shipping-taxable","16":"purchasable","17":"product-type-simple"},"_links":{"self":[{"href":"https:\/\/roveyayinevi.com.tr\/index.php\/wp-json\/wp\/v2\/product\/768305","targetHints":{"allow":["GET"]}}],"collection":[{"href":"https:\/\/roveyayinevi.com.tr\/index.php\/wp-json\/wp\/v2\/product"}],"about":[{"href":"https:\/\/roveyayinevi.com.tr\/index.php\/wp-json\/wp\/v2\/types\/product"}],"wp:attachment":[{"href":"https:\/\/roveyayinevi.com.tr\/index.php\/wp-json\/wp\/v2\/media?parent=768305"}],"wp:term":[{"taxonomy":"product_brand","embeddable":true,"href":"https:\/\/roveyayinevi.com.tr\/index.php\/wp-json\/wp\/v2\/product_brand?post=768305"},{"taxonomy":"product_cat","embeddable":true,"href":"https:\/\/roveyayinevi.com.tr\/index.php\/wp-json\/wp\/v2\/product_cat?post=768305"},{"taxonomy":"product_tag","embeddable":true,"href":"https:\/\/roveyayinevi.com.tr\/index.php\/wp-json\/wp\/v2\/product_tag?post=768305"}],"curies":[{"name":"wp","href":"https:\/\/api.w.org\/{rel}","templated":true}]}}