{"id":768302,"date":"2025-08-28T13:16:09","date_gmt":"2025-08-28T10:16:09","guid":{"rendered":"https:\/\/roveyayinevi.com.tr\/index.php\/urun\/disney-jr-mickey-sihirli-renkler-cikartma-hediyeli-boyama-kitabi\/"},"modified":"2026-04-15T03:34:05","modified_gmt":"2026-04-15T00:34:05","slug":"disney-jr-mickey-sihirli-renkler-cikartma-hediyeli-boyama-kitabi","status":"publish","type":"product","link":"https:\/\/roveyayinevi.com.tr\/index.php\/urun\/disney-jr-mickey-sihirli-renkler-cikartma-hediyeli-boyama-kitabi\/","title":{"rendered":"Disney Jr. Mickey &#8211; Sihirli Renkler \u00c7\u0131kartma Hediyeli Boyama Kitab\u0131"},"content":{"rendered":"<p>Mutlulu\u011fun sihri bu sayfalarda gizli! Disney&#8217;in sihirli d\u00fcnyas\u0131 seni bekliyor! En sevdi\u011fin renklerle yarat\u0131c\u0131l\u0131\u011f\u0131n\u0131 g\u00f6ster, \u00e7\u0131kartmalarla sayfalara sihir kat!<\/p>\n","protected":false},"excerpt":{"rendered":"<p>Mutlulu\u011fun sihri bu sayfalarda gizli! Disney&#8217;in sihirli d\u00fcnyas\u0131 seni bekliyor! En sevdi\u011fin renklerle yarat\u0131c\u0131l\u0131\u011f\u0131n\u0131 g\u00f6ster, \u00e7\u0131kartmalarla sayfalara sihir kat!<\/p>\n","protected":false},"featured_media":0,"template":"","meta":{"_monsterinsights_skip_tracking":false,"_monsterinsights_sitenote_active":false,"_monsterinsights_sitenote_note":"","_monsterinsights_sitenote_category":0},"product_brand":[],"product_cat":[12644,12274],"product_tag":[],"class_list":{"0":"post-768302","1":"product","2":"type-product","3":"status-publish","5":"product_cat-boyama-kitaplari","6":"product_cat-cocuk-ve-genclik-kitaplari","7":"pa_cilt-ciltsiz","8":"pa_tur-kitap","9":"pa_yayinevi-dogan-cocuk","10":"pa_yazar-kolektif","12":"first","13":"instock","14":"sale","15":"shipping-taxable","16":"purchasable","17":"product-type-simple"},"_links":{"self":[{"href":"https:\/\/roveyayinevi.com.tr\/index.php\/wp-json\/wp\/v2\/product\/768302","targetHints":{"allow":["GET"]}}],"collection":[{"href":"https:\/\/roveyayinevi.com.tr\/index.php\/wp-json\/wp\/v2\/product"}],"about":[{"href":"https:\/\/roveyayinevi.com.tr\/index.php\/wp-json\/wp\/v2\/types\/product"}],"wp:attachment":[{"href":"https:\/\/roveyayinevi.com.tr\/index.php\/wp-json\/wp\/v2\/media?parent=768302"}],"wp:term":[{"taxonomy":"product_brand","embeddable":true,"href":"https:\/\/roveyayinevi.com.tr\/index.php\/wp-json\/wp\/v2\/product_brand?post=768302"},{"taxonomy":"product_cat","embeddable":true,"href":"https:\/\/roveyayinevi.com.tr\/index.php\/wp-json\/wp\/v2\/product_cat?post=768302"},{"taxonomy":"product_tag","embeddable":true,"href":"https:\/\/roveyayinevi.com.tr\/index.php\/wp-json\/wp\/v2\/product_tag?post=768302"}],"curies":[{"name":"wp","href":"https:\/\/api.w.org\/{rel}","templated":true}]}}