{"id":768297,"date":"2025-08-28T13:15:59","date_gmt":"2025-08-28T10:15:59","guid":{"rendered":"https:\/\/roveyayinevi.com.tr\/index.php\/urun\/genclere-tarihin-sirlari\/"},"modified":"2025-11-11T11:09:01","modified_gmt":"2025-11-11T08:09:01","slug":"genclere-tarihin-sirlari","status":"publish","type":"product","link":"https:\/\/roveyayinevi.com.tr\/index.php\/urun\/genclere-tarihin-sirlari\/","title":{"rendered":"Gen\u00e7lere Tarihin S\u0131rlar\u0131"},"content":{"rendered":"<p>T\u00fcrk e\u011fitim sisteminde tarih dersi, ezberlenip unutulan bir ders olarak g\u00f6r\u00fclmektedir. Bu nedenle liseli ve \u00fcniversiteli gen\u00e7ler i\u00e7in tarih, genelde s\u0131navlardan y\u00fcksek not almak i\u00e7in \u00f6\u011frenilmektedir. Bu olumsuz durum sosyal medya i\u00e7erik \u00fcreticilerinin tarihle ilgili videolar\u0131 ile azalm\u0131\u015f ve tarih art\u0131k daha e\u011flenceli bir bilim olarak g\u00f6r\u00fclmeye ba\u015flanm\u0131\u015fsa da bu kez de \u00fcretilen i\u00e7eriklerin ne kadar g\u00fcvenilir oldu\u011fu tart\u0131\u015fmalar\u0131 yap\u0131lmaya ba\u015flam\u0131\u015ft\u0131r. Bir tarih bilimi disiplini i\u00e7inde yaz\u0131lan bu kitapta ama\u00e7lanan, gen\u00e7lerin tarih\u00ee olaylardan ders \u00e7\u0131kar\u0131p bir medeniyet perspektifinden ge\u00e7mi\u015fi yorumlamalar\u0131na katk\u0131da bulunmakt\u0131r. Kitapta yer verilen olaylar ve konular, \u00f6\u011fretmenlik hayat\u0131m boyunca gen\u00e7lerle yapt\u0131\u011f\u0131m s\u00f6yle\u015filerden se\u00e7ilmi\u015ftir ve eserde, sade bir dille tarihin bazen e\u011flenceli, bazen h\u00fcz\u00fcnl\u00fc bazen de gurur verici hadiseleri okuyucuyla payla\u015f\u0131lmaktad\u0131r. Mevlana\u2019dan bir nidan\u0131n, End\u00fcl\u00fcs\u2019ten, Fatih\u2019ten, Kanuni\u2019den ve Sultan Hamid\u2019den bir selam\u0131n, Yunus\u2019u yeti\u015ftiren bir inan\u00e7 ve d\u00fc\u015f\u00fcnce sisteminden bir m\u00fcjdenin yer ald\u0131\u011f\u0131 bu kitap, tarihi anlama ve g\u00fcn\u00fcm\u00fcze etkilerini g\u00f6sterme hedefini ta\u015f\u0131maktad\u0131r. <\/p>\n","protected":false},"excerpt":{"rendered":"<p>T\u00fcrk e\u011fitim sisteminde tarih dersi, ezberlenip unutulan bir ders olarak g\u00f6r\u00fclmektedir. Bu nedenle liseli ve \u00fcniversiteli gen\u00e7ler i\u00e7in tarih, genelde s\u0131navlardan y\u00fcksek not almak i\u00e7in \u00f6\u011frenilmektedir.<span class=\"excerpt-hellip\"> [\u2026]<\/span><\/p>\n","protected":false},"featured_media":0,"template":"","meta":{"_monsterinsights_skip_tracking":false,"_monsterinsights_sitenote_active":false,"_monsterinsights_sitenote_note":"","_monsterinsights_sitenote_category":0},"product_brand":[],"product_cat":[12370,12304],"product_tag":[],"class_list":{"0":"post-768297","1":"product","2":"type-product","3":"status-publish","5":"product_cat-arastirma-inceleme","6":"product_cat-tarih","7":"pa_cilt-ciltsiz","8":"pa_tur-kitap","9":"pa_yayinevi-gulnar-yayinlari","10":"pa_yazar-mesut-kocaman","12":"first","13":"instock","14":"sale","15":"shipping-taxable","16":"purchasable","17":"product-type-simple"},"_links":{"self":[{"href":"https:\/\/roveyayinevi.com.tr\/index.php\/wp-json\/wp\/v2\/product\/768297","targetHints":{"allow":["GET"]}}],"collection":[{"href":"https:\/\/roveyayinevi.com.tr\/index.php\/wp-json\/wp\/v2\/product"}],"about":[{"href":"https:\/\/roveyayinevi.com.tr\/index.php\/wp-json\/wp\/v2\/types\/product"}],"wp:attachment":[{"href":"https:\/\/roveyayinevi.com.tr\/index.php\/wp-json\/wp\/v2\/media?parent=768297"}],"wp:term":[{"taxonomy":"product_brand","embeddable":true,"href":"https:\/\/roveyayinevi.com.tr\/index.php\/wp-json\/wp\/v2\/product_brand?post=768297"},{"taxonomy":"product_cat","embeddable":true,"href":"https:\/\/roveyayinevi.com.tr\/index.php\/wp-json\/wp\/v2\/product_cat?post=768297"},{"taxonomy":"product_tag","embeddable":true,"href":"https:\/\/roveyayinevi.com.tr\/index.php\/wp-json\/wp\/v2\/product_tag?post=768297"}],"curies":[{"name":"wp","href":"https:\/\/api.w.org\/{rel}","templated":true}]}}