{"id":768296,"date":"2025-08-28T13:15:57","date_gmt":"2025-08-28T10:15:57","guid":{"rendered":"https:\/\/roveyayinevi.com.tr\/index.php\/urun\/04-17-depremzede-cocuklarin-resimlerdeki-dunyasi\/"},"modified":"2026-04-15T03:34:05","modified_gmt":"2026-04-15T00:34:05","slug":"04-17-depremzede-cocuklarin-resimlerdeki-dunyasi","status":"publish","type":"product","link":"https:\/\/roveyayinevi.com.tr\/index.php\/urun\/04-17-depremzede-cocuklarin-resimlerdeki-dunyasi\/","title":{"rendered":"04.17 Depremzede \u00c7ocuklar\u0131n Resimlerdeki D\u00fcnyas\u0131"},"content":{"rendered":"<p>6 \u015eubat 2023 sabah\u0131 Hatay ve Kahramanmara\u015f merkezli art arda 7,7 ve 7,6 b\u00fcy\u00fckl\u00fc\u011f\u00fcnde iki deprem oldu. Bu depremlerle Kilis, Diyarbak\u0131r, Osmaniye, Hatay, Adana, Malatya, Gaziantep, \u015eanl\u0131urfa, Kahramanmara\u015f ve Ad\u0131yaman illerinde asr\u0131n en b\u00fcy\u00fck y\u0131k\u0131mlar\u0131 meydan geldi. Bu tarih, uykuda depreme yakalanan halk i\u00e7in ac\u0131 ve \u00e7aresizlik i\u00e7inde ge\u00e7ecek g\u00fcnlerin ba\u015flang\u0131c\u0131yd\u0131. Deprem sonras\u0131nda t\u00fcm T\u00fcrkiye seferber oldu; deprem b\u00f6lgesine yard\u0131mlar g\u00f6nderildi, baz\u0131 yard\u0131mseverler ihtiya\u00e7 malzemeleri ile b\u00f6lgeye gitti, kurtarma ekipleri enkaz alt\u0131ndakilerin yard\u0131m\u0131na ko\u015ftu. Depremden sonra arabas\u0131 olan depremzedeler kendi imkanlar\u0131yla olmayanlar otob\u00fcslerle di\u011fer illere g\u00f6nderildi. Manavgat\u2019a da seksen bin civar\u0131nda depremzede geldi. Oteller, misafirhaneler, evler ve yurtlara yerle\u015ftirilen depremzedelere maddi manevi destek i\u00e7in resmi, sivil t\u00fcm kurum ve kurulu\u015flar ile vatanda\u015flar seferber oldular. O d\u00f6nemde depremzede \u00e7ocuklar\u0131m\u0131za psikolojik destek sa\u011flamak amac\u0131yla \u201cDepremzede \u00c7ocuklar\u0131n Resimlerdeki D\u00fcnyas\u0131\u201d isimli projeyi ba\u015flatt\u0131m. Proje s\u00fcresince yediden yetmi\u015fe her ya\u015f grubundan depremzede resim \u00e7al\u0131\u015fmalar\u0131ma kat\u0131ld\u0131. Bu \u00e7al\u0131\u015fmalara kat\u0131lan baz\u0131 annelerimiz hayalindeki evi, baz\u0131lar\u0131 mahallelerini, y\u0131k\u0131lan evlerini, baz\u0131lar\u0131 ise kaybettikleri yak\u0131nlar\u0131n\u0131 resmetti. \u201c\u0130lkokuldan sonra hi\u00e7 resim yapmam\u0131\u015ft\u0131m, resim yapmak beni \u00e7ok mutlu etti.\u201d derken g\u00f6zleri dolan teyzeler, iki \u00e7ocu\u011fuyla enkaz alt\u0131nda kalan \u00f6\u011fretmeni ve ailesini resmeden \u00e7ocuklar, deprem gecesinde ya\u011fmurlu, so\u011fuk havadaki \u00e7aresizliklerini tekrar ya\u015fayan gen\u00e7ler ile h\u00fcz\u00fcnl\u00fc anlar ya\u015fad\u0131k. Asl\u0131nda resmettikleri, y\u00fcreklerini da\u011flayan katlan\u0131lmas\u0131 zor ac\u0131lar\u0131n\u0131n d\u0131\u015favurumuydu. Depremzede \u00e7ocuklar\u0131m\u0131z\u0131n duygu y\u00fckl\u00fc resimlerinin de bulundu\u011fu bu dergiyi haz\u0131rlamakta iki amac\u0131m vard\u0131: ilki, haz\u0131rlad\u0131\u011f\u0131m dergiyi herhangi bir vak\u0131f veya derne\u011fe ba\u011f\u0131\u015flayarak geliri ile depremzede \u00e7ocuklar\u0131n e\u011fitimine maddi destek sa\u011flamak, di\u011feri ise tarihe not d\u00fc\u015fmekti. Bu y\u00f6ndeki giri\u015fimlerim sonucunda projeme uygun bir d\u00f6n\u00fc\u015f olmay\u0131nca dergiyi kendi imk\u00e2nlar\u0131mla bast\u0131rmaya karar verdim. Ulu \u00d6nderimiz Gazi Mustafa Kemal Atat\u00fcrk\u2019\u00fcn \u201cGelece\u011fin g\u00fcvencesi sa\u011flam temellere dayal\u0131 bir e\u011fitime, e\u011fitim ise \u00f6\u011fretmene dayal\u0131d\u0131r.\u201d s\u00f6zlerini kendime ilke edinerek, derginin geliri ile \u00e7ocuklar\u0131m\u0131z\u0131n e\u011fitimine destek olaca\u011f\u0131m. Bir cumhuriyet kad\u0131n\u0131 ve \u00f6\u011fretmen olarak Ata\u2019m\u0131n izinde \u00fclkemin gelece\u011fi i\u00e7in \u00e7al\u0131\u015fman\u0131n mutluluk ve gururunu ya\u015fayaca\u011f\u0131m. Saide \u00c7etinel Mersin <\/p>\n","protected":false},"excerpt":{"rendered":"<p>6 \u015eubat 2023 sabah\u0131 Hatay ve Kahramanmara\u015f merkezli art arda 7,7 ve 7,6 b\u00fcy\u00fckl\u00fc\u011f\u00fcnde iki deprem oldu. Bu depremlerle Kilis, Diyarbak\u0131r, Osmaniye, Hatay, Adana, Malatya, Gaziantep,<span class=\"excerpt-hellip\"> [\u2026]<\/span><\/p>\n","protected":false},"featured_media":0,"template":"","meta":{"_monsterinsights_skip_tracking":false,"_monsterinsights_sitenote_active":false,"_monsterinsights_sitenote_note":"","_monsterinsights_sitenote_category":0},"product_brand":[],"product_cat":[13072,12291],"product_tag":[],"class_list":{"0":"post-768296","1":"product","2":"type-product","3":"status-publish","5":"product_cat-arastirma-inceleme-referans","6":"product_cat-edebiyat","7":"pa_cilt-ciltsiz","8":"pa_tur-kitap","9":"pa_yayinevi-gulnar-yayinlari","10":"pa_yazar-saide-cetinel-mersin","12":"first","13":"instock","14":"sale","15":"shipping-taxable","16":"purchasable","17":"product-type-simple"},"_links":{"self":[{"href":"https:\/\/roveyayinevi.com.tr\/index.php\/wp-json\/wp\/v2\/product\/768296","targetHints":{"allow":["GET"]}}],"collection":[{"href":"https:\/\/roveyayinevi.com.tr\/index.php\/wp-json\/wp\/v2\/product"}],"about":[{"href":"https:\/\/roveyayinevi.com.tr\/index.php\/wp-json\/wp\/v2\/types\/product"}],"wp:attachment":[{"href":"https:\/\/roveyayinevi.com.tr\/index.php\/wp-json\/wp\/v2\/media?parent=768296"}],"wp:term":[{"taxonomy":"product_brand","embeddable":true,"href":"https:\/\/roveyayinevi.com.tr\/index.php\/wp-json\/wp\/v2\/product_brand?post=768296"},{"taxonomy":"product_cat","embeddable":true,"href":"https:\/\/roveyayinevi.com.tr\/index.php\/wp-json\/wp\/v2\/product_cat?post=768296"},{"taxonomy":"product_tag","embeddable":true,"href":"https:\/\/roveyayinevi.com.tr\/index.php\/wp-json\/wp\/v2\/product_tag?post=768296"}],"curies":[{"name":"wp","href":"https:\/\/api.w.org\/{rel}","templated":true}]}}