{"id":768291,"date":"2025-08-28T13:15:46","date_gmt":"2025-08-28T10:15:46","guid":{"rendered":"https:\/\/roveyayinevi.com.tr\/index.php\/urun\/acelya-ev-esyalarini-ogreniyor\/"},"modified":"2026-04-15T03:34:05","modified_gmt":"2026-04-15T00:34:05","slug":"acelya-ev-esyalarini-ogreniyor","status":"publish","type":"product","link":"https:\/\/roveyayinevi.com.tr\/index.php\/urun\/acelya-ev-esyalarini-ogreniyor\/","title":{"rendered":"A\u00e7elya Ev E\u015fyalar\u0131n\u0131 \u00d6\u011freniyor"},"content":{"rendered":"<p>\u201cA\u00e7elya merakl\u0131 m\u0131 merakl\u0131 bir \u00e7o\u00e7uk. Her \u015feyi \u00f6\u011frenmek isteyen ve \u00e7ok da yetenekli.\u201d A\u00e7elya oyuncak bebe\u011fi Mira\u2019y\u0131 al\u0131p mutfakta yemek yapan annesinin yan\u0131na gider ve o andan sonra muhte\u015fem bir maceraya ad\u0131m atar. A\u00e7elya\u2019n\u0131n ev e\u015fyalar\u0131 ile maceras\u0131n\u0131 s\u0131k\u0131lmadan okuyacaks\u0131n\u0131z. <\/p>\n","protected":false},"excerpt":{"rendered":"<p>\u201cA\u00e7elya merakl\u0131 m\u0131 merakl\u0131 bir \u00e7o\u00e7uk. Her \u015feyi \u00f6\u011frenmek isteyen ve \u00e7ok da yetenekli.\u201d A\u00e7elya oyuncak bebe\u011fi Mira\u2019y\u0131 al\u0131p mutfakta yemek yapan annesinin yan\u0131na gider ve<span class=\"excerpt-hellip\"> [\u2026]<\/span><\/p>\n","protected":false},"featured_media":0,"template":"","meta":{"_monsterinsights_skip_tracking":false,"_monsterinsights_sitenote_active":false,"_monsterinsights_sitenote_note":"","_monsterinsights_sitenote_category":0},"product_brand":[],"product_cat":[12274,12284],"product_tag":[],"class_list":{"0":"post-768291","1":"product","2":"type-product","3":"status-publish","5":"product_cat-cocuk-ve-genclik-kitaplari","6":"product_cat-hikayeler","7":"pa_cilt-ciltsiz","8":"pa_tur-kitap","9":"pa_yayinevi-ugi-cocuk","10":"pa_yazar-muhammet-demir","12":"first","13":"instock","14":"sale","15":"shipping-taxable","16":"purchasable","17":"product-type-simple"},"_links":{"self":[{"href":"https:\/\/roveyayinevi.com.tr\/index.php\/wp-json\/wp\/v2\/product\/768291","targetHints":{"allow":["GET"]}}],"collection":[{"href":"https:\/\/roveyayinevi.com.tr\/index.php\/wp-json\/wp\/v2\/product"}],"about":[{"href":"https:\/\/roveyayinevi.com.tr\/index.php\/wp-json\/wp\/v2\/types\/product"}],"wp:attachment":[{"href":"https:\/\/roveyayinevi.com.tr\/index.php\/wp-json\/wp\/v2\/media?parent=768291"}],"wp:term":[{"taxonomy":"product_brand","embeddable":true,"href":"https:\/\/roveyayinevi.com.tr\/index.php\/wp-json\/wp\/v2\/product_brand?post=768291"},{"taxonomy":"product_cat","embeddable":true,"href":"https:\/\/roveyayinevi.com.tr\/index.php\/wp-json\/wp\/v2\/product_cat?post=768291"},{"taxonomy":"product_tag","embeddable":true,"href":"https:\/\/roveyayinevi.com.tr\/index.php\/wp-json\/wp\/v2\/product_tag?post=768291"}],"curies":[{"name":"wp","href":"https:\/\/api.w.org\/{rel}","templated":true}]}}