{"id":768290,"date":"2025-08-28T13:15:43","date_gmt":"2025-08-28T10:15:43","guid":{"rendered":"https:\/\/roveyayinevi.com.tr\/index.php\/urun\/gok-kartal\/"},"modified":"2026-04-15T03:34:05","modified_gmt":"2026-04-15T00:34:05","slug":"gok-kartal","status":"publish","type":"product","link":"https:\/\/roveyayinevi.com.tr\/index.php\/urun\/gok-kartal\/","title":{"rendered":"G\u00f6k Kartal"},"content":{"rendered":"<p>Tepe G\u00f6z \u00f6ld\u00fckten sonra k\u00f6ye bolluk bereket gelmi\u015fti. K\u00f6yl\u00fcler mutlu bir hayat s\u00fcrerken bir anda G\u00f6k Kartal\u2019\u0131n ortaya \u00e7\u0131kmas\u0131yla k\u00f6y\u00fcn \u00fczerine kara bulutlar \u00e7\u00f6kt\u00fc. Ancak G\u00f6k Kartal\u2019\u0131n hesaba katmad\u0131\u011f\u0131 bir \u015fey vard\u0131 o da; \u201dDeli Dumrul.\u201d Dostluk ve beraberlik temal\u0131 bu kitab\u0131 \u00e7ocuklar\u0131n\u0131z keyifle okuyacak. <\/p>\n","protected":false},"excerpt":{"rendered":"<p>Tepe G\u00f6z \u00f6ld\u00fckten sonra k\u00f6ye bolluk bereket gelmi\u015fti. K\u00f6yl\u00fcler mutlu bir hayat s\u00fcrerken bir anda G\u00f6k Kartal\u2019\u0131n ortaya \u00e7\u0131kmas\u0131yla k\u00f6y\u00fcn \u00fczerine kara bulutlar \u00e7\u00f6kt\u00fc. Ancak G\u00f6k<span class=\"excerpt-hellip\"> [\u2026]<\/span><\/p>\n","protected":false},"featured_media":0,"template":"","meta":{"_monsterinsights_skip_tracking":false,"_monsterinsights_sitenote_active":false,"_monsterinsights_sitenote_note":"","_monsterinsights_sitenote_category":0},"product_brand":[],"product_cat":[12274,12284],"product_tag":[],"class_list":{"0":"post-768290","1":"product","2":"type-product","3":"status-publish","5":"product_cat-cocuk-ve-genclik-kitaplari","6":"product_cat-hikayeler","7":"pa_cilt-ciltsiz","8":"pa_tur-kitap","9":"pa_yayinevi-ugi-cocuk","10":"pa_yazar-gulce-sarigol","12":"first","13":"instock","14":"sale","15":"shipping-taxable","16":"purchasable","17":"product-type-simple"},"_links":{"self":[{"href":"https:\/\/roveyayinevi.com.tr\/index.php\/wp-json\/wp\/v2\/product\/768290","targetHints":{"allow":["GET"]}}],"collection":[{"href":"https:\/\/roveyayinevi.com.tr\/index.php\/wp-json\/wp\/v2\/product"}],"about":[{"href":"https:\/\/roveyayinevi.com.tr\/index.php\/wp-json\/wp\/v2\/types\/product"}],"wp:attachment":[{"href":"https:\/\/roveyayinevi.com.tr\/index.php\/wp-json\/wp\/v2\/media?parent=768290"}],"wp:term":[{"taxonomy":"product_brand","embeddable":true,"href":"https:\/\/roveyayinevi.com.tr\/index.php\/wp-json\/wp\/v2\/product_brand?post=768290"},{"taxonomy":"product_cat","embeddable":true,"href":"https:\/\/roveyayinevi.com.tr\/index.php\/wp-json\/wp\/v2\/product_cat?post=768290"},{"taxonomy":"product_tag","embeddable":true,"href":"https:\/\/roveyayinevi.com.tr\/index.php\/wp-json\/wp\/v2\/product_tag?post=768290"}],"curies":[{"name":"wp","href":"https:\/\/api.w.org\/{rel}","templated":true}]}}