{"id":768283,"date":"2025-08-28T13:15:29","date_gmt":"2025-08-28T10:15:29","guid":{"rendered":"https:\/\/roveyayinevi.com.tr\/index.php\/urun\/proje-yonetimi-elkitabi-harvard-business-review\/"},"modified":"2026-04-15T03:34:05","modified_gmt":"2026-04-15T00:34:05","slug":"proje-yonetimi-elkitabi-harvard-business-review","status":"publish","type":"product","link":"https:\/\/roveyayinevi.com.tr\/index.php\/urun\/proje-yonetimi-elkitabi-harvard-business-review\/","title":{"rendered":"Proje Y\u00f6netimi Elkitab\u0131 &#8211; Harvard Business Review"},"content":{"rendered":"<p>Art\u0131k proje ekonomisinde ya\u015f\u0131yoruz. T\u00fcm sekt\u00f6rlerde ba\u015flat\u0131lan projelerin say\u0131s\u0131 h\u0131zla artt\u0131 ve proje y\u00f6netimi becerileri t\u00fcm lider ve y\u00f6netici i\u00e7in gerekli hale geldi. Yine de proje ba\u015far\u0131s\u0131zl\u0131k oranlar\u0131 son derece y\u00fcksek olmaya devam ediyor. \u00c7\u00fcnk\u00fc liderler \u00e7ok say\u0131da projeyi denetlemek zorunda kal\u0131yor ve proje y\u00f6neticileri, uygulamal\u0131 teknik bilgilerini \u00fcst y\u00f6netime aktarmakta zorlan\u0131yor. Sonu\u00e7ta de\u011ferli projeler zaman ve kaynaklardan yoksun kal\u0131rken yanl\u0131\u015f projelere \u00e7ok fazla yat\u0131r\u0131m yap\u0131l\u0131yor. Proje ekonomisinde rekabet edebilmek i\u00e7in bu a\u00e7\u0131\u011f\u0131 kapatman\u0131z gerekiyor. Proje Y\u00f6netimi El Kitab\u0131, projeleri ba\u015flatmak, y\u00f6netmek ve onlara sponsor olmak konusunda size yol g\u00f6sterebilecek de\u011ferli bir kaynak. Bu kapsaml\u0131 k\u0131lavuzda, proje y\u00f6netimi uzman\u0131 Antonio Nieto-Rodriguez, projelerin ba\u015far\u0131 olas\u0131l\u0131\u011f\u0131n\u0131 art\u0131racak yeni ve basit bir \u00e7er\u00e7eve sunuyor. D\u00fcnya \u00e7ap\u0131nda bir\u00e7ok sekt\u00f6rden vaka \u00e7al\u0131\u015fmalar\u0131yla dolu bu kitap, kurulu\u015funuzun projelerini, stratejik programlar\u0131n\u0131 ve \u00e7evik giri\u015fimleri nas\u0131l daha etkin y\u00f6netece\u011finizi ve en iyi projeleri nas\u0131l \u00f6ne \u00e7\u0131kar\u0131p tamamlayaca\u011f\u0131n\u0131z\u0131 anlat\u0131yor. ANTONIO NIETO-RODRIGUEZ, proje y\u00f6netiminin k\u00fcresel lideridir. Madrid\u2019de do\u011fan ve Almanya, Meksika, \u0130talya ve Amerika Birle\u015fik Devletleri\u2019nde e\u011fitim g\u00f6ren yazar, ekonomisttir ve London Business School\u2019dan MBA derecesi alm\u0131\u015ft\u0131r. INSEAD\u2019in Uluslararas\u0131 Direkt\u00f6r Program\u0131na kat\u0131lm\u0131\u015ft\u0131r. Brightline Giri\u015fimini ba\u015flatt\u0131\u011f\u0131 Proje Y\u00f6netimi Enstit\u00fcs\u00fcn\u00fcn eski k\u00fcresel ba\u015fkan\u0131; uygulama uzmanlar\u0131ndan olu\u015fan k\u00fcresel bir dan\u0131\u015fmanl\u0131k firmas\u0131 olan Projects &amp; Co.\u2019nun kurucusudur. Ayn\u0131 zamanda Strateji Uygulama Enstit\u00fcs\u00fcn\u00fcn kurucu orta\u011f\u0131d\u0131r.Modern y\u00f6netim hakk\u0131ndaki ara\u015ft\u0131rmalar\u0131 ve bu alandaki k\u00fcresel etkisi, Thinkers50 taraf\u0131ndan prestijli Ideas into Practice \u00f6d\u00fcl\u00fc ile tescillenen Nieto-Rodi\u0131guez, daha \u00f6nce BNP Paribas Fortis\u2019te proje portf\u00f6y y\u00f6netimi ba\u015fkan\u0131 olarak \u00e7al\u0131\u015ft\u0131. Ayr\u0131ca 10 y\u0131l boyunca PricewaterhouseCoopers\u2019da \u00e7al\u0131\u015farak proje ve de\u011fi\u015fim y\u00f6netimi konusunda, k\u00fcresel bir lider olarak uygulay\u0131c\u0131 oldu.Nieto-Rodi\u0131guez, Lead Successful Projects, The Project Revolution ve The Focused Organization kitaplar\u0131n\u0131n yazar\u0131d\u0131r. Yedi kitaba katk\u0131da bulunmu\u015ftur. \u00dcst d\u00fczey y\u00f6neticilere strateji y\u00fcr\u00fctme ve proje y\u00f6netimi sanat\u0131 ve bilimi konular\u0131nda \u00f6\u011fretim ve ko\u00e7luk konusunda \u00f6nde gelen bir otoritedir. Halen Duke Corporate Education, Instituto de Empresa Business School (Madrid), Solvay Brussels School of Economics and Management, Vlerick Business School (Berlin) ve Skolkovo Moscow School of Management\u2019ta misafir profes\u00f6r olarak g\u00f6rev yapmaktad\u0131r.Sayg\u0131lar\u0131m\u0131zla,<\/p>\n","protected":false},"excerpt":{"rendered":"<p>Art\u0131k proje ekonomisinde ya\u015f\u0131yoruz. T\u00fcm sekt\u00f6rlerde ba\u015flat\u0131lan projelerin say\u0131s\u0131 h\u0131zla artt\u0131 ve proje y\u00f6netimi becerileri t\u00fcm lider ve y\u00f6netici i\u00e7in gerekli hale geldi. Yine de proje<span class=\"excerpt-hellip\"> [\u2026]<\/span><\/p>\n","protected":false},"featured_media":0,"template":"","meta":{"_monsterinsights_skip_tracking":false,"_monsterinsights_sitenote_active":false,"_monsterinsights_sitenote_note":"","_monsterinsights_sitenote_category":0},"product_brand":[],"product_cat":[14841,13043],"product_tag":[],"class_list":{"0":"post-768283","1":"product","2":"type-product","3":"status-publish","5":"product_cat-arastirma-inceleme-kuram","6":"product_cat-ekonomi","7":"pa_cilt-ciltsiz","8":"pa_tur-kitap","9":"pa_yayinevi-optimist-yayin-dagitim","10":"pa_yazar-antonio-nieto-rodriguez","12":"first","13":"instock","14":"sale","15":"shipping-taxable","16":"purchasable","17":"product-type-simple"},"_links":{"self":[{"href":"https:\/\/roveyayinevi.com.tr\/index.php\/wp-json\/wp\/v2\/product\/768283","targetHints":{"allow":["GET"]}}],"collection":[{"href":"https:\/\/roveyayinevi.com.tr\/index.php\/wp-json\/wp\/v2\/product"}],"about":[{"href":"https:\/\/roveyayinevi.com.tr\/index.php\/wp-json\/wp\/v2\/types\/product"}],"wp:attachment":[{"href":"https:\/\/roveyayinevi.com.tr\/index.php\/wp-json\/wp\/v2\/media?parent=768283"}],"wp:term":[{"taxonomy":"product_brand","embeddable":true,"href":"https:\/\/roveyayinevi.com.tr\/index.php\/wp-json\/wp\/v2\/product_brand?post=768283"},{"taxonomy":"product_cat","embeddable":true,"href":"https:\/\/roveyayinevi.com.tr\/index.php\/wp-json\/wp\/v2\/product_cat?post=768283"},{"taxonomy":"product_tag","embeddable":true,"href":"https:\/\/roveyayinevi.com.tr\/index.php\/wp-json\/wp\/v2\/product_tag?post=768283"}],"curies":[{"name":"wp","href":"https:\/\/api.w.org\/{rel}","templated":true}]}}