{"id":768282,"date":"2025-08-28T13:15:27","date_gmt":"2025-08-28T10:15:27","guid":{"rendered":"https:\/\/roveyayinevi.com.tr\/index.php\/urun\/guven-egzersizi\/"},"modified":"2026-04-15T03:34:05","modified_gmt":"2026-04-15T00:34:05","slug":"guven-egzersizi","status":"publish","type":"product","link":"https:\/\/roveyayinevi.com.tr\/index.php\/urun\/guven-egzersizi\/","title":{"rendered":"G\u00fcven Egzersizi"},"content":{"rendered":"<p>Amerika, 1980\u2019lerin ba\u015flar\u0131\u2026 David ve Sarah, gen\u00e7lik y\u0131llar\u0131na \u00f6zg\u00fc, i\u00e7lerini k\u0131p\u0131r k\u0131p\u0131r eden ama bir o kadar da sakl\u0131, yo\u011fun duygularla birbirlerine ba\u011flan\u0131rlar. Ne kadar ka\u00e7arlarsa o kadar \u00e7ekilirler birbirlerine. B\u00f6lgenin en prestijli sanat okulunda, Broadway\u2019in \u201cduayen\u201d isimlerinden, s\u0131rad\u0131\u015f\u0131 y\u00f6ntemlere sahip Bay Kingsley\u2019in rehberli\u011finde tiyatro e\u011fitimini de birlikte al\u0131rlar ki bu dersler ayn\u0131 zamanda duygular\u0131n apa\u00e7\u0131k ortaya serildi\u011fi, k\u0131r\u0131lganl\u0131klar\u0131n g\u00f6zle g\u00f6r\u00fcl\u00fcr oldu\u011fu ve derin analizlere tabi tutuldu\u011fu bir aland\u0131r onlar i\u00e7in. \u201cG\u00fcven Egzersizi\u201d de bunlardan biridir. Bazen konu\u015fur, bazen susar, bazen kendilerini s\u0131n\u0131f arkada\u015f\u0131n\u0131n kollar\u0131na b\u0131rak\u0131r, bazen de yaln\u0131zl\u0131\u011f\u0131 iliklerine kadar hissederler. Ne var ki sahne arkas\u0131nda \u00e7ok daha karanl\u0131k, g\u00fc\u00e7 ve manip\u00fclasyon \u00fczerine kurulu ba\u015fka bir oyun devam etmektedir. Sarah, eski s\u0131n\u0131f arkada\u015f\u0131 Karen\u2019la y\u0131llar sonra iki yeti\u015fkin olarak bir araya geldi\u011findeyse bamba\u015fka bir anlat\u0131yla kar\u015f\u0131 kar\u015f\u0131ya kal\u0131r\u0131z. Roller yeniden da\u011f\u0131t\u0131l\u0131r, g\u00f6lgede kalan detaylar ayd\u0131nlan\u0131r ve farkl\u0131 bir ger\u00e7ek \u015fekillenmeye ba\u015flarken okur da \u015fu sorulara yan\u0131t aramaya koyulur: \u201cAsl\u0131nda\u201d neler ya\u015fand\u0131? Kime inanmal\u0131? \u0130nsan kendi haf\u0131zas\u0131na, kendi an\u0131lar\u0131na g\u00fcvenebilir mi? Susan Choi, okur ve yazar aras\u0131ndaki g\u00fcven ili\u015fkisini sorgulayan, r\u0131zan\u0131n s\u0131n\u0131rlar\u0131 ve haf\u0131zan\u0131n \u015fekillendirilebilirli\u011fi \u00fczerine \u00e7arp\u0131c\u0131 bir roman sunuyor. 2019\u2019da National Book Award\u2019a lay\u0131k g\u00f6r\u00fclen bu edebi yap\u0131t, ustal\u0131kla kurgulanm\u0131\u015f bir g\u00fc\u00e7 g\u00f6sterisi.  <\/p>\n","protected":false},"excerpt":{"rendered":"<p>Amerika, 1980\u2019lerin ba\u015flar\u0131\u2026 David ve Sarah, gen\u00e7lik y\u0131llar\u0131na \u00f6zg\u00fc, i\u00e7lerini k\u0131p\u0131r k\u0131p\u0131r eden ama bir o kadar da sakl\u0131, yo\u011fun duygularla birbirlerine ba\u011flan\u0131rlar. Ne kadar ka\u00e7arlarsa<span class=\"excerpt-hellip\"> [\u2026]<\/span><\/p>\n","protected":false},"featured_media":0,"template":"","meta":{"_monsterinsights_skip_tracking":false,"_monsterinsights_sitenote_active":false,"_monsterinsights_sitenote_note":"","_monsterinsights_sitenote_category":0},"product_brand":[],"product_cat":[12291,12711],"product_tag":[],"class_list":{"0":"post-768282","1":"product","2":"type-product","3":"status-publish","5":"product_cat-edebiyat","6":"product_cat-roman-oyku","7":"pa_cilt-ciltsiz","8":"pa_tur-kitap","9":"pa_yayinevi-kafka-yayinevi","10":"pa_yazar-susan-choi","12":"first","13":"instock","14":"sale","15":"shipping-taxable","16":"purchasable","17":"product-type-simple"},"_links":{"self":[{"href":"https:\/\/roveyayinevi.com.tr\/index.php\/wp-json\/wp\/v2\/product\/768282","targetHints":{"allow":["GET"]}}],"collection":[{"href":"https:\/\/roveyayinevi.com.tr\/index.php\/wp-json\/wp\/v2\/product"}],"about":[{"href":"https:\/\/roveyayinevi.com.tr\/index.php\/wp-json\/wp\/v2\/types\/product"}],"wp:attachment":[{"href":"https:\/\/roveyayinevi.com.tr\/index.php\/wp-json\/wp\/v2\/media?parent=768282"}],"wp:term":[{"taxonomy":"product_brand","embeddable":true,"href":"https:\/\/roveyayinevi.com.tr\/index.php\/wp-json\/wp\/v2\/product_brand?post=768282"},{"taxonomy":"product_cat","embeddable":true,"href":"https:\/\/roveyayinevi.com.tr\/index.php\/wp-json\/wp\/v2\/product_cat?post=768282"},{"taxonomy":"product_tag","embeddable":true,"href":"https:\/\/roveyayinevi.com.tr\/index.php\/wp-json\/wp\/v2\/product_tag?post=768282"}],"curies":[{"name":"wp","href":"https:\/\/api.w.org\/{rel}","templated":true}]}}