{"id":768274,"date":"2025-08-28T13:15:08","date_gmt":"2025-08-28T10:15:08","guid":{"rendered":"https:\/\/roveyayinevi.com.tr\/index.php\/urun\/kayip-araniyor-3\/"},"modified":"2026-04-15T03:34:04","modified_gmt":"2026-04-15T00:34:04","slug":"kayip-araniyor-3","status":"publish","type":"product","link":"https:\/\/roveyayinevi.com.tr\/index.php\/urun\/kayip-araniyor-3\/","title":{"rendered":"Kay\u0131p Aran\u0131yor"},"content":{"rendered":"<p>&#8220;U\u00e7urtma dermi\u015f ki: \u201cAh! \u0130pim olmasayd\u0131!\u201d Kant&#8217;\u0131n g\u00fcvercini daha ileri gitmi\u015f, \u201cBir de \u015fu hava olmasayd\u0131!..\u201d demi\u015f. Her ikisi de kendilerini g\u00f6ky\u00fcz\u00fcne y\u00fckselten \u015feyin bu iple hava oldu\u011funu unutmu\u015flar&#8230;&#8221;   Kalemini bal\u0131k\u00e7\u0131 kahvehanelerinden Adalar\u2019a, \u0130stanbul&#8217;un arka sokaklar\u0131ndan deniz kenarlar\u0131na uzanan hik\u00e2yelerde gezdirir Sait Faik. \u201cYazmasam deli olacakt\u0131m\u201d der, yazmaz, \u00e2deta ya\u015far. S\u0131radan sesleri ahenkli ezgilere d\u00f6n\u00fc\u015ft\u00fcr\u00fcr metinlerinde; kaleminin kap\u0131s\u0131 daima insana ve do\u011faya a\u00e7\u0131l\u0131r. 1970&#8217;lerde &#8220;Sait Faik K\u00fclliyat\u0131&#8221;n\u0131 yay\u0131mlamaya ba\u015flayarak geni\u015f kitlelere ula\u015fmas\u0131na arac\u0131l\u0131k etmekten gurur duydu\u011fumuz Sait Faik&#8217;in eserlerini orijinal metne sad\u0131k kalarak yeniden sunuyoruz.<\/p>\n","protected":false},"excerpt":{"rendered":"<p>&#8220;U\u00e7urtma dermi\u015f ki: \u201cAh! \u0130pim olmasayd\u0131!\u201d Kant&#8217;\u0131n g\u00fcvercini daha ileri gitmi\u015f, \u201cBir de \u015fu hava olmasayd\u0131!..\u201d demi\u015f. Her ikisi de kendilerini g\u00f6ky\u00fcz\u00fcne y\u00fckselten \u015feyin bu iple<span class=\"excerpt-hellip\"> [\u2026]<\/span><\/p>\n","protected":false},"featured_media":0,"template":"","meta":{"_monsterinsights_skip_tracking":false,"_monsterinsights_sitenote_active":false,"_monsterinsights_sitenote_note":"","_monsterinsights_sitenote_category":0},"product_brand":[],"product_cat":[12291,12711],"product_tag":[],"class_list":{"0":"post-768274","1":"product","2":"type-product","3":"status-publish","5":"product_cat-edebiyat","6":"product_cat-roman-oyku","7":"pa_cilt-ciltsiz","8":"pa_tur-kitap","9":"pa_yayinevi-bilgi-yayinevi","10":"pa_yazar-sait-faik-abasiyanik","12":"first","13":"instock","14":"sale","15":"shipping-taxable","16":"purchasable","17":"product-type-simple"},"_links":{"self":[{"href":"https:\/\/roveyayinevi.com.tr\/index.php\/wp-json\/wp\/v2\/product\/768274","targetHints":{"allow":["GET"]}}],"collection":[{"href":"https:\/\/roveyayinevi.com.tr\/index.php\/wp-json\/wp\/v2\/product"}],"about":[{"href":"https:\/\/roveyayinevi.com.tr\/index.php\/wp-json\/wp\/v2\/types\/product"}],"wp:attachment":[{"href":"https:\/\/roveyayinevi.com.tr\/index.php\/wp-json\/wp\/v2\/media?parent=768274"}],"wp:term":[{"taxonomy":"product_brand","embeddable":true,"href":"https:\/\/roveyayinevi.com.tr\/index.php\/wp-json\/wp\/v2\/product_brand?post=768274"},{"taxonomy":"product_cat","embeddable":true,"href":"https:\/\/roveyayinevi.com.tr\/index.php\/wp-json\/wp\/v2\/product_cat?post=768274"},{"taxonomy":"product_tag","embeddable":true,"href":"https:\/\/roveyayinevi.com.tr\/index.php\/wp-json\/wp\/v2\/product_tag?post=768274"}],"curies":[{"name":"wp","href":"https:\/\/api.w.org\/{rel}","templated":true}]}}