{"id":768272,"date":"2025-08-28T13:15:03","date_gmt":"2025-08-28T10:15:03","guid":{"rendered":"https:\/\/roveyayinevi.com.tr\/index.php\/urun\/maca-kizi-8-4-kitap-ciltli\/"},"modified":"2026-04-15T03:34:04","modified_gmt":"2026-04-15T00:34:04","slug":"maca-kizi-8-4-kitap-ciltli","status":"publish","type":"product","link":"https:\/\/roveyayinevi.com.tr\/index.php\/urun\/maca-kizi-8-4-kitap-ciltli\/","title":{"rendered":"Ma\u00e7a K\u0131z\u0131 8 &#8211; 4. Kitap (Ciltli)"},"content":{"rendered":"<p>\u201cKimdim ben, hi\u00e7 olmaktan ba\u015fka?\u201d   \u201cG\u00f6zleri g\u00f6zlerimle sevi\u015fiyordu ve bu sevi\u015fmeden nice k\u0131rg\u0131nl\u0131klar, k\u00fcsk\u00fcnl\u00fckler, darg\u0131nl\u0131klar do\u011fuyordu. Do\u011fan her bir duyguyu sevmeye \u00e7al\u0131\u015f\u0131yordum belki de, ondan ve benden bir par\u00e7a diye. G\u00f6zlerine bakmam\u0131 s\u00f6yl\u00fcyordu, zaman\u0131n birinde. Sadece g\u00f6zlerine bakmam\u0131. E\u011fer g\u00f6zlerine bakarsam anlayaca\u011f\u0131m\u0131. Ya da korkmayaca\u011f\u0131m\u0131. Ne s\u00f6yl\u00fcyordu zaman\u0131n birinde, belki de hat\u0131rlam\u0131yordum. G\u00f6zlerine bakmam gerekti\u011fini biliyordum sadece. Bunu o s\u00f6ylemese de biliyordum. \u00c7\u00fcnk\u00fc benim i\u00e7in onun g\u00f6zlerine bakmak, bir bal\u0131\u011f\u0131n y\u00fczmesi kadar i\u00e7g\u00fcd\u00fcsel bir eylemdi. Bir bal\u0131kt\u0131m ben, onun okyanus karas\u0131 g\u00f6zlerinin hasretiyle, cehennem ate\u015finde yanan. Geride kalan zaman diliminin saniyeler mi yoksa dakikalar m\u0131 oldu\u011funu bilmesem de okyanusa bir kez daha d\u00fc\u015fmek i\u00e7in tek bir saniyenin yetece\u011fini anlam\u0131\u015ft\u0131m. Alev alev yanan g\u00f6zleri, t\u00fcm bedenimi cay\u0131r cay\u0131r yak\u0131yordu ve ben serinlemek i\u00e7in ona muhta\u00e7 hissediyordum. Bundan nefret ediyordum.\u201d<\/p>\n","protected":false},"excerpt":{"rendered":"<p>\u201cKimdim ben, hi\u00e7 olmaktan ba\u015fka?\u201d \u201cG\u00f6zleri g\u00f6zlerimle sevi\u015fiyordu ve bu sevi\u015fmeden nice k\u0131rg\u0131nl\u0131klar, k\u00fcsk\u00fcnl\u00fckler, darg\u0131nl\u0131klar do\u011fuyordu. Do\u011fan her bir duyguyu sevmeye \u00e7al\u0131\u015f\u0131yordum belki de, ondan ve<span class=\"excerpt-hellip\"> [\u2026]<\/span><\/p>\n","protected":false},"featured_media":0,"template":"","meta":{"_monsterinsights_skip_tracking":false,"_monsterinsights_sitenote_active":false,"_monsterinsights_sitenote_note":"","_monsterinsights_sitenote_category":0},"product_brand":[],"product_cat":[12291,12711],"product_tag":[],"class_list":{"0":"post-768272","1":"product","2":"type-product","3":"status-publish","5":"product_cat-edebiyat","6":"product_cat-roman-oyku","7":"pa_cilt-ciltli","8":"pa_tur-kitap","9":"pa_yayinevi-artemis-yayinlari","10":"pa_yazar-dilara-pamuk","12":"first","13":"instock","14":"sale","15":"shipping-taxable","16":"purchasable","17":"product-type-simple"},"_links":{"self":[{"href":"https:\/\/roveyayinevi.com.tr\/index.php\/wp-json\/wp\/v2\/product\/768272","targetHints":{"allow":["GET"]}}],"collection":[{"href":"https:\/\/roveyayinevi.com.tr\/index.php\/wp-json\/wp\/v2\/product"}],"about":[{"href":"https:\/\/roveyayinevi.com.tr\/index.php\/wp-json\/wp\/v2\/types\/product"}],"wp:attachment":[{"href":"https:\/\/roveyayinevi.com.tr\/index.php\/wp-json\/wp\/v2\/media?parent=768272"}],"wp:term":[{"taxonomy":"product_brand","embeddable":true,"href":"https:\/\/roveyayinevi.com.tr\/index.php\/wp-json\/wp\/v2\/product_brand?post=768272"},{"taxonomy":"product_cat","embeddable":true,"href":"https:\/\/roveyayinevi.com.tr\/index.php\/wp-json\/wp\/v2\/product_cat?post=768272"},{"taxonomy":"product_tag","embeddable":true,"href":"https:\/\/roveyayinevi.com.tr\/index.php\/wp-json\/wp\/v2\/product_tag?post=768272"}],"curies":[{"name":"wp","href":"https:\/\/api.w.org\/{rel}","templated":true}]}}