{"id":768266,"date":"2025-08-28T13:14:52","date_gmt":"2025-08-28T10:14:52","guid":{"rendered":"https:\/\/roveyayinevi.com.tr\/index.php\/urun\/felsefe-tarihi-3\/"},"modified":"2026-04-15T03:34:04","modified_gmt":"2026-04-15T00:34:04","slug":"felsefe-tarihi-3","status":"publish","type":"product","link":"https:\/\/roveyayinevi.com.tr\/index.php\/urun\/felsefe-tarihi-3\/","title":{"rendered":"Felsefe Tarihi"},"content":{"rendered":"<p>Felsefenin muazzam maceras\u0131 \u00fczerine ciddi anlamda oturup d\u00fc\u015f\u00fcn\u00fcnce iki soru ortaya \u00e7\u0131k\u0131yor. \u0130lki, \u201cVar olan nedir?\u201d; ikincisiyse, \u201c\u00d6nemli olan nedir?\u201d A.C. Grayling, kendine \u00f6zg\u00fc duru anlat\u0131m\u0131 ve zarafetiyle okurlar\u0131 Buda, Konf\u00fc\u00e7y\u00fcs ve Sokrates \u00f6ncesi d\u00f6nemdeki d\u00fcnya g\u00f6r\u00fc\u015fleri ve ahlak anlay\u0131\u015flar\u0131ndan H\u0131ristiyanl\u0131\u011f\u0131n Avrupa d\u00fc\u015f\u00fcncesini etkisi alt\u0131na ald\u0131\u011f\u0131 d\u00f6neme, R\u00f6nesans ve Ayd\u0131nlanma\u2019dan Mill,Nietzsche, Sartre ve g\u00fcn\u00fcm\u00fcz felsefesine g\u00f6t\u00fcr\u00fcyor. Hindistan, \u00c7in ve Arap Fars d\u00fcnyas\u0131n\u0131n b\u00fcy\u00fck felsefi geleneklerinden bahsetmeden felsefenin hik\u00e2yesi eksik kalaca\u011f\u0131 i\u00e7in s\u00f6z konusu felsefi gelenekleri de kar\u015f\u0131la\u015ft\u0131rmal\u0131 olarak inceliyor. \u00d6\u011frenciler i\u00e7in anla\u015f\u0131l\u0131r, felsefe okurlar\u0131 i\u00e7in ufuk a\u00e7\u0131c\u0131 bir \u00e7al\u0131\u015fma olan bu kitap; epistemoloji, metafizik, estetik, etik, mant\u0131k, zihin felsefesi, dil felsefesi, siyaset felsefesi ve bu alanlardaki tart\u0131\u015fmalar\u0131n tarihini, \u00fcnl\u00fc filozoflar\u0131n yan\u0131 s\u0131ra daha az bilinen \u00f6nemli d\u00fc\u015f\u00fcn\u00fcrlerin fikirleri \u00fczerinden ele al\u0131yor. Ayn\u0131 zamanda bu d\u00fc\u015f\u00fcnce birikiminden neler \u00f6\u011frendi\u011fimizi ve daha ne gibi ilerlemeler kaydedilmesi gerekti\u011fini sorguluyor. Ali Berk \u0130dil\u2019in \u00f6zenli \u00e7evirisiyle sundu\u011fumuz A.C. Grayling\u2019in Felsefe Tarihi, on y\u0131llar sonra felsefe tarihi alan\u0131nda yaz\u0131lan ilk kapsaml\u0131 ve anla\u015f\u0131l\u0131r tek ciltlik \u00e7al\u0131\u015fma olarak d\u00f6n\u00fcm noktas\u0131 niteli\u011finde bir ba\u015fyap\u0131t.   \u201cSon derece a\u00e7\u0131k bir dille ve n\u00fcktedanl\u0131kla kaleme al\u0131nm\u0131\u015f, entelekt\u00fcel a\u00e7\u0131dan keyifli bir ara\u015ft\u0131rma. Bat\u0131 d\u0131\u015f\u0131 felsefeyi kapsayan b\u00f6l\u00fcmleriyle ilgi \u00e7ekici ke\u015fifler ortaya koyuyor.\u201dSunday Times<\/p>\n","protected":false},"excerpt":{"rendered":"<p>Felsefenin muazzam maceras\u0131 \u00fczerine ciddi anlamda oturup d\u00fc\u015f\u00fcn\u00fcnce iki soru ortaya \u00e7\u0131k\u0131yor. \u0130lki, \u201cVar olan nedir?\u201d; ikincisiyse, \u201c\u00d6nemli olan nedir?\u201d A.C. Grayling, kendine \u00f6zg\u00fc duru anlat\u0131m\u0131<span class=\"excerpt-hellip\"> [\u2026]<\/span><\/p>\n","protected":false},"featured_media":0,"template":"","meta":{"_monsterinsights_skip_tracking":false,"_monsterinsights_sitenote_active":false,"_monsterinsights_sitenote_note":"","_monsterinsights_sitenote_category":0},"product_brand":[],"product_cat":[12388,14717],"product_tag":[],"class_list":{"0":"post-768266","1":"product","2":"type-product","3":"status-publish","5":"product_cat-felsefe","6":"product_cat-felsefe-tarihi","7":"pa_cilt-ciltsiz","8":"pa_tur-kitap","9":"pa_yayinevi-epsilon-yayinlari","10":"pa_yazar-a-c-grayling","12":"first","13":"instock","14":"sale","15":"shipping-taxable","16":"purchasable","17":"product-type-simple"},"_links":{"self":[{"href":"https:\/\/roveyayinevi.com.tr\/index.php\/wp-json\/wp\/v2\/product\/768266","targetHints":{"allow":["GET"]}}],"collection":[{"href":"https:\/\/roveyayinevi.com.tr\/index.php\/wp-json\/wp\/v2\/product"}],"about":[{"href":"https:\/\/roveyayinevi.com.tr\/index.php\/wp-json\/wp\/v2\/types\/product"}],"wp:attachment":[{"href":"https:\/\/roveyayinevi.com.tr\/index.php\/wp-json\/wp\/v2\/media?parent=768266"}],"wp:term":[{"taxonomy":"product_brand","embeddable":true,"href":"https:\/\/roveyayinevi.com.tr\/index.php\/wp-json\/wp\/v2\/product_brand?post=768266"},{"taxonomy":"product_cat","embeddable":true,"href":"https:\/\/roveyayinevi.com.tr\/index.php\/wp-json\/wp\/v2\/product_cat?post=768266"},{"taxonomy":"product_tag","embeddable":true,"href":"https:\/\/roveyayinevi.com.tr\/index.php\/wp-json\/wp\/v2\/product_tag?post=768266"}],"curies":[{"name":"wp","href":"https:\/\/api.w.org\/{rel}","templated":true}]}}