{"id":768264,"date":"2025-08-28T13:14:48","date_gmt":"2025-08-28T10:14:48","guid":{"rendered":"https:\/\/roveyayinevi.com.tr\/index.php\/urun\/son-sakaya-meydan-oku\/"},"modified":"2026-04-15T03:34:04","modified_gmt":"2026-04-15T00:34:04","slug":"son-sakaya-meydan-oku","status":"publish","type":"product","link":"https:\/\/roveyayinevi.com.tr\/index.php\/urun\/son-sakaya-meydan-oku\/","title":{"rendered":"Son \u015eakaya Meydan Oku!"},"content":{"rendered":"<p>OKULA YEN\u0130 GELEN ALFIE, PERA VEKIZ ARKADA\u015eI ELY&#8217;N\u0130N ARASINA G\u0130RMEYE\u00c7ALI\u015eINCA \u0130\u015eLER KARI\u015eIR.YAPILACAK TEK B\u0130R \u015eEY VARDIR:PERA VE ALFIE ARASINDA&#8221;SON \u015eAKAYA MEYDAN OKU!&#8221;KAR\u015eILA\u015eMASI YAPARAK K\u0130M\u0130NDAHA E\u011eLENCEL\u0130OLDU\u011eUNA KARAR VERMEK!UNUTMAYIN SON G\u00dcLEN \u0130Y\u0130 G\u00dcLER!\u0130\u00c7\u0130NDE Y\u00dcZDEN FAZLA \u015eAKANIN BULUNDU\u011eUM\u00dcTH\u0130\u015e S\u00dcR\u00dcKLEY\u0130C\u0130 B\u0130R H\u0130K\u00c2YE!  <\/p>\n","protected":false},"excerpt":{"rendered":"<p>OKULA YEN\u0130 GELEN ALFIE, PERA VEKIZ ARKADA\u015eI ELY&#8217;N\u0130N ARASINA G\u0130RMEYE\u00c7ALI\u015eINCA \u0130\u015eLER KARI\u015eIR.YAPILACAK TEK B\u0130R \u015eEY VARDIR:PERA VE ALFIE ARASINDA&#8221;SON \u015eAKAYA MEYDAN OKU!&#8221;KAR\u015eILA\u015eMASI YAPARAK K\u0130M\u0130NDAHA E\u011eLENCEL\u0130OLDU\u011eUNA KARAR<span class=\"excerpt-hellip\"> [\u2026]<\/span><\/p>\n","protected":false},"featured_media":0,"template":"","meta":{"_monsterinsights_skip_tracking":false,"_monsterinsights_sitenote_active":false,"_monsterinsights_sitenote_note":"","_monsterinsights_sitenote_category":0},"product_brand":[],"product_cat":[12689,12274],"product_tag":[],"class_list":{"0":"post-768264","1":"product","2":"type-product","3":"status-publish","5":"product_cat-cizgi-roman-cocuk-ve-genclik-kitaplari","6":"product_cat-cocuk-ve-genclik-kitaplari","7":"pa_cilt-ciltsiz","8":"pa_tur-kitap","9":"pa_yayinevi-epsilon-yayinlari","10":"pa_yazar-pera-toons","12":"first","13":"instock","14":"sale","15":"shipping-taxable","16":"purchasable","17":"product-type-simple"},"_links":{"self":[{"href":"https:\/\/roveyayinevi.com.tr\/index.php\/wp-json\/wp\/v2\/product\/768264","targetHints":{"allow":["GET"]}}],"collection":[{"href":"https:\/\/roveyayinevi.com.tr\/index.php\/wp-json\/wp\/v2\/product"}],"about":[{"href":"https:\/\/roveyayinevi.com.tr\/index.php\/wp-json\/wp\/v2\/types\/product"}],"wp:attachment":[{"href":"https:\/\/roveyayinevi.com.tr\/index.php\/wp-json\/wp\/v2\/media?parent=768264"}],"wp:term":[{"taxonomy":"product_brand","embeddable":true,"href":"https:\/\/roveyayinevi.com.tr\/index.php\/wp-json\/wp\/v2\/product_brand?post=768264"},{"taxonomy":"product_cat","embeddable":true,"href":"https:\/\/roveyayinevi.com.tr\/index.php\/wp-json\/wp\/v2\/product_cat?post=768264"},{"taxonomy":"product_tag","embeddable":true,"href":"https:\/\/roveyayinevi.com.tr\/index.php\/wp-json\/wp\/v2\/product_tag?post=768264"}],"curies":[{"name":"wp","href":"https:\/\/api.w.org\/{rel}","templated":true}]}}