{"id":768263,"date":"2025-08-28T13:14:46","date_gmt":"2025-08-28T10:14:46","guid":{"rendered":"https:\/\/roveyayinevi.com.tr\/index.php\/urun\/babam-asik-olunca\/"},"modified":"2026-04-15T03:34:04","modified_gmt":"2026-04-15T00:34:04","slug":"babam-asik-olunca","status":"publish","type":"product","link":"https:\/\/roveyayinevi.com.tr\/index.php\/urun\/babam-asik-olunca\/","title":{"rendered":"Babam A\u015f\u0131k Olunca"},"content":{"rendered":"<p>D\u00fcnyan\u0131n en s\u0131radan insan\u0131. Hayal kuracak vakti olmam\u0131\u015f hi\u00e7 Zaten hayal kurmay\u0131 bilmiyor ki, \u00f6\u011frenmemi\u015f! \u00d6n\u00fcne gelene \u201ck\u0131smet\u201d diyerek boynunu b\u00fckm\u00fc\u015f. Bildi\u011fi tek \u015fey s\u00fcrekli ama s\u00fcrekli \u00e7al\u0131\u015fmakm\u0131\u015f. Ba\u015fka t\u00fcrl\u00fc karn\u0131n\u0131 nas\u0131l doyuracakt\u0131? Mesle\u011fi de yoktu ki. Limon satarak ba\u015flam\u0131\u015f i\u015fe. Zaman \u00e7abuk ge\u00e7mi\u015f. Onun tan\u0131mad\u0131\u011f\u0131 duymad\u0131\u011f\u0131 birileri, \u201cAnkara\u2019da halktan biri, s\u0131radan bir y\u00fcz olsun\u201d demi\u015fler. Hayat\u0131nda ilk kez bir se\u00e7imde oy kullanm\u0131\u015f, o se\u00e7imle de Meclis\u2019e \u0131\u015f\u0131nlanm\u0131\u015f\u2026 \u201cVekilsin art\u0131k!\u201d dediklerinde, \u201cKimin vekiliyim a\u011fa?\u201d demi\u015f. Hi\u00e7 bilmedi\u011fi bir i\u015f! \u201cBilmen gerekmiyor\u201d demi\u015fler, rahatlam\u0131\u015f. Ama bu yetmezmi\u015f gibi bir de \u00e2\u015f\u0131k olmu\u015f! Hayat\u0131nda ilk kez ya\u015fad\u0131\u011f\u0131 bir duyguymu\u015f, ona \u00e7ok yabanc\u0131ym\u0131\u015f, kap\u0131lm\u0131\u015f. Ama ne b\u00fcy\u00fck a\u015fk! \u00c7olu\u011fum \u00e7ocu\u011fum var dememi\u015f, var\u0131n\u0131 yo\u011funu satm\u0131\u015f. Elini bile dokunmad\u0131\u011f\u0131 bir kad\u0131n y\u00fcz\u00fcnden d\u00fcnyaya rezil olmu\u015f. Sadece kendisini de rezil etmemi\u015f, vekili oldu\u011fu \u00fclkesini de rezil etmi\u015f.  <\/p>\n","protected":false},"excerpt":{"rendered":"<p>D\u00fcnyan\u0131n en s\u0131radan insan\u0131. Hayal kuracak vakti olmam\u0131\u015f hi\u00e7 Zaten hayal kurmay\u0131 bilmiyor ki, \u00f6\u011frenmemi\u015f! \u00d6n\u00fcne gelene \u201ck\u0131smet\u201d diyerek boynunu b\u00fckm\u00fc\u015f. Bildi\u011fi tek \u015fey s\u00fcrekli ama<span class=\"excerpt-hellip\"> [\u2026]<\/span><\/p>\n","protected":false},"featured_media":0,"template":"","meta":{"_monsterinsights_skip_tracking":false,"_monsterinsights_sitenote_active":false,"_monsterinsights_sitenote_note":"","_monsterinsights_sitenote_category":0},"product_brand":[],"product_cat":[12291,12711],"product_tag":[],"class_list":{"0":"post-768263","1":"product","2":"type-product","3":"status-publish","5":"product_cat-edebiyat","6":"product_cat-roman-oyku","7":"pa_cilt-ciltsiz","8":"pa_tur-kitap","9":"pa_yayinevi-cumhuriyet-kitaplari","10":"pa_yazar-dursaliye-sahan","12":"first","13":"instock","14":"sale","15":"shipping-taxable","16":"purchasable","17":"product-type-simple"},"_links":{"self":[{"href":"https:\/\/roveyayinevi.com.tr\/index.php\/wp-json\/wp\/v2\/product\/768263","targetHints":{"allow":["GET"]}}],"collection":[{"href":"https:\/\/roveyayinevi.com.tr\/index.php\/wp-json\/wp\/v2\/product"}],"about":[{"href":"https:\/\/roveyayinevi.com.tr\/index.php\/wp-json\/wp\/v2\/types\/product"}],"wp:attachment":[{"href":"https:\/\/roveyayinevi.com.tr\/index.php\/wp-json\/wp\/v2\/media?parent=768263"}],"wp:term":[{"taxonomy":"product_brand","embeddable":true,"href":"https:\/\/roveyayinevi.com.tr\/index.php\/wp-json\/wp\/v2\/product_brand?post=768263"},{"taxonomy":"product_cat","embeddable":true,"href":"https:\/\/roveyayinevi.com.tr\/index.php\/wp-json\/wp\/v2\/product_cat?post=768263"},{"taxonomy":"product_tag","embeddable":true,"href":"https:\/\/roveyayinevi.com.tr\/index.php\/wp-json\/wp\/v2\/product_tag?post=768263"}],"curies":[{"name":"wp","href":"https:\/\/api.w.org\/{rel}","templated":true}]}}