{"id":768258,"date":"2025-08-28T13:14:37","date_gmt":"2025-08-28T10:14:37","guid":{"rendered":"https:\/\/roveyayinevi.com.tr\/index.php\/urun\/nasil-yapilmali\/"},"modified":"2026-04-15T03:34:04","modified_gmt":"2026-04-15T00:34:04","slug":"nasil-yapilmali","status":"publish","type":"product","link":"https:\/\/roveyayinevi.com.tr\/index.php\/urun\/nasil-yapilmali\/","title":{"rendered":"Nas\u0131l Yap\u0131lmal\u0131?"},"content":{"rendered":"<p>\u201cEbedi bar\u0131\u015f, silahs\u0131zlanma, insanl\u0131\u011f\u0131n bar\u0131\u015fmas\u0131\u201d s\u00f6zleri, bir mavald\u0131r\u2026 1945-1990 y\u0131llar\u0131 aras\u0131nda ge\u00e7en 2340 hafta i\u00e7inde d\u00fcnya (\u00e7a\u011fda\u015f d\u00fcnya!) sadece \u00fc\u00e7 hafta sava\u015fs\u0131z ya\u015fam\u0131\u015ft\u0131r. Sava\u015f vebas\u0131n\u0131n \u00f6nlenebilece\u011fi bir y\u00fczy\u0131l olacak m\u0131? Hay\u0131r! B\u00fct\u00fcn sava\u015flara son veren bir sava\u015f da olmayacakt\u0131r\u2026 \u201cNas\u0131l Yap\u0131lmal\u0131?\u201d kara sava\u015flar\u0131 y\u00f6netim el kitab\u0131d\u0131r. <\/p>\n","protected":false},"excerpt":{"rendered":"<p>\u201cEbedi bar\u0131\u015f, silahs\u0131zlanma, insanl\u0131\u011f\u0131n bar\u0131\u015fmas\u0131\u201d s\u00f6zleri, bir mavald\u0131r\u2026 1945-1990 y\u0131llar\u0131 aras\u0131nda ge\u00e7en 2340 hafta i\u00e7inde d\u00fcnya (\u00e7a\u011fda\u015f d\u00fcnya!) sadece \u00fc\u00e7 hafta sava\u015fs\u0131z ya\u015fam\u0131\u015ft\u0131r. Sava\u015f vebas\u0131n\u0131n \u00f6nlenebilece\u011fi<span class=\"excerpt-hellip\"> [\u2026]<\/span><\/p>\n","protected":false},"featured_media":0,"template":"","meta":{"_monsterinsights_skip_tracking":false,"_monsterinsights_sitenote_active":false,"_monsterinsights_sitenote_note":"","_monsterinsights_sitenote_category":0},"product_brand":[],"product_cat":[12370,12304],"product_tag":[],"class_list":{"0":"post-768258","1":"product","2":"type-product","3":"status-publish","5":"product_cat-arastirma-inceleme","6":"product_cat-tarih","7":"pa_cilt-ciltsiz","8":"pa_tur-kitap","9":"pa_yayinevi-inkilap-kitabevi","10":"pa_yazar-osman-pamukoglu","12":"first","13":"instock","14":"sale","15":"shipping-taxable","16":"purchasable","17":"product-type-simple"},"_links":{"self":[{"href":"https:\/\/roveyayinevi.com.tr\/index.php\/wp-json\/wp\/v2\/product\/768258","targetHints":{"allow":["GET"]}}],"collection":[{"href":"https:\/\/roveyayinevi.com.tr\/index.php\/wp-json\/wp\/v2\/product"}],"about":[{"href":"https:\/\/roveyayinevi.com.tr\/index.php\/wp-json\/wp\/v2\/types\/product"}],"wp:attachment":[{"href":"https:\/\/roveyayinevi.com.tr\/index.php\/wp-json\/wp\/v2\/media?parent=768258"}],"wp:term":[{"taxonomy":"product_brand","embeddable":true,"href":"https:\/\/roveyayinevi.com.tr\/index.php\/wp-json\/wp\/v2\/product_brand?post=768258"},{"taxonomy":"product_cat","embeddable":true,"href":"https:\/\/roveyayinevi.com.tr\/index.php\/wp-json\/wp\/v2\/product_cat?post=768258"},{"taxonomy":"product_tag","embeddable":true,"href":"https:\/\/roveyayinevi.com.tr\/index.php\/wp-json\/wp\/v2\/product_tag?post=768258"}],"curies":[{"name":"wp","href":"https:\/\/api.w.org\/{rel}","templated":true}]}}