{"id":768256,"date":"2025-08-28T13:14:32","date_gmt":"2025-08-28T10:14:32","guid":{"rendered":"https:\/\/roveyayinevi.com.tr\/index.php\/urun\/dunya-ne-zaman-yuvarlak-oldu\/"},"modified":"2026-04-15T03:34:04","modified_gmt":"2026-04-15T00:34:04","slug":"dunya-ne-zaman-yuvarlak-oldu","status":"publish","type":"product","link":"https:\/\/roveyayinevi.com.tr\/index.php\/urun\/dunya-ne-zaman-yuvarlak-oldu\/","title":{"rendered":"D\u00fcnya Ne Zaman Yuvarlak Oldu?"},"content":{"rendered":"<p>Gezegenimiz \u00c7evresinde neler olup bitti\u011fini merak ediyor musunuz? Ay, G\u00fcne\u015f ve y\u0131ld\u0131zlar neler  yap\u0131yor olabilir? Tarihe ad\u0131n\u0131 yazd\u0131rm\u0131\u015f denizciler hangi bilgiye ula\u015fmak i\u00e7in \u00e7abalad\u0131lar?      \u00d6\u011fretmen Yazar Nagihan YILMAZ\u2019 \u0131n kaleminden \u00e7\u0131kan \u201cG\u00fczel Gezegenimiz D\u00fcnya Ne Zaman Yuvarlak Oldu?\u201d eseri t\u00fcm sorular\u0131n\u0131z\u0131n cevaplar\u0131n\u0131 sunuyor, bizlere ise sadece okumak d\u00fc\u015f\u00fcyor.   <\/p>\n","protected":false},"excerpt":{"rendered":"<p>Gezegenimiz \u00c7evresinde neler olup bitti\u011fini merak ediyor musunuz? Ay, G\u00fcne\u015f ve y\u0131ld\u0131zlar neler yap\u0131yor olabilir? Tarihe ad\u0131n\u0131 yazd\u0131rm\u0131\u015f denizciler hangi bilgiye ula\u015fmak i\u00e7in \u00e7abalad\u0131lar? \u00d6\u011fretmen Yazar<span class=\"excerpt-hellip\"> [\u2026]<\/span><\/p>\n","protected":false},"featured_media":0,"template":"","meta":{"_monsterinsights_skip_tracking":false,"_monsterinsights_sitenote_active":false,"_monsterinsights_sitenote_note":"","_monsterinsights_sitenote_category":0},"product_brand":[],"product_cat":[12274,12284],"product_tag":[],"class_list":{"0":"post-768256","1":"product","2":"type-product","3":"status-publish","5":"product_cat-cocuk-ve-genclik-kitaplari","6":"product_cat-hikayeler","7":"pa_cilt-ciltsiz","8":"pa_tur-kitap","9":"pa_yayinevi-kirmizi-ada-yayinlari","10":"pa_yazar-nagihan-yilmaz","12":"first","13":"instock","14":"sale","15":"shipping-taxable","16":"purchasable","17":"product-type-simple"},"_links":{"self":[{"href":"https:\/\/roveyayinevi.com.tr\/index.php\/wp-json\/wp\/v2\/product\/768256","targetHints":{"allow":["GET"]}}],"collection":[{"href":"https:\/\/roveyayinevi.com.tr\/index.php\/wp-json\/wp\/v2\/product"}],"about":[{"href":"https:\/\/roveyayinevi.com.tr\/index.php\/wp-json\/wp\/v2\/types\/product"}],"wp:attachment":[{"href":"https:\/\/roveyayinevi.com.tr\/index.php\/wp-json\/wp\/v2\/media?parent=768256"}],"wp:term":[{"taxonomy":"product_brand","embeddable":true,"href":"https:\/\/roveyayinevi.com.tr\/index.php\/wp-json\/wp\/v2\/product_brand?post=768256"},{"taxonomy":"product_cat","embeddable":true,"href":"https:\/\/roveyayinevi.com.tr\/index.php\/wp-json\/wp\/v2\/product_cat?post=768256"},{"taxonomy":"product_tag","embeddable":true,"href":"https:\/\/roveyayinevi.com.tr\/index.php\/wp-json\/wp\/v2\/product_tag?post=768256"}],"curies":[{"name":"wp","href":"https:\/\/api.w.org\/{rel}","templated":true}]}}