{"id":768253,"date":"2025-08-28T13:14:26","date_gmt":"2025-08-28T10:14:26","guid":{"rendered":"https:\/\/roveyayinevi.com.tr\/index.php\/urun\/hukumran-2-ates-kiragi\/"},"modified":"2026-04-15T03:34:04","modified_gmt":"2026-04-15T00:34:04","slug":"hukumran-2-ates-kiragi","status":"publish","type":"product","link":"https:\/\/roveyayinevi.com.tr\/index.php\/urun\/hukumran-2-ates-kiragi\/","title":{"rendered":"H\u00fck\u00fcmran 2 \u2013 Ate\u015f K\u0131ra\u011f\u0131"},"content":{"rendered":"<p>Ya\u015f\u0131n on yedi\u2026 Ama hayat  sana k\u00fc\u00e7\u00fcks\u00fcn diye ac\u0131maz ki.   D\u00fc\u015fman\u0131m dedi\u011fi adamla ayn\u0131 masaya oturdu\u011fu g\u00fcnden sonra Berz\u00e2h; ya\u015fayaca\u011f\u0131 tek ikilemin, ge\u00e7mi\u015fte kalm\u0131\u015f ger\u00e7e\u011fin pe\u015fine d\u00fc\u015fmekle ka\u00e7\u0131p gitmek aras\u0131nda olaca\u011f\u0131n\u0131 san\u0131rken bamba\u015fka bir kapana k\u0131s\u0131l\u0131r. Bir zamanlar bileklerini saran o kelep\u00e7e \u015fimdilerde kalbine tak\u0131lm\u0131\u015ft\u0131r. Nereye baksa g\u00f6rd\u00fc\u011f\u00fc simsiyah g\u00f6zler onu avu\u00e7lar\u0131na alm\u0131\u015f ve ka\u00e7acak bir yer b\u0131rakmam\u0131\u015ft\u0131r. Berz\u00e2h\u2019\u0131n esas kimli\u011fini ailesinden ve d\u00fc\u015fmanlar\u0131ndan saklamaya \u00e7al\u0131\u015fan Aybars, ayn\u0131 anda birden fazla cephede sava\u015f\u0131rken yorgun d\u00fc\u015fer fakat onu as\u0131l t\u00fcketen; g\u00fcn\u00fcn sonunda kollar\u0131nda uyuyan, g\u00fczel y\u00fczl\u00fc yabanc\u0131d\u0131r. Davetsiz bir misafir gibi kap\u0131ya dayanan a\u015fk, kuvvetli bir kas\u0131rga olup esmeye ba\u015flar hayat\u0131nda. Gece olup karanl\u0131k \u00e7\u00f6kt\u00fc\u011f\u00fcnde bir yang\u0131n harlan\u0131r g\u00f6\u011fs\u00fcnde. \u00c7\u00fcnk\u00fc kalp rotas\u0131ndan \u00e7\u0131km\u0131\u015f, ak\u0131l yolunu \u015fa\u015f\u0131rm\u0131\u015ft\u0131r. Baz\u0131 kararlar al\u0131nmal\u0131, baz\u0131 se\u00e7imler yap\u0131lmal\u0131d\u0131r ama nafile\u2026 Her k\u0131yamet, kopacakt\u0131r zaman\u0131 geldi\u011finde.     \u201dBelki\u2026\u201d dedi ac\u0131n\u0131n d\u00fc\u015ft\u00fc\u011f\u00fc sesiyle. \u201cBir filmin ayn\u0131 sahnesinde  akm\u0131\u015ft\u0131r g\u00f6zya\u015flar\u0131m\u0131z. S\u00f6ylesene\u2026 Hi\u00e7 mi yok seninle  ayn\u0131 ac\u0131ya yanm\u0131\u015fl\u0131\u011f\u0131m\u0131z?\u201d <\/p>\n","protected":false},"excerpt":{"rendered":"<p>Ya\u015f\u0131n on yedi\u2026 Ama hayat sana k\u00fc\u00e7\u00fcks\u00fcn diye ac\u0131maz ki. D\u00fc\u015fman\u0131m dedi\u011fi adamla ayn\u0131 masaya oturdu\u011fu g\u00fcnden sonra Berz\u00e2h; ya\u015fayaca\u011f\u0131 tek ikilemin, ge\u00e7mi\u015fte kalm\u0131\u015f ger\u00e7e\u011fin pe\u015fine<span class=\"excerpt-hellip\"> [\u2026]<\/span><\/p>\n","protected":false},"featured_media":0,"template":"","meta":{"_monsterinsights_skip_tracking":false,"_monsterinsights_sitenote_active":false,"_monsterinsights_sitenote_note":"","_monsterinsights_sitenote_category":0},"product_brand":[],"product_cat":[12291,12711],"product_tag":[],"class_list":{"0":"post-768253","1":"product","2":"type-product","3":"status-publish","5":"product_cat-edebiyat","6":"product_cat-roman-oyku","7":"pa_cilt-ciltsiz","8":"pa_tur-kitap","9":"pa_yayinevi-indigo-kitap","10":"pa_yazar-sumeyye-koc","12":"first","13":"instock","14":"sale","15":"shipping-taxable","16":"purchasable","17":"product-type-simple"},"_links":{"self":[{"href":"https:\/\/roveyayinevi.com.tr\/index.php\/wp-json\/wp\/v2\/product\/768253","targetHints":{"allow":["GET"]}}],"collection":[{"href":"https:\/\/roveyayinevi.com.tr\/index.php\/wp-json\/wp\/v2\/product"}],"about":[{"href":"https:\/\/roveyayinevi.com.tr\/index.php\/wp-json\/wp\/v2\/types\/product"}],"wp:attachment":[{"href":"https:\/\/roveyayinevi.com.tr\/index.php\/wp-json\/wp\/v2\/media?parent=768253"}],"wp:term":[{"taxonomy":"product_brand","embeddable":true,"href":"https:\/\/roveyayinevi.com.tr\/index.php\/wp-json\/wp\/v2\/product_brand?post=768253"},{"taxonomy":"product_cat","embeddable":true,"href":"https:\/\/roveyayinevi.com.tr\/index.php\/wp-json\/wp\/v2\/product_cat?post=768253"},{"taxonomy":"product_tag","embeddable":true,"href":"https:\/\/roveyayinevi.com.tr\/index.php\/wp-json\/wp\/v2\/product_tag?post=768253"}],"curies":[{"name":"wp","href":"https:\/\/api.w.org\/{rel}","templated":true}]}}