{"id":768250,"date":"2025-08-28T13:14:20","date_gmt":"2025-08-28T10:14:20","guid":{"rendered":"https:\/\/roveyayinevi.com.tr\/index.php\/urun\/teolog-elestirmen-din-bilimcisi-william-robertson-smith\/"},"modified":"2026-04-15T03:34:04","modified_gmt":"2026-04-15T00:34:04","slug":"teolog-elestirmen-din-bilimcisi-william-robertson-smith","status":"publish","type":"product","link":"https:\/\/roveyayinevi.com.tr\/index.php\/urun\/teolog-elestirmen-din-bilimcisi-william-robertson-smith\/","title":{"rendered":"Teolog, Ele\u015ftirmen, Din Bilimcisi William Robertson Smith"},"content":{"rendered":"<p>\u0130sko\u00e7yal\u0131 din teolo\u011fu, etnolo\u011fu ve Eski Ahit ele\u015ftirmeni William Robertson Smith (\u00f6. 1894), b\u00fcy\u00fcleyici hayat efsanesi ve muhalif \u015f\u00f6hreti ile Kutsal Kitap ve Semitik edebiyat alan\u0131nda ger\u00e7ek bir yenilik\u00e7i unvan\u0131 kazanm\u0131\u015ft\u0131r. Ancak onu as\u0131l \u00fcnl\u00fc k\u0131lan \u015fey din bilimcisi kimli\u011fidir. Smith, sahip oldu\u011fu mukayeseli teo-sosyo-k\u00fclt\u00fcrel yakla\u015f\u0131m\u0131 vas\u0131tas\u0131yla ayn\u0131 zamanda filolojiye dayal\u0131 olan Max M\u00fcller ve ilkel k\u00fclt\u00fcrlerin sa\u011fduyu psikolojisinde temellenen teorileri ile tan\u0131nan Tylor\u2019dan tamamen farkl\u0131 \u00fcst\u00fcnl\u00fckler ta\u015f\u0131maktad\u0131r. Mesela Smith\u2019in kadim ve geli\u015fmi\u015f Semitik k\u00fclt\u00fcrlere ait yol g\u00f6sterici ilkeleri, egemen ve bask\u0131n \u0130ngiliz k\u00fclt\u00fcrel antropolojisinin \u00f6nceden sorgulanmayan bir\u00e7ok varsay\u0131m\u0131n\u0131n yeniden de\u011ferlendirilmesini sa\u011flam\u0131\u015ft\u0131r. Sadece bu son teorik katk\u0131lar\u0131 bile Smith\u2019i, tek ba\u015f\u0131na din bilimleri i\u00e7in h\u00e2l\u00e2 yeterli ve e\u015fsiz bir teolog k\u0131lmaktad\u0131r. Y\u00fczeysel mukayeseler yapan di\u011fer \u201cmasa ba\u015f\u0131\u201d din antropologlar\u0131n\u0131n aksine Hicaz\u2019da mahalli Arap k\u0131yafetleriyle k\u00fclt\u00fcrel zeminleri kar\u0131\u015f kar\u0131\u015f dola\u015farak akademik ara\u015ft\u0131rmalar\u0131 i\u00e7in ciddi veriler toplayan Smith\u2019e g\u00f6re \u201cTanr\u0131\u2019n\u0131n ait oldu\u011fu zemin ile ona inananlar\u0131n ya\u015fad\u0131\u011f\u0131 topraklar; k\u00fclt\u00fcrel, filolojik ve teolojik a\u00e7\u0131dan birbirleriyle \u00f6rt\u00fc\u015fmektedir.\u201d <\/p>\n","protected":false},"excerpt":{"rendered":"<p>\u0130sko\u00e7yal\u0131 din teolo\u011fu, etnolo\u011fu ve Eski Ahit ele\u015ftirmeni William Robertson Smith (\u00f6. 1894), b\u00fcy\u00fcleyici hayat efsanesi ve muhalif \u015f\u00f6hreti ile Kutsal Kitap ve Semitik edebiyat alan\u0131nda<span class=\"excerpt-hellip\"> [\u2026]<\/span><\/p>\n","protected":false},"featured_media":0,"template":"","meta":{"_monsterinsights_skip_tracking":false,"_monsterinsights_sitenote_active":false,"_monsterinsights_sitenote_note":"","_monsterinsights_sitenote_category":0},"product_brand":[],"product_cat":[13036,12718,12719],"product_tag":[],"class_list":{"0":"post-768250","1":"product","2":"type-product","3":"status-publish","5":"product_cat-arastirma-inceleme-islam","6":"product_cat-din","7":"product_cat-islam","8":"pa_cilt-ciltsiz","9":"pa_tur-kitap","10":"pa_yayinevi-astana-yayinlari","11":"pa_yazar-dr-hamza-uzum","13":"first","14":"instock","15":"sale","16":"shipping-taxable","17":"purchasable","18":"product-type-simple"},"_links":{"self":[{"href":"https:\/\/roveyayinevi.com.tr\/index.php\/wp-json\/wp\/v2\/product\/768250","targetHints":{"allow":["GET"]}}],"collection":[{"href":"https:\/\/roveyayinevi.com.tr\/index.php\/wp-json\/wp\/v2\/product"}],"about":[{"href":"https:\/\/roveyayinevi.com.tr\/index.php\/wp-json\/wp\/v2\/types\/product"}],"wp:attachment":[{"href":"https:\/\/roveyayinevi.com.tr\/index.php\/wp-json\/wp\/v2\/media?parent=768250"}],"wp:term":[{"taxonomy":"product_brand","embeddable":true,"href":"https:\/\/roveyayinevi.com.tr\/index.php\/wp-json\/wp\/v2\/product_brand?post=768250"},{"taxonomy":"product_cat","embeddable":true,"href":"https:\/\/roveyayinevi.com.tr\/index.php\/wp-json\/wp\/v2\/product_cat?post=768250"},{"taxonomy":"product_tag","embeddable":true,"href":"https:\/\/roveyayinevi.com.tr\/index.php\/wp-json\/wp\/v2\/product_tag?post=768250"}],"curies":[{"name":"wp","href":"https:\/\/api.w.org\/{rel}","templated":true}]}}