{"id":768248,"date":"2025-08-28T13:14:17","date_gmt":"2025-08-28T10:14:17","guid":{"rendered":"https:\/\/roveyayinevi.com.tr\/index.php\/urun\/kurumsal-sorumluluk\/"},"modified":"2026-04-15T03:34:04","modified_gmt":"2026-04-15T00:34:04","slug":"kurumsal-sorumluluk","status":"publish","type":"product","link":"https:\/\/roveyayinevi.com.tr\/index.php\/urun\/kurumsal-sorumluluk\/","title":{"rendered":"Kurumsal Sorumluluk"},"content":{"rendered":"<p>\u015eirketlerde sosyal sorumluluk ve T\u00fcrkiye prati\u011fi&#8230; \u015eirketlerin tek sorumluluklar\u0131 k\u00e2r etmek midir? A\u00e7g\u00f6zl\u00fcl\u00fck ve a\u015f\u0131r\u0131 rekabet\u00e7ilik gibi davran\u0131\u015flar\u0131 bireysel ya\u015fant\u0131m\u0131zda ay\u0131plarken nas\u0131l oluyor da kurumsal ya\u015fant\u0131m\u0131zda benimsiyoruz? \u0130\u015f d\u00fcnyas\u0131 s\u00fcrd\u00fcr\u00fclebilir kalk\u0131nma i\u00e7in bir sorun kayna\u011f\u0131 m\u0131 yoksa \u00e7\u00f6z\u00fcm orta\u011f\u0131 m\u0131d\u0131r? Kurumsal (sosyal) sorumluluk, toplumun i\u015f d\u00fcnyas\u0131na y\u00f6nelik beklentilerini ifade eden olduk\u00e7a geni\u015f kapsaml\u0131 bir kavramd\u0131r. Bir \u015firketin \u00fcstlenmesi gereken ekonomik, toplumsal ve \u00e7evresel sorumluluklar\u0131 ele al\u0131r. Bu kitapta, kurumsal sorumluluk kavram\u0131 tarihsel, akademik ve uygulamaya d\u00f6n\u00fck t\u00fcm boyutlar\u0131yla yer almaktad\u0131r. Yaln\u0131zca kurumsal sorumluluk uygulamalar\u0131 de\u011fil, ayn\u0131 zamanda i\u015f d\u00fcnyas\u0131 ve toplum ili\u015fkisi tarihsel ve kuramsal (teorik) bir yakla\u015f\u0131mla de\u011ferlendirilmektedir. \u0130\u015f d\u00fcnyas\u0131 ve toplum aras\u0131ndaki etkile\u015fim ka\u00e7\u0131n\u0131lmaz olarak k\u00fclt\u00fcrel de\u011ferlerle de ili\u015fkili oldu\u011fu i\u00e7in k\u00fclt\u00fcrel farkl\u0131l\u0131klar\u0131n kurumsal sorumluluk \u00fczerindeki etkisi \u00f6nemlidir. Bu nedenle kitap, kurumsal sorumluluk konusunda T\u00fcrkiye\u2019de kaydedilen yap\u0131sal geli\u015fmeleri de incelemekte ve T\u00fcrkiye\u2019nin kurumsal sorumlulukla ilgili tarihsel-k\u00fclt\u00fcrel \u00f6zelliklerini ele almaktad\u0131r. B\u00f6ylece kurumsal sorumluluk kavram\u0131 hakk\u0131nda yap\u0131lan yay\u0131nlar aras\u0131nda T\u00fcrkiye prati\u011fine odakl\u0131 olmas\u0131yla da \u00f6ne \u00e7\u0131kmaktad\u0131r. <\/p>\n","protected":false},"excerpt":{"rendered":"<p>\u015eirketlerde sosyal sorumluluk ve T\u00fcrkiye prati\u011fi&#8230; \u015eirketlerin tek sorumluluklar\u0131 k\u00e2r etmek midir? A\u00e7g\u00f6zl\u00fcl\u00fck ve a\u015f\u0131r\u0131 rekabet\u00e7ilik gibi davran\u0131\u015flar\u0131 bireysel ya\u015fant\u0131m\u0131zda ay\u0131plarken nas\u0131l oluyor da kurumsal ya\u015fant\u0131m\u0131zda<span class=\"excerpt-hellip\"> [\u2026]<\/span><\/p>\n","protected":false},"featured_media":0,"template":"","meta":{"_monsterinsights_skip_tracking":false,"_monsterinsights_sitenote_active":false,"_monsterinsights_sitenote_note":"","_monsterinsights_sitenote_category":0},"product_brand":[],"product_cat":[13043,17647],"product_tag":[],"class_list":{"0":"post-768248","1":"product","2":"type-product","3":"status-publish","5":"product_cat-ekonomi","6":"product_cat-is-dunyasi","7":"pa_cilt-ciltsiz","8":"pa_tur-kitap","9":"pa_yayinevi-remzi-kitabevi","10":"pa_yazar-berkay-orhaner","12":"first","13":"instock","14":"sale","15":"shipping-taxable","16":"purchasable","17":"product-type-simple"},"_links":{"self":[{"href":"https:\/\/roveyayinevi.com.tr\/index.php\/wp-json\/wp\/v2\/product\/768248","targetHints":{"allow":["GET"]}}],"collection":[{"href":"https:\/\/roveyayinevi.com.tr\/index.php\/wp-json\/wp\/v2\/product"}],"about":[{"href":"https:\/\/roveyayinevi.com.tr\/index.php\/wp-json\/wp\/v2\/types\/product"}],"wp:attachment":[{"href":"https:\/\/roveyayinevi.com.tr\/index.php\/wp-json\/wp\/v2\/media?parent=768248"}],"wp:term":[{"taxonomy":"product_brand","embeddable":true,"href":"https:\/\/roveyayinevi.com.tr\/index.php\/wp-json\/wp\/v2\/product_brand?post=768248"},{"taxonomy":"product_cat","embeddable":true,"href":"https:\/\/roveyayinevi.com.tr\/index.php\/wp-json\/wp\/v2\/product_cat?post=768248"},{"taxonomy":"product_tag","embeddable":true,"href":"https:\/\/roveyayinevi.com.tr\/index.php\/wp-json\/wp\/v2\/product_tag?post=768248"}],"curies":[{"name":"wp","href":"https:\/\/api.w.org\/{rel}","templated":true}]}}