{"id":768245,"date":"2025-08-28T13:14:13","date_gmt":"2025-08-28T10:14:13","guid":{"rendered":"https:\/\/roveyayinevi.com.tr\/index.php\/urun\/kuresel-rapor\/"},"modified":"2026-04-15T03:34:04","modified_gmt":"2026-04-15T00:34:04","slug":"kuresel-rapor","status":"publish","type":"product","link":"https:\/\/roveyayinevi.com.tr\/index.php\/urun\/kuresel-rapor\/","title":{"rendered":"K\u00fcresel Rapor"},"content":{"rendered":"<p>Bu kitapta, bir\u00e7ok kritik k\u00fcresel mesele, akt\u00f6rler, s\u00fcre\u00e7ler, kurumlar, kavramlar, stratejiler incelenmekte ve analiz edilmektedir. Alanlar\u0131nda uzman akademisyenler taraf\u0131ndan k\u00fcresel \u00f6neme sahip konulara Uluslararas\u0131 \u0130li\u015fkiler disiplini i\u00e7erisinden m\u00fcmk\u00fcn oldu\u011funca g\u00fcncel ve bilimsel bir bak\u0131\u015f a\u00e7\u0131s\u0131 geli\u015ftirilmeye \u00e7al\u0131\u015f\u0131lm\u0131\u015ft\u0131r. Kitapta, \u015fu konularda g\u00fcncel bilgilere ve derinlemesine analizlere ula\u015fmak m\u00fcmk\u00fcnd\u00fcr: -Amerikan Hegemonyas\u0131n\u0131n D\u00f6n\u00fc\u015f\u00fcm\u00fc, \u00c7in&#8217;in K\u00fcresel Y\u00fckseli\u015fi-NATO ve K\u00fcresel D\u00fczen-Avrupa Birli\u011fi&#8217;nin Stratejik G\u00fcndemi Kapsam\u0131nda K\u00fcresel Vizyonu-K\u00fcresel G\u00fcvenlik-\u00c7at\u0131\u015fmalar ve Analizleri-K\u00fcresel Ter\u00f6rizmle M\u00fccadele-Rusya-Ukrayna Sava\u015f\u0131-Fransa ve Almanya&#8217;n\u0131n B\u00f6lgesel, K\u00fcresel Stratejileri-Birle\u015fik Krall\u0131k&#8217;\u0131n B\u00f6lgesel, K\u00fcresel Stratejileri-Brezilya&#8217;n\u0131n K\u00fcresel, B\u00f6lgesel Politikalar\u0131-Venezuela G\u00f6\u00e7 Krizinin B\u00f6lgesel, K\u00fcresel Etkileri-K\u00fcresel M\u00fccadelede T\u00fcrkiye&#8217;nin Konumu <\/p>\n","protected":false},"excerpt":{"rendered":"<p>Bu kitapta, bir\u00e7ok kritik k\u00fcresel mesele, akt\u00f6rler, s\u00fcre\u00e7ler, kurumlar, kavramlar, stratejiler incelenmekte ve analiz edilmektedir. Alanlar\u0131nda uzman akademisyenler taraf\u0131ndan k\u00fcresel \u00f6neme sahip konulara Uluslararas\u0131 \u0130li\u015fkiler disiplini<span class=\"excerpt-hellip\"> [\u2026]<\/span><\/p>\n","protected":false},"featured_media":0,"template":"","meta":{"_monsterinsights_skip_tracking":false,"_monsterinsights_sitenote_active":false,"_monsterinsights_sitenote_note":"","_monsterinsights_sitenote_category":0},"product_brand":[],"product_cat":[12337,17225],"product_tag":[],"class_list":{"0":"post-768245","1":"product","2":"type-product","3":"status-publish","5":"product_cat-politika-siyaset","6":"product_cat-uluslararasi-iliskiler","7":"pa_cilt-ciltsiz","8":"pa_tur-kitap","9":"pa_yayinevi-orion-kitabevi","10":"pa_yazar-cengiz-dinc","12":"first","13":"instock","14":"sale","15":"shipping-taxable","16":"purchasable","17":"product-type-simple"},"_links":{"self":[{"href":"https:\/\/roveyayinevi.com.tr\/index.php\/wp-json\/wp\/v2\/product\/768245","targetHints":{"allow":["GET"]}}],"collection":[{"href":"https:\/\/roveyayinevi.com.tr\/index.php\/wp-json\/wp\/v2\/product"}],"about":[{"href":"https:\/\/roveyayinevi.com.tr\/index.php\/wp-json\/wp\/v2\/types\/product"}],"wp:attachment":[{"href":"https:\/\/roveyayinevi.com.tr\/index.php\/wp-json\/wp\/v2\/media?parent=768245"}],"wp:term":[{"taxonomy":"product_brand","embeddable":true,"href":"https:\/\/roveyayinevi.com.tr\/index.php\/wp-json\/wp\/v2\/product_brand?post=768245"},{"taxonomy":"product_cat","embeddable":true,"href":"https:\/\/roveyayinevi.com.tr\/index.php\/wp-json\/wp\/v2\/product_cat?post=768245"},{"taxonomy":"product_tag","embeddable":true,"href":"https:\/\/roveyayinevi.com.tr\/index.php\/wp-json\/wp\/v2\/product_tag?post=768245"}],"curies":[{"name":"wp","href":"https:\/\/api.w.org\/{rel}","templated":true}]}}