{"id":768244,"date":"2025-08-28T13:14:12","date_gmt":"2025-08-28T10:14:12","guid":{"rendered":"https:\/\/roveyayinevi.com.tr\/index.php\/urun\/iklim-degisikligi-ve-kentler\/"},"modified":"2026-04-15T03:34:04","modified_gmt":"2026-04-15T00:34:04","slug":"iklim-degisikligi-ve-kentler","status":"publish","type":"product","link":"https:\/\/roveyayinevi.com.tr\/index.php\/urun\/iklim-degisikligi-ve-kentler\/","title":{"rendered":"\u0130klim De\u011fi\u015fikli\u011fi ve Kentler"},"content":{"rendered":"<p>\u0130klim de\u011fi\u015fikli\u011fi g\u00fcn\u00fcm\u00fcz toplumunun en \u00f6nemli sorun alanlar\u0131ndan biridir. Bug\u00fcn d\u00fcnyada iklim de\u011fi\u015fikli\u011fini azaltmak ya da iklim de\u011fi\u015fikli\u011finin meydana getirdi\u011fi yeni ko\u015fullara uygun bir ya\u015fam bi\u00e7imi geli\u015ftirme a\u015famas\u0131na gelinmi\u015ftir. Toplumsal ve ekonomik hayat\u0131n ana merkezi haline gelen kent yerle\u015fimleri do\u011fal olarak iklimsel etkilerden b\u00fcy\u00fck zararlar g\u00f6rmekte ve kentleri \u00e7ok ciddi krizler beklemektedir. Mevcut ama \u00e7\u00f6z\u00fclemeyen sorunlara eklenen iklimsel sorunlar, var olan kentsel sorunlar\u0131 daha da kronikle\u015ftirmektedir. Bu nedenle kentlerin iklim de\u011fi\u015fikli\u011fi kar\u015f\u0131s\u0131ndaki tutumlar\u0131 \u00f6nemli hale gelmektedir.\u0130klimsel kaynakl\u0131 sorunlar\u0131n hafifletilmesi ve de\u011fi\u015fen iklim ko\u015fullar\u0131na uyumlu bir i\u015fleyi\u015fin sa\u011flanmas\u0131 kentsel a\u00e7\u0131dan gerekli hale gelmektedir. \u0130klim de\u011fi\u015fikli\u011finin neden oldu\u011fu\/olaca\u011f\u0131 ekonomik, sosyal ve ekolojik mali- yetler dikkate al\u0131nd\u0131\u011f\u0131nda uyum \u00e7abalar\u0131n\u0131n gereklili\u011fi ortaya \u00e7\u0131kmaktad\u0131r.Bu kitap, de\u011fi\u015fen iklim ko\u015fullar\u0131nda d\u00fcnyadan \u00f6rneklerle kentsel siste- min farkl\u0131 alanlar\u0131nda y\u00fcr\u00fct\u00fclen uyum faaliyetlerinin nas\u0131l ger\u00e7ekle\u015ftirildi\u011fini ortaya koymaya \u00e7al\u0131\u015fmaktad\u0131r. Konut, altyap\u0131, ula\u015f\u0131m, enerji, su, g\u0131da, kay\u0131td\u0131\u015f\u0131 yerle\u015fimler, yeniden yerle\u015fme, kent planlama, kent ekonomisi gibi alanlarda farkl\u0131 kent \u00f6rnekleri \u00fczerinden uyum konusunda y\u00fcr\u00fct\u00fclen \u00e7al\u0131\u015fmalar g\u00f6zler \u00f6n\u00fcne serilmektedir.<\/p>\n","protected":false},"excerpt":{"rendered":"<p>\u0130klim de\u011fi\u015fikli\u011fi g\u00fcn\u00fcm\u00fcz toplumunun en \u00f6nemli sorun alanlar\u0131ndan biridir. Bug\u00fcn d\u00fcnyada iklim de\u011fi\u015fikli\u011fini azaltmak ya da iklim de\u011fi\u015fikli\u011finin meydana getirdi\u011fi yeni ko\u015fullara uygun bir ya\u015fam bi\u00e7imi<span class=\"excerpt-hellip\"> [\u2026]<\/span><\/p>\n","protected":false},"featured_media":0,"template":"","meta":{"_monsterinsights_skip_tracking":false,"_monsterinsights_sitenote_active":false,"_monsterinsights_sitenote_note":"","_monsterinsights_sitenote_category":0},"product_brand":[],"product_cat":[23323,12364],"product_tag":[],"class_list":{"0":"post-768244","1":"product","2":"type-product","3":"status-publish","5":"product_cat-ekoloji","6":"product_cat-genel-konular","7":"pa_cilt-ciltsiz","8":"pa_tur-kitap","9":"pa_yayinevi-orion-kitabevi","10":"pa_yazar-gulizar-cakir-sumer","12":"first","13":"instock","14":"sale","15":"shipping-taxable","16":"purchasable","17":"product-type-simple"},"_links":{"self":[{"href":"https:\/\/roveyayinevi.com.tr\/index.php\/wp-json\/wp\/v2\/product\/768244","targetHints":{"allow":["GET"]}}],"collection":[{"href":"https:\/\/roveyayinevi.com.tr\/index.php\/wp-json\/wp\/v2\/product"}],"about":[{"href":"https:\/\/roveyayinevi.com.tr\/index.php\/wp-json\/wp\/v2\/types\/product"}],"wp:attachment":[{"href":"https:\/\/roveyayinevi.com.tr\/index.php\/wp-json\/wp\/v2\/media?parent=768244"}],"wp:term":[{"taxonomy":"product_brand","embeddable":true,"href":"https:\/\/roveyayinevi.com.tr\/index.php\/wp-json\/wp\/v2\/product_brand?post=768244"},{"taxonomy":"product_cat","embeddable":true,"href":"https:\/\/roveyayinevi.com.tr\/index.php\/wp-json\/wp\/v2\/product_cat?post=768244"},{"taxonomy":"product_tag","embeddable":true,"href":"https:\/\/roveyayinevi.com.tr\/index.php\/wp-json\/wp\/v2\/product_tag?post=768244"}],"curies":[{"name":"wp","href":"https:\/\/api.w.org\/{rel}","templated":true}]}}