{"id":768243,"date":"2025-08-28T13:14:11","date_gmt":"2025-08-28T10:14:11","guid":{"rendered":"https:\/\/roveyayinevi.com.tr\/index.php\/urun\/parla-2\/"},"modified":"2026-04-15T03:34:04","modified_gmt":"2026-04-15T00:34:04","slug":"parla-2","status":"publish","type":"product","link":"https:\/\/roveyayinevi.com.tr\/index.php\/urun\/parla-2\/","title":{"rendered":"Parla"},"content":{"rendered":"<p>I\u015f\u0131\u011f\u0131nla Hem Kendini Hem D\u00fcnyay\u0131 Ayd\u0131nlat Bir Kendini Ke\u015fif ve Yeniden \u0130n\u015fa Rehberi Bu kitap, s\u0131radan bir ki\u015fisel geli\u015fim kitab\u0131 de\u011fil. Kal\u0131plar\u0131n \u00f6tesinde, her bireyin kendi hik\u00e2yesinin kahraman\u0131 oldu\u011funu hat\u0131rlatan bir \u00e7a\u011fr\u0131. \u201cBen kimim?\u201d sorusuna cevap ararken, sizi s\u0131n\u0131rland\u0131ran eski d\u00fc\u015f\u00fcnce kal\u0131plar\u0131n\u0131 fark etmenizi, al\u0131\u015fkanl\u0131klar\u0131n\u0131z\u0131 yeniden \u015fekillendirmenizi ve i\u00e7sel \u0131\u015f\u0131\u011f\u0131n\u0131z\u0131 ortaya \u00e7\u0131karman\u0131z\u0131 sa\u011flayacak bir rehber. Hayat\u0131n\u0131z\u0131n kontrol\u00fcn\u00fc elinize alman\u0131n yaln\u0131zca m\u00fcmk\u00fcn de\u011fil, ayn\u0131 zamanda gerekli oldu\u011funu g\u00f6receksiniz. Kitap, size kendinizi daha derinlemesine tan\u0131man\u0131z i\u00e7in alan a\u00e7arken, zihin g\u00fcc\u00fcn\u00fcz\u00fc ve fark\u0131ndal\u0131\u011f\u0131n\u0131z\u0131 ke\u015ffetmenize yard\u0131mc\u0131 olacak. Al\u0131\u015fkanl\u0131klar\u0131n\u0131z\u0131 d\u00f6n\u00fc\u015ft\u00fcrmek i\u00e7in g\u00fc\u00e7l\u00fc y\u00f6ntemler sunacak ve bu de\u011fi\u015fimin, sadece g\u00fcnl\u00fck rutininizi de\u011fil, kimli\u011finizi de nas\u0131l \u015fekillendirdi\u011fini g\u00f6zler \u00f6n\u00fcne serecek. Eser, etkili ileti\u015fim ve empati becerileriyle toplumsal ba\u011flar\u0131n\u0131z\u0131 nas\u0131l g\u00fc\u00e7lendirebilece\u011finizi anlat\u0131rken, ayn\u0131 zamanda kendinizi ifade etme sanat\u0131n\u0131 \u00f6\u011fretecek. S\u00f6zlerin, beden dilinin ve duru\u015fun g\u00fcc\u00fcn\u00fc kullanarak, yaln\u0131zca ba\u015fkalar\u0131yla de\u011fil, kendi i\u00e7 d\u00fcnyan\u0131zla da g\u00fc\u00e7l\u00fc bir ba\u011f kurman\u0131z i\u00e7in bir yol g\u00f6sterecek. \u0130ster i\u00e7sel bir yolculuk aray\u0131\u015f\u0131nda olun, ister \u00e7evrenizle kurdu\u011funuz ili\u015fkileri daha anlaml\u0131 hale getirmek isteyin, bu kitap sizinle. Yol g\u00f6steren bir rehber gibi de\u011fil; kendi cevherinizi bulman\u0131z i\u00e7in sorular soran, ilham veren bir dost gibi. \u015eimdi, kendi yolculu\u011funuzda bu kitapla yola \u00e7\u0131kmaya haz\u0131r m\u0131s\u0131n\u0131z? <\/p>\n","protected":false},"excerpt":{"rendered":"<p>I\u015f\u0131\u011f\u0131nla Hem Kendini Hem D\u00fcnyay\u0131 Ayd\u0131nlat Bir Kendini Ke\u015fif ve Yeniden \u0130n\u015fa Rehberi Bu kitap, s\u0131radan bir ki\u015fisel geli\u015fim kitab\u0131 de\u011fil. Kal\u0131plar\u0131n \u00f6tesinde, her bireyin kendi<span class=\"excerpt-hellip\"> [\u2026]<\/span><\/p>\n","protected":false},"featured_media":0,"template":"","meta":{"_monsterinsights_skip_tracking":false,"_monsterinsights_sitenote_active":false,"_monsterinsights_sitenote_note":"","_monsterinsights_sitenote_category":0},"product_brand":[],"product_cat":[12364,12376],"product_tag":[],"class_list":{"0":"post-768243","1":"product","2":"type-product","3":"status-publish","5":"product_cat-genel-konular","6":"product_cat-kisisel-gelisim","7":"pa_cilt-ciltsiz","8":"pa_tur-kitap","9":"pa_yayinevi-zet-yayinlari","10":"pa_yazar-faruk-aksel","12":"first","13":"instock","14":"sale","15":"shipping-taxable","16":"purchasable","17":"product-type-simple"},"_links":{"self":[{"href":"https:\/\/roveyayinevi.com.tr\/index.php\/wp-json\/wp\/v2\/product\/768243","targetHints":{"allow":["GET"]}}],"collection":[{"href":"https:\/\/roveyayinevi.com.tr\/index.php\/wp-json\/wp\/v2\/product"}],"about":[{"href":"https:\/\/roveyayinevi.com.tr\/index.php\/wp-json\/wp\/v2\/types\/product"}],"wp:attachment":[{"href":"https:\/\/roveyayinevi.com.tr\/index.php\/wp-json\/wp\/v2\/media?parent=768243"}],"wp:term":[{"taxonomy":"product_brand","embeddable":true,"href":"https:\/\/roveyayinevi.com.tr\/index.php\/wp-json\/wp\/v2\/product_brand?post=768243"},{"taxonomy":"product_cat","embeddable":true,"href":"https:\/\/roveyayinevi.com.tr\/index.php\/wp-json\/wp\/v2\/product_cat?post=768243"},{"taxonomy":"product_tag","embeddable":true,"href":"https:\/\/roveyayinevi.com.tr\/index.php\/wp-json\/wp\/v2\/product_tag?post=768243"}],"curies":[{"name":"wp","href":"https:\/\/api.w.org\/{rel}","templated":true}]}}