{"id":768239,"date":"2025-08-28T13:14:02","date_gmt":"2025-08-28T10:14:02","guid":{"rendered":"https:\/\/roveyayinevi.com.tr\/index.php\/urun\/minikler-icin-ramazan\/"},"modified":"2026-01-28T03:57:43","modified_gmt":"2026-01-28T00:57:43","slug":"minikler-icin-ramazan","status":"publish","type":"product","link":"https:\/\/roveyayinevi.com.tr\/index.php\/urun\/minikler-icin-ramazan\/","title":{"rendered":"Minikler \u0130\u00e7in Ramazan"},"content":{"rendered":"<p>Anneler ve Babalar, \u00c7ocu\u011funuzun m\u00fcbarek Ramazan\u2019\u0131 ve orucu tan\u0131mas\u0131 i\u00e7in b\u00fcy\u00fcmesini beklemeyin! Bu kitapta \u201cMinikler \u0130\u00e7in Ramazan\u201d diyoruz, Ramazan, oru\u00e7, sahur, iftar, teravih, mukabele, zek\u00e2t ve bayram\u0131n anlam\u0131n\u0131 bebe\u011fimizin kalbine emanet ediyoruz. <\/p>\n","protected":false},"excerpt":{"rendered":"<p>Anneler ve Babalar, \u00c7ocu\u011funuzun m\u00fcbarek Ramazan\u2019\u0131 ve orucu tan\u0131mas\u0131 i\u00e7in b\u00fcy\u00fcmesini beklemeyin! Bu kitapta \u201cMinikler \u0130\u00e7in Ramazan\u201d diyoruz, Ramazan, oru\u00e7, sahur, iftar, teravih, mukabele, zek\u00e2t ve<span class=\"excerpt-hellip\"> [\u2026]<\/span><\/p>\n","protected":false},"featured_media":0,"template":"","meta":{"_monsterinsights_skip_tracking":false,"_monsterinsights_sitenote_active":false,"_monsterinsights_sitenote_note":"","_monsterinsights_sitenote_category":0},"product_brand":[],"product_cat":[12274,18802],"product_tag":[],"class_list":{"0":"post-768239","1":"product","2":"type-product","3":"status-publish","5":"product_cat-cocuk-ve-genclik-kitaplari","6":"product_cat-din-egitimi","7":"pa_cilt-ciltsiz","8":"pa_tur-kitap","9":"pa_yayinevi-aile-yayinlari","10":"pa_yazar-hatice-kubra-tongar","12":"first","13":"instock","14":"sale","15":"shipping-taxable","16":"purchasable","17":"product-type-simple"},"_links":{"self":[{"href":"https:\/\/roveyayinevi.com.tr\/index.php\/wp-json\/wp\/v2\/product\/768239","targetHints":{"allow":["GET"]}}],"collection":[{"href":"https:\/\/roveyayinevi.com.tr\/index.php\/wp-json\/wp\/v2\/product"}],"about":[{"href":"https:\/\/roveyayinevi.com.tr\/index.php\/wp-json\/wp\/v2\/types\/product"}],"wp:attachment":[{"href":"https:\/\/roveyayinevi.com.tr\/index.php\/wp-json\/wp\/v2\/media?parent=768239"}],"wp:term":[{"taxonomy":"product_brand","embeddable":true,"href":"https:\/\/roveyayinevi.com.tr\/index.php\/wp-json\/wp\/v2\/product_brand?post=768239"},{"taxonomy":"product_cat","embeddable":true,"href":"https:\/\/roveyayinevi.com.tr\/index.php\/wp-json\/wp\/v2\/product_cat?post=768239"},{"taxonomy":"product_tag","embeddable":true,"href":"https:\/\/roveyayinevi.com.tr\/index.php\/wp-json\/wp\/v2\/product_tag?post=768239"}],"curies":[{"name":"wp","href":"https:\/\/api.w.org\/{rel}","templated":true}]}}