{"id":768237,"date":"2025-08-28T13:13:59","date_gmt":"2025-08-28T10:13:59","guid":{"rendered":"https:\/\/roveyayinevi.com.tr\/index.php\/urun\/demokrasi-modelleri-2\/"},"modified":"2026-04-15T03:34:04","modified_gmt":"2026-04-15T00:34:04","slug":"demokrasi-modelleri-2","status":"publish","type":"product","link":"https:\/\/roveyayinevi.com.tr\/index.php\/urun\/demokrasi-modelleri-2\/","title":{"rendered":"Demokrasi Modelleri"},"content":{"rendered":"<p>Demokrasi Modelleri&#8217;nin ilk iki bask\u0131s\u0131 d\u00fcnya \u00e7ap\u0131nda \u00f6\u011frenciler ve uzmanlar aras\u0131nda son derece pop\u00fcler olmu\u015ftur. David Held, geni\u015f kapsaml\u0131 bir analizle, klasik Yunan&#8217;dan g\u00fcn\u00fcm\u00fcze demokrasinin temel anlat\u0131lar\u0131na bir giri\u015f ve g\u00fcn\u00fcm\u00fczde demokrasinin ne anlama gelmesi gerekti\u011fine dair ele\u015ftirel bir tart\u0131\u015fma sunuyor.   Yeni bask\u0131, d\u00fcnya siyasetindeki \u00f6nemli d\u00f6n\u00fc\u015f\u00fcmleri dikkate almak \u00fczere kapsaml\u0131 bir \u015fekilde g\u00f6zden ge\u00e7irilmi\u015f ve g\u00fcncellenmi\u015ftir. M\u00fczakereci demokrasi \u00fczerine, sadece vatanda\u015flar\u0131n siyasete kat\u0131l\u0131m\u0131n\u0131n nas\u0131l art\u0131r\u0131labilece\u011fine de\u011fil, ayn\u0131 zamanda bu kat\u0131l\u0131m\u0131n nas\u0131l daha bilin\u00e7li hale getirilebilece\u011fine de odaklanan yeni bir b\u00f6l\u00fcm eklenmi\u015ftir.   Selefi gibi, Demokrasi Modelleri&#8217;nin \u00fc\u00e7\u00fcnc\u00fc bask\u0131s\u0131 da anla\u015f\u0131l\u0131r bir anlat\u0131m\u0131, dikkatli bir akademik \u00e7al\u0131\u015fma ve \u00f6zg\u00fcnl\u00fckle birle\u015ftirerek \u00f6\u011frenciler ve bu alandaki uzmanlar i\u00e7in son derece cazip hale getiriyor. Bu \u00fc\u00e7\u00fcnc\u00fc bask\u0131 siyaset bilimi, siyaset teorisi ve siyaset felsefesiyle ilgilenen herkes i\u00e7in vazge\u00e7ilmez bir okuma olacakt\u0131r. <\/p>\n","protected":false},"excerpt":{"rendered":"<p>Demokrasi Modelleri&#8217;nin ilk iki bask\u0131s\u0131 d\u00fcnya \u00e7ap\u0131nda \u00f6\u011frenciler ve uzmanlar aras\u0131nda son derece pop\u00fcler olmu\u015ftur. David Held, geni\u015f kapsaml\u0131 bir analizle, klasik Yunan&#8217;dan g\u00fcn\u00fcm\u00fcze demokrasinin temel<span class=\"excerpt-hellip\"> [\u2026]<\/span><\/p>\n","protected":false},"featured_media":0,"template":"","meta":{"_monsterinsights_skip_tracking":false,"_monsterinsights_sitenote_active":false,"_monsterinsights_sitenote_note":"","_monsterinsights_sitenote_category":0},"product_brand":[],"product_cat":[12337,14706],"product_tag":[],"class_list":{"0":"post-768237","1":"product","2":"type-product","3":"status-publish","5":"product_cat-politika-siyaset","6":"product_cat-siyaset-bilimi","7":"pa_cilt-ciltsiz","8":"pa_tur-kitap","9":"pa_yayinevi-felix-kitap","10":"pa_yazar-david-held","12":"first","13":"instock","14":"sale","15":"shipping-taxable","16":"purchasable","17":"product-type-simple"},"_links":{"self":[{"href":"https:\/\/roveyayinevi.com.tr\/index.php\/wp-json\/wp\/v2\/product\/768237","targetHints":{"allow":["GET"]}}],"collection":[{"href":"https:\/\/roveyayinevi.com.tr\/index.php\/wp-json\/wp\/v2\/product"}],"about":[{"href":"https:\/\/roveyayinevi.com.tr\/index.php\/wp-json\/wp\/v2\/types\/product"}],"wp:attachment":[{"href":"https:\/\/roveyayinevi.com.tr\/index.php\/wp-json\/wp\/v2\/media?parent=768237"}],"wp:term":[{"taxonomy":"product_brand","embeddable":true,"href":"https:\/\/roveyayinevi.com.tr\/index.php\/wp-json\/wp\/v2\/product_brand?post=768237"},{"taxonomy":"product_cat","embeddable":true,"href":"https:\/\/roveyayinevi.com.tr\/index.php\/wp-json\/wp\/v2\/product_cat?post=768237"},{"taxonomy":"product_tag","embeddable":true,"href":"https:\/\/roveyayinevi.com.tr\/index.php\/wp-json\/wp\/v2\/product_tag?post=768237"}],"curies":[{"name":"wp","href":"https:\/\/api.w.org\/{rel}","templated":true}]}}