{"id":768225,"date":"2025-08-28T13:13:26","date_gmt":"2025-08-28T10:13:26","guid":{"rendered":"https:\/\/roveyayinevi.com.tr\/index.php\/urun\/dinozordan-bile-buyuk-bir-hediye\/"},"modified":"2026-04-15T03:34:03","modified_gmt":"2026-04-15T00:34:03","slug":"dinozordan-bile-buyuk-bir-hediye","status":"publish","type":"product","link":"https:\/\/roveyayinevi.com.tr\/index.php\/urun\/dinozordan-bile-buyuk-bir-hediye\/","title":{"rendered":"Dinozordan Bile B\u00fcy\u00fck Bir Hediye"},"content":{"rendered":"<p>Peygamber sevgisini \u00e7ocuklara ya\u015flar\u0131na uygun, pedagojik ilkelere uygun bir \u015fekilde aktarabilmek olduk\u00e7a \u00f6nemli. Din\u00ee ve k\u00fclt\u00fcrel de\u011ferlerimizi \u00e7ocuklara kal\u0131c\u0131 olarak aktarman\u0131n bir yolu da e\u011flenceli ve resimli kitaplar&#8230; Din e\u011fitimi alan\u0131nda uzman, ayn\u0131 zamanda bir \u00f6\u011fretmen olan yazar S\u00fcmeyye \u00c7ift\u00e7i taraf\u0131ndan kaleme al\u0131nan Dinozordan Bile B\u00fcy\u00fck Bir Hediye, Peygamberimize salavat getirmeyi \u00f6\u011fretiyor. Bunu yaparken ya\u015f grubunun ilgisini \u00e7ekecek \u00f6geleri kullan\u0131yor ve okuru, e\u011flenceli bir maceraya davet ediyor. E\u011flenceli bir s\u0131n\u0131f, ne\u015feli bir \u00f6\u011fretmen, sevgi dolu bir aile, devasa yap\u0131lar\u0131na hayran oldu\u011fumuz dinozorlar&#8230; Ritmi ve heyecan\u0131 hi\u00e7 azalmayan kitap tam da Peygamber sevgisini hayat\u0131n her an\u0131nda hissedecek olan k\u00fc\u00e7\u00fck kalplere g\u00f6re.<\/p>\n","protected":false},"excerpt":{"rendered":"<p>Peygamber sevgisini \u00e7ocuklara ya\u015flar\u0131na uygun, pedagojik ilkelere uygun bir \u015fekilde aktarabilmek olduk\u00e7a \u00f6nemli. Din\u00ee ve k\u00fclt\u00fcrel de\u011ferlerimizi \u00e7ocuklara kal\u0131c\u0131 olarak aktarman\u0131n bir yolu da e\u011flenceli ve<span class=\"excerpt-hellip\"> [\u2026]<\/span><\/p>\n","protected":false},"featured_media":0,"template":"","meta":{"_monsterinsights_skip_tracking":false,"_monsterinsights_sitenote_active":false,"_monsterinsights_sitenote_note":"","_monsterinsights_sitenote_category":0},"product_brand":[],"product_cat":[12274,12284],"product_tag":[],"class_list":{"0":"post-768225","1":"product","2":"type-product","3":"status-publish","5":"product_cat-cocuk-ve-genclik-kitaplari","6":"product_cat-hikayeler","7":"pa_cilt-ciltsiz","8":"pa_tur-kitap","9":"pa_yayinevi-dus-degirmeni","10":"pa_yazar-sumeyye-ciftci","12":"first","13":"instock","14":"sale","15":"shipping-taxable","16":"purchasable","17":"product-type-simple"},"_links":{"self":[{"href":"https:\/\/roveyayinevi.com.tr\/index.php\/wp-json\/wp\/v2\/product\/768225","targetHints":{"allow":["GET"]}}],"collection":[{"href":"https:\/\/roveyayinevi.com.tr\/index.php\/wp-json\/wp\/v2\/product"}],"about":[{"href":"https:\/\/roveyayinevi.com.tr\/index.php\/wp-json\/wp\/v2\/types\/product"}],"wp:attachment":[{"href":"https:\/\/roveyayinevi.com.tr\/index.php\/wp-json\/wp\/v2\/media?parent=768225"}],"wp:term":[{"taxonomy":"product_brand","embeddable":true,"href":"https:\/\/roveyayinevi.com.tr\/index.php\/wp-json\/wp\/v2\/product_brand?post=768225"},{"taxonomy":"product_cat","embeddable":true,"href":"https:\/\/roveyayinevi.com.tr\/index.php\/wp-json\/wp\/v2\/product_cat?post=768225"},{"taxonomy":"product_tag","embeddable":true,"href":"https:\/\/roveyayinevi.com.tr\/index.php\/wp-json\/wp\/v2\/product_tag?post=768225"}],"curies":[{"name":"wp","href":"https:\/\/api.w.org\/{rel}","templated":true}]}}