{"id":768224,"date":"2025-08-28T13:13:24","date_gmt":"2025-08-28T10:13:24","guid":{"rendered":"https:\/\/roveyayinevi.com.tr\/index.php\/urun\/cebimdeki-guvercin\/"},"modified":"2026-04-15T03:34:03","modified_gmt":"2026-04-15T00:34:03","slug":"cebimdeki-guvercin","status":"publish","type":"product","link":"https:\/\/roveyayinevi.com.tr\/index.php\/urun\/cebimdeki-guvercin\/","title":{"rendered":"Cebimdeki G\u00fcvercin"},"content":{"rendered":"<p>Sad\u0131k dedenin, evinden \u00e7\u0131k\u0131p a\u011f\u0131r ad\u0131mlarla y\u00fcr\u00fcd\u00fc\u011f\u00fc yolun sonu K\u00e2be\u2019ye \u00e7\u0131k\u0131yor. Sad\u0131k dede, kanad\u0131 yaral\u0131 g\u00fcvercinle de tam orada, \u015fehrin en g\u00fczel yerinde kar\u015f\u0131la\u015f\u0131yor. Bu kar\u015f\u0131la\u015fman\u0131n sonras\u0131 s\u0131cac\u0131k bir dostluk ve iyile\u015fme hik\u00e2yesi&#8230; Cebimdeki G\u00fcvercin\u2019in \u00e7izimleri, sayfa sayfa huzuru hissettirirken 5 ya\u015f ve \u00fczeri okurlar\u0131 fark ettirmeden kutsal mek\u00e2nla tan\u0131\u015ft\u0131r\u0131yor. Kitap, tavaf etmenin inceli\u011fini Sad\u0131k dedenin c\u00fcmlelerinde, K\u00e2be\u2019nin huzurunu da hik\u00e2yesinde sakl\u0131yor.<\/p>\n","protected":false},"excerpt":{"rendered":"<p>Sad\u0131k dedenin, evinden \u00e7\u0131k\u0131p a\u011f\u0131r ad\u0131mlarla y\u00fcr\u00fcd\u00fc\u011f\u00fc yolun sonu K\u00e2be\u2019ye \u00e7\u0131k\u0131yor. Sad\u0131k dede, kanad\u0131 yaral\u0131 g\u00fcvercinle de tam orada, \u015fehrin en g\u00fczel yerinde kar\u015f\u0131la\u015f\u0131yor. Bu kar\u015f\u0131la\u015fman\u0131n<span class=\"excerpt-hellip\"> [\u2026]<\/span><\/p>\n","protected":false},"featured_media":0,"template":"","meta":{"_monsterinsights_skip_tracking":false,"_monsterinsights_sitenote_active":false,"_monsterinsights_sitenote_note":"","_monsterinsights_sitenote_category":0},"product_brand":[],"product_cat":[12274,12284],"product_tag":[],"class_list":{"0":"post-768224","1":"product","2":"type-product","3":"status-publish","5":"product_cat-cocuk-ve-genclik-kitaplari","6":"product_cat-hikayeler","7":"pa_cilt-ciltsiz","8":"pa_tur-kitap","9":"pa_yayinevi-dus-degirmeni","10":"pa_yazar-fatma-hazan-turkkol","12":"first","13":"instock","14":"sale","15":"shipping-taxable","16":"purchasable","17":"product-type-simple"},"_links":{"self":[{"href":"https:\/\/roveyayinevi.com.tr\/index.php\/wp-json\/wp\/v2\/product\/768224","targetHints":{"allow":["GET"]}}],"collection":[{"href":"https:\/\/roveyayinevi.com.tr\/index.php\/wp-json\/wp\/v2\/product"}],"about":[{"href":"https:\/\/roveyayinevi.com.tr\/index.php\/wp-json\/wp\/v2\/types\/product"}],"wp:attachment":[{"href":"https:\/\/roveyayinevi.com.tr\/index.php\/wp-json\/wp\/v2\/media?parent=768224"}],"wp:term":[{"taxonomy":"product_brand","embeddable":true,"href":"https:\/\/roveyayinevi.com.tr\/index.php\/wp-json\/wp\/v2\/product_brand?post=768224"},{"taxonomy":"product_cat","embeddable":true,"href":"https:\/\/roveyayinevi.com.tr\/index.php\/wp-json\/wp\/v2\/product_cat?post=768224"},{"taxonomy":"product_tag","embeddable":true,"href":"https:\/\/roveyayinevi.com.tr\/index.php\/wp-json\/wp\/v2\/product_tag?post=768224"}],"curies":[{"name":"wp","href":"https:\/\/api.w.org\/{rel}","templated":true}]}}