{"id":768223,"date":"2025-08-28T13:13:22","date_gmt":"2025-08-28T10:13:22","guid":{"rendered":"https:\/\/roveyayinevi.com.tr\/index.php\/urun\/esma-ile-husna-5-gizemli-bilmece-kupu\/"},"modified":"2026-04-15T03:34:03","modified_gmt":"2026-04-15T00:34:03","slug":"esma-ile-husna-5-gizemli-bilmece-kupu","status":"publish","type":"product","link":"https:\/\/roveyayinevi.com.tr\/index.php\/urun\/esma-ile-husna-5-gizemli-bilmece-kupu\/","title":{"rendered":"Esma ile H\u00fcsna 5 &#8211; Gizemli Bilmece K\u00fcp\u00fc"},"content":{"rendered":"<p>Esma ile H\u00fcsna, merakl\u0131, e\u011flenceli ve biraz da fazla hareketli ikiz karde\u015fler&#8230; Babalar\u0131n\u0131n kurdu\u011fu ev laboratuvar\u0131na ge\u00e7i\u015f izni almaya \u00e7al\u0131\u015f\u0131rken dedeleri Nusret Kaptan onlara beklenmedik bir kap\u0131 aralar. Allah\u2019\u0131n 99 ismini, bilim ve g\u00fcnl\u00fck hayat i\u00e7inden \u00f6rneklerle anlatmaya ba\u015flar. Bu macerada iki karde\u015f, arkada\u015flar\u0131 \u00c2mine\u2019yle birlikte bilmece k\u00fcp\u00fcn\u00fc a\u00e7maya \u00e7al\u0131\u015f\u0131rken zamanla yar\u0131\u015f\u0131r. K\u00fct\u00fcphaneyle b\u00fcy\u00fckleri aras\u0131nda ko\u015fturup \u015fifreleri bulmaya \u00e7al\u0131\u015f\u0131rken zaman h\u0131zla akar. Acaba bilmece k\u00fcp\u00fcn\u00fcn i\u00e7inde ne var? \u015eifreler, hangi s\u00fcrprizi sakl\u0131yor? \u00dc\u00e7 kafadar, bu maceran\u0131n sonunda Esma-i H\u00fcsna\u2019dan Al\u00eem, Azim, Basir, Cebbar, Evvel, Habir, H\u00e2f\u0131d, Kahh\u00e2r, Kayyum, Kavi, Muhyi, M\u00fcmit, Muiz, M\u00fczil, Muktedir, Metin, Melik, R\u00e2f\u00ee, Semi, \u015eehid ve Vekil isimlerini \u00f6\u011freniyor.<\/p>\n","protected":false},"excerpt":{"rendered":"<p>Esma ile H\u00fcsna, merakl\u0131, e\u011flenceli ve biraz da fazla hareketli ikiz karde\u015fler&#8230; Babalar\u0131n\u0131n kurdu\u011fu ev laboratuvar\u0131na ge\u00e7i\u015f izni almaya \u00e7al\u0131\u015f\u0131rken dedeleri Nusret Kaptan onlara beklenmedik bir<span class=\"excerpt-hellip\"> [\u2026]<\/span><\/p>\n","protected":false},"featured_media":0,"template":"","meta":{"_monsterinsights_skip_tracking":false,"_monsterinsights_sitenote_active":false,"_monsterinsights_sitenote_note":"","_monsterinsights_sitenote_category":0},"product_brand":[],"product_cat":[12274,18802],"product_tag":[],"class_list":{"0":"post-768223","1":"product","2":"type-product","3":"status-publish","5":"product_cat-cocuk-ve-genclik-kitaplari","6":"product_cat-din-egitimi","7":"pa_cilt-ciltsiz","8":"pa_tur-kitap","9":"pa_yayinevi-dus-degirmeni","10":"pa_yazar-ali-soyler","12":"first","13":"instock","14":"sale","15":"shipping-taxable","16":"purchasable","17":"product-type-simple"},"_links":{"self":[{"href":"https:\/\/roveyayinevi.com.tr\/index.php\/wp-json\/wp\/v2\/product\/768223","targetHints":{"allow":["GET"]}}],"collection":[{"href":"https:\/\/roveyayinevi.com.tr\/index.php\/wp-json\/wp\/v2\/product"}],"about":[{"href":"https:\/\/roveyayinevi.com.tr\/index.php\/wp-json\/wp\/v2\/types\/product"}],"wp:attachment":[{"href":"https:\/\/roveyayinevi.com.tr\/index.php\/wp-json\/wp\/v2\/media?parent=768223"}],"wp:term":[{"taxonomy":"product_brand","embeddable":true,"href":"https:\/\/roveyayinevi.com.tr\/index.php\/wp-json\/wp\/v2\/product_brand?post=768223"},{"taxonomy":"product_cat","embeddable":true,"href":"https:\/\/roveyayinevi.com.tr\/index.php\/wp-json\/wp\/v2\/product_cat?post=768223"},{"taxonomy":"product_tag","embeddable":true,"href":"https:\/\/roveyayinevi.com.tr\/index.php\/wp-json\/wp\/v2\/product_tag?post=768223"}],"curies":[{"name":"wp","href":"https:\/\/api.w.org\/{rel}","templated":true}]}}