{"id":768222,"date":"2025-08-28T13:13:20","date_gmt":"2025-08-28T10:13:20","guid":{"rendered":"https:\/\/roveyayinevi.com.tr\/index.php\/urun\/esma-ile-husna-4-gorunmezlik-iksiri\/"},"modified":"2026-04-15T03:34:03","modified_gmt":"2026-04-15T00:34:03","slug":"esma-ile-husna-4-gorunmezlik-iksiri","status":"publish","type":"product","link":"https:\/\/roveyayinevi.com.tr\/index.php\/urun\/esma-ile-husna-4-gorunmezlik-iksiri\/","title":{"rendered":"Esma ile H\u00fcsna 4 &#8211; G\u00f6r\u00fcnmezlik \u0130ksiri"},"content":{"rendered":"<p>Esma ile H\u00fcsna, merakl\u0131, e\u011flenceli ve biraz da fazla hareketli ikiz karde\u015fler&#8230; Babalar\u0131n\u0131n kurdu\u011fu ev laboratuvar\u0131na ge\u00e7i\u015f izni almaya \u00e7al\u0131\u015f\u0131rken dedeleri Nusret Kaptan onlara beklenmedik bir kap\u0131 aralar. Allah\u2019\u0131n 99 ismini, bilim ve g\u00fcnl\u00fck hayat i\u00e7inden \u00f6rneklerle anlatmaya ba\u015flar. \u0130ki karde\u015f, arkada\u015flar\u0131 \u00c2mine\u2019yle birlikte Bayku\u015f Adam\u2019\u0131 ara\u015ft\u0131r\u0131rken tarih\u00ee kal\u0131nt\u0131lar, ge\u00e7mi\u015fte ya\u015fam\u0131\u015f toplumlar hakk\u0131nda \u015fa\u015f\u0131rt\u0131c\u0131 bilgiler edinir. \u00dc\u00e7 kafadar, bu maceran\u0131n sonunda Esma-i H\u00fcsna\u2019dan Al\u00eem, B\u00e2t\u0131n, Bed\u00ee, K\u00e2dir, Muhyi, Musavvir, Rezzak, Rahman, Rak\u00eeb ve Z\u00e2hir isimlerini \u00f6\u011freniyor.<\/p>\n","protected":false},"excerpt":{"rendered":"<p>Esma ile H\u00fcsna, merakl\u0131, e\u011flenceli ve biraz da fazla hareketli ikiz karde\u015fler&#8230; Babalar\u0131n\u0131n kurdu\u011fu ev laboratuvar\u0131na ge\u00e7i\u015f izni almaya \u00e7al\u0131\u015f\u0131rken dedeleri Nusret Kaptan onlara beklenmedik bir<span class=\"excerpt-hellip\"> [\u2026]<\/span><\/p>\n","protected":false},"featured_media":0,"template":"","meta":{"_monsterinsights_skip_tracking":false,"_monsterinsights_sitenote_active":false,"_monsterinsights_sitenote_note":"","_monsterinsights_sitenote_category":0},"product_brand":[],"product_cat":[12274,18802],"product_tag":[],"class_list":{"0":"post-768222","1":"product","2":"type-product","3":"status-publish","5":"product_cat-cocuk-ve-genclik-kitaplari","6":"product_cat-din-egitimi","7":"pa_cilt-ciltsiz","8":"pa_tur-kitap","9":"pa_yayinevi-dus-degirmeni","10":"pa_yazar-ali-soyler","12":"first","13":"instock","14":"sale","15":"shipping-taxable","16":"purchasable","17":"product-type-simple"},"_links":{"self":[{"href":"https:\/\/roveyayinevi.com.tr\/index.php\/wp-json\/wp\/v2\/product\/768222","targetHints":{"allow":["GET"]}}],"collection":[{"href":"https:\/\/roveyayinevi.com.tr\/index.php\/wp-json\/wp\/v2\/product"}],"about":[{"href":"https:\/\/roveyayinevi.com.tr\/index.php\/wp-json\/wp\/v2\/types\/product"}],"wp:attachment":[{"href":"https:\/\/roveyayinevi.com.tr\/index.php\/wp-json\/wp\/v2\/media?parent=768222"}],"wp:term":[{"taxonomy":"product_brand","embeddable":true,"href":"https:\/\/roveyayinevi.com.tr\/index.php\/wp-json\/wp\/v2\/product_brand?post=768222"},{"taxonomy":"product_cat","embeddable":true,"href":"https:\/\/roveyayinevi.com.tr\/index.php\/wp-json\/wp\/v2\/product_cat?post=768222"},{"taxonomy":"product_tag","embeddable":true,"href":"https:\/\/roveyayinevi.com.tr\/index.php\/wp-json\/wp\/v2\/product_tag?post=768222"}],"curies":[{"name":"wp","href":"https:\/\/api.w.org\/{rel}","templated":true}]}}