{"id":768209,"date":"2025-08-28T13:12:51","date_gmt":"2025-08-28T10:12:51","guid":{"rendered":"https:\/\/roveyayinevi.com.tr\/index.php\/urun\/devlet-ile-insan-arasinda\/"},"modified":"2026-04-15T03:34:03","modified_gmt":"2026-04-15T00:34:03","slug":"devlet-ile-insan-arasinda","status":"publish","type":"product","link":"https:\/\/roveyayinevi.com.tr\/index.php\/urun\/devlet-ile-insan-arasinda\/","title":{"rendered":"Devlet ile \u0130nsan Aras\u0131nda"},"content":{"rendered":"<p>\u0130nsan ahlakl\u0131 olmak durumundad\u0131r devlet ise adaletli. Ahlak insan\u0131n idealidir, adalet devletin. Fakat bir ba\u015f\u0131na ne devlet adil olabilir ne de insan ahlakl\u0131 davranabilir. Hayat ve tecr\u00fcbe, geli\u015fmi\u015f bir kamu d\u00fczeni ve kurumla\u015fm\u0131\u015f bir hukuk sistemi olmadan devlet ve insan aras\u0131nda \u00e7o\u011funlukla y\u0131k\u0131ma varan gidi\u015f geli\u015fler ya\u015fan\u0131r. Emaneti ehline vermek ile sars\u0131lmaz bir hukuk sistemi kurmak sonra da kurumsal i\u015fleyi\u015flerle onlar\u0131 denetlemek m\u00fcmk\u00fcn m\u00fcd\u00fcr? Yazar, kamu hayat\u0131na ad\u0131m atal\u0131 beri ahlak sahibi olmay\u0131 \u015fiar edinmekle kamu kaynaklar\u0131n\u0131 verimli ve adil kullanmay\u0131 kendisine dava edinmi\u015f tecr\u00fcbeli bir birey, kamu g\u00f6revlisi, akademisyen ve siyaset\u00e7idir. Neredeyse yar\u0131m asra yakla\u015fan tecr\u00fcbelerini, ideallerini, hayal k\u0131r\u0131kl\u0131klar\u0131 yan\u0131nda dinmeyen erdem \u00fclk\u00fcs\u00fcn\u00fc Devlet ile \u0130nsan Aras\u0131nda\u2019da cesurca ve i\u00e7ten dile getiriyor. Y\u00f6netim ahlak\u0131n\u0131n ne oldu\u011fu kadar ne olmas\u0131 gerekti\u011finin de pratikten yola koyularak teorik ilkelerini \u00e7at\u0131yor. \u0130nsan\u0131 ve T\u00fcrkiye\u2019yi d\u00fc\u015f\u00fcnmenin ve de yeniden sevmenin rehberi Devlet ile \u0130nsan Aras\u0131nda<\/p>\n","protected":false},"excerpt":{"rendered":"<p>\u0130nsan ahlakl\u0131 olmak durumundad\u0131r devlet ise adaletli. Ahlak insan\u0131n idealidir, adalet devletin. Fakat bir ba\u015f\u0131na ne devlet adil olabilir ne de insan ahlakl\u0131 davranabilir. Hayat ve<span class=\"excerpt-hellip\"> [\u2026]<\/span><\/p>\n","protected":false},"featured_media":0,"template":"","meta":{"_monsterinsights_skip_tracking":false,"_monsterinsights_sitenote_active":false,"_monsterinsights_sitenote_note":"","_monsterinsights_sitenote_category":0},"product_brand":[],"product_cat":[52477],"product_tag":[],"class_list":{"0":"post-768209","1":"product","2":"type-product","3":"status-publish","5":"product_cat-arastirma","6":"pa_cilt-ciltsiz","7":"pa_tur-kitap","8":"pa_yayinevi-kapi-yayinlari","9":"pa_yazar-omer-dincer","11":"first","12":"instock","13":"sale","14":"shipping-taxable","15":"purchasable","16":"product-type-simple"},"_links":{"self":[{"href":"https:\/\/roveyayinevi.com.tr\/index.php\/wp-json\/wp\/v2\/product\/768209","targetHints":{"allow":["GET"]}}],"collection":[{"href":"https:\/\/roveyayinevi.com.tr\/index.php\/wp-json\/wp\/v2\/product"}],"about":[{"href":"https:\/\/roveyayinevi.com.tr\/index.php\/wp-json\/wp\/v2\/types\/product"}],"wp:attachment":[{"href":"https:\/\/roveyayinevi.com.tr\/index.php\/wp-json\/wp\/v2\/media?parent=768209"}],"wp:term":[{"taxonomy":"product_brand","embeddable":true,"href":"https:\/\/roveyayinevi.com.tr\/index.php\/wp-json\/wp\/v2\/product_brand?post=768209"},{"taxonomy":"product_cat","embeddable":true,"href":"https:\/\/roveyayinevi.com.tr\/index.php\/wp-json\/wp\/v2\/product_cat?post=768209"},{"taxonomy":"product_tag","embeddable":true,"href":"https:\/\/roveyayinevi.com.tr\/index.php\/wp-json\/wp\/v2\/product_tag?post=768209"}],"curies":[{"name":"wp","href":"https:\/\/api.w.org\/{rel}","templated":true}]}}