{"id":768208,"date":"2025-08-28T13:12:50","date_gmt":"2025-08-28T10:12:50","guid":{"rendered":"https:\/\/roveyayinevi.com.tr\/index.php\/urun\/okultizm\/"},"modified":"2026-04-15T03:34:03","modified_gmt":"2026-04-15T00:34:03","slug":"okultizm","status":"publish","type":"product","link":"https:\/\/roveyayinevi.com.tr\/index.php\/urun\/okultizm\/","title":{"rendered":"Ok\u00fcltizm"},"content":{"rendered":"<p>ANT\u0130K EZOTER\u0130K GELENEKLER \u2022 OK\u00dcLT ORTA\u00c7A\u011e \u2022 \u0130TALYA\u2019DA HERMET\u0130\u011e\u0130N YEN\u0130DEN CANLANMASI \u2022 S\u0130MYASAL HERMET\u0130ZM \u2022 HEINRICH CORNELIUS AGRIPPA \u2022 PARACELSUS \u2022 JOHN DEE \u2022 JACOB B\u00d6HME VE HIR\u0130ST\u0130YAN TEOSOF\u0130S\u0130 \u2022 G\u00dcL-HA\u00c7 MAN\u0130FESTOLARI VE ERKEN D\u00d6NEM G\u00dcL-HA\u00c7LILAR \u2022 EMANUEL SWEDENBORG \u2022 MASONLUK \u2022 \u0130LLUM\u0130N\u0130ZM \u2022 ON SEK\u0130Z\u0130NC\u0130 Y\u00dcZYIL FRANSA\u2019SINDA MART\u0130N\u0130ZM \u2022 HAYVAN MANYET\u0130ZMASI VE MESMER\u0130ZM \u2022 SP\u0130R\u0130T\u00dcAL\u0130ZM\u00a7 YEN\u0130 D\u00dc\u015e\u00dcNCE GELENEKLER\u0130 \u2022 ELIPHAS L\u00c9VI \u2022 PASCHAL BEVERLY RANDOLPH \u2022 WILLIAM WYNN WESTCOTT \u2022 ALTIN \u015eAFAK HERMET\u0130K TAR\u0130KATI \u2022 SAMUEL LIDDELL MATHERS \u2022 TEOSOF\u0130 \u2022 FREDERIC W. H. MYERS \u2022 PS\u0130\u015e\u0130K ARA\u015eTIRMALAR TOPLULU\u011eU \u2022 ORDO TEMPLI ORIENTIS \u2022 ARTHUR EDWARD WAITE \u2022 CHARLES FORT \u2022 ALEISTER CROWLEY \u2022 AUSTIN OSMAN SPARE \u2022 REN\u00c9 GU\u00c9NON VE GELENEK\u00c7\u0130L\u0130K \u2022 DION FORTUNE VE \u0130\u00c7SEL I\u015eIK TOPLULU\u011eU \u2022 JOHN WHITESIDE PARSONS \u2022 KENNETH GRANT VE TYPHONIANGELENE\u011e\u0130 \u2022 ROBERT ANTON WILSON \u2022 NAZ\u0130ZM VE OK\u00dcLT \u2022 Y\u0130RM\u0130NC\u0130 Y\u00dcZYILDA TEOSOF\u0130K AKIM \u2022 \u00c7A\u011eDA\u015e PAGAN\u0130ZM VE OK\u00dcLT \u2022 YEN\u0130 \u00c7A\u011e \u2022 \u00c7A\u011eDA\u015e R\u0130T\u00dcEL B\u00dcY\u00dc \u2022 \u00c7A\u011eDA\u015e SATAN\u0130ZM \u2022 KAOS MAGICK \u2022 VAMP\u0130R\u0130ZM, L\u0130KANTROP\u0130 VE OTHERKIN \u2022 HAK\u0130M BEY \u2022 OK\u00dcLT VE G\u00d6RSEL SANATLAR \u2022 OK\u00dcLT VE F\u0130LM \u2022 KENNETH ANGER \u2022 DENNIS WHEATLEY \u2022 OK\u00dcLT VE MODERN KORKU KURMACASI \u2022 OK\u00dcLT VE B\u0130L\u0130MKURGU\/FANTEZ\u0130 \u2022 H.P. LOVECRAFT \u2022 OK\u00dcLT VE \u00c7\u0130ZG\u0130 ROMANLAR \u2022 OK\u00dcLT VE POP\u00dcLER M\u00dcZ\u0130K \u2022 \u0130NTERNETTE OK\u00dcLT \u2022 KABALA \u2022 S\u0130MYA \u2022 SEKS B\u00dcY\u00dcS\u00dc \u2022 TAROT \u2022 KR\u0130STAL K\u00dcREYLE GELECE\u011e\u0130 G\u00d6RME \u2022 ASTROLOJ\u0130 \u2022 GRIMOIRE\u2019LAR \u2022 ORYANTAL\u0130ZM VE OK\u00dcLT \u2022 OK\u00dcLT SAVA\u015e \u2022 KAR\u015eI-K\u00dcLT\u00dcR VE OK\u00dcLT \u2022 ARACI VARLIKLAR \u2022 OK\u00dcLT D\u00dc\u015e\u00dcNCEDE BEDEN \u2022 UYU\u015eTURUCULAR VE OK\u00dcLT \u2022 C\u0130NS\u0130YET VE OK\u00dcLT \u2022 SU\u00c7, AHLAK\u0130 PAN\u0130K VE OK\u00dcLT \u2022 KOMPLO TEOR\u0130LER\u0130 VE OK\u00dcLT \u2022 B\u0130L\u0130M VE OK\u00dcLT \u2022 SOSYOLOJ\u0130 VE OK\u00dcLT \u2022 PS\u0130KOLOJ\u0130 VE OK\u00dcLT \u2022 OK\u00dcLTE MUHALEFET<\/p>\n","protected":false},"excerpt":{"rendered":"<p>ANT\u0130K EZOTER\u0130K GELENEKLER \u2022 OK\u00dcLT ORTA\u00c7A\u011e \u2022 \u0130TALYA\u2019DA HERMET\u0130\u011e\u0130N YEN\u0130DEN CANLANMASI \u2022 S\u0130MYASAL HERMET\u0130ZM \u2022 HEINRICH CORNELIUS AGRIPPA \u2022 PARACELSUS \u2022 JOHN DEE \u2022 JACOB B\u00d6HME<span class=\"excerpt-hellip\"> [\u2026]<\/span><\/p>\n","protected":false},"featured_media":0,"template":"","meta":{"_monsterinsights_skip_tracking":false,"_monsterinsights_sitenote_active":false,"_monsterinsights_sitenote_note":"","_monsterinsights_sitenote_category":0},"product_brand":[],"product_cat":[52477],"product_tag":[],"class_list":{"0":"post-768208","1":"product","2":"type-product","3":"status-publish","5":"product_cat-arastirma","6":"pa_cilt-ciltsiz","7":"pa_tur-kitap","8":"pa_yayinevi-alfa-yayinlari","9":"pa_yazar-christopher-partridge","11":"first","12":"instock","13":"sale","14":"shipping-taxable","15":"purchasable","16":"product-type-simple"},"_links":{"self":[{"href":"https:\/\/roveyayinevi.com.tr\/index.php\/wp-json\/wp\/v2\/product\/768208","targetHints":{"allow":["GET"]}}],"collection":[{"href":"https:\/\/roveyayinevi.com.tr\/index.php\/wp-json\/wp\/v2\/product"}],"about":[{"href":"https:\/\/roveyayinevi.com.tr\/index.php\/wp-json\/wp\/v2\/types\/product"}],"wp:attachment":[{"href":"https:\/\/roveyayinevi.com.tr\/index.php\/wp-json\/wp\/v2\/media?parent=768208"}],"wp:term":[{"taxonomy":"product_brand","embeddable":true,"href":"https:\/\/roveyayinevi.com.tr\/index.php\/wp-json\/wp\/v2\/product_brand?post=768208"},{"taxonomy":"product_cat","embeddable":true,"href":"https:\/\/roveyayinevi.com.tr\/index.php\/wp-json\/wp\/v2\/product_cat?post=768208"},{"taxonomy":"product_tag","embeddable":true,"href":"https:\/\/roveyayinevi.com.tr\/index.php\/wp-json\/wp\/v2\/product_tag?post=768208"}],"curies":[{"name":"wp","href":"https:\/\/api.w.org\/{rel}","templated":true}]}}