{"id":768198,"date":"2025-08-28T13:12:29","date_gmt":"2025-08-28T10:12:29","guid":{"rendered":"https:\/\/roveyayinevi.com.tr\/index.php\/urun\/kuranda-bilim-gecmis-ve-gelecek\/"},"modified":"2026-04-15T03:34:03","modified_gmt":"2026-04-15T00:34:03","slug":"kuranda-bilim-gecmis-ve-gelecek","status":"publish","type":"product","link":"https:\/\/roveyayinevi.com.tr\/index.php\/urun\/kuranda-bilim-gecmis-ve-gelecek\/","title":{"rendered":"Kur\u2019an\u2019da Bilim, Ge\u00e7mi\u015f ve Gelecek"},"content":{"rendered":"<p>Bu m\u00fctevazi kitapta, Kur\u2019an\u2019\u0131n olaca\u011f\u0131n\u0131 haber verdi\u011fi veya i\u015faret etti\u011fi, ger\u00e7ekle\u015fen veya ileride ger\u00e7ekle\u015fecek olan delillerden y\u00fczlercesi yer alm\u0131\u015ft\u0131r.  Bu deliller: \u201cinan\u00e7 esaslar\u0131ndan olan bir k\u0131s\u0131m ger\u00e7eklerin g\u00fcn gibi ortaya \u00e7\u0131kmas\u0131na vesile olmas\u0131\u201d ve sadece \u201cger\u00e7ekleri arayanlara az-\u00e7ok bir katk\u0131 sa\u011flamas\u0131\u201d y\u00f6n\u00fcyle \u00f6nem arz etmektedir. Rahmeti il\u00e2hiyeden b\u00f6yle g\u00fczel neticeleri temenni ediyoruz. <\/p>\n","protected":false},"excerpt":{"rendered":"<p>Bu m\u00fctevazi kitapta, Kur\u2019an\u2019\u0131n olaca\u011f\u0131n\u0131 haber verdi\u011fi veya i\u015faret etti\u011fi, ger\u00e7ekle\u015fen veya ileride ger\u00e7ekle\u015fecek olan delillerden y\u00fczlercesi yer alm\u0131\u015ft\u0131r. Bu deliller: \u201cinan\u00e7 esaslar\u0131ndan olan bir k\u0131s\u0131m<span class=\"excerpt-hellip\"> [\u2026]<\/span><\/p>\n","protected":false},"featured_media":0,"template":"","meta":{"_monsterinsights_skip_tracking":false,"_monsterinsights_sitenote_active":false,"_monsterinsights_sitenote_note":"","_monsterinsights_sitenote_category":0},"product_brand":[],"product_cat":[13036,12718,12719],"product_tag":[],"class_list":{"0":"post-768198","1":"product","2":"type-product","3":"status-publish","5":"product_cat-arastirma-inceleme-islam","6":"product_cat-din","7":"product_cat-islam","8":"pa_cilt-ciltsiz","9":"pa_tur-kitap","10":"pa_yayinevi-gulnar-yayinlari","11":"pa_yazar-hasan-demir","13":"first","14":"instock","15":"sale","16":"shipping-taxable","17":"purchasable","18":"product-type-simple"},"_links":{"self":[{"href":"https:\/\/roveyayinevi.com.tr\/index.php\/wp-json\/wp\/v2\/product\/768198","targetHints":{"allow":["GET"]}}],"collection":[{"href":"https:\/\/roveyayinevi.com.tr\/index.php\/wp-json\/wp\/v2\/product"}],"about":[{"href":"https:\/\/roveyayinevi.com.tr\/index.php\/wp-json\/wp\/v2\/types\/product"}],"wp:attachment":[{"href":"https:\/\/roveyayinevi.com.tr\/index.php\/wp-json\/wp\/v2\/media?parent=768198"}],"wp:term":[{"taxonomy":"product_brand","embeddable":true,"href":"https:\/\/roveyayinevi.com.tr\/index.php\/wp-json\/wp\/v2\/product_brand?post=768198"},{"taxonomy":"product_cat","embeddable":true,"href":"https:\/\/roveyayinevi.com.tr\/index.php\/wp-json\/wp\/v2\/product_cat?post=768198"},{"taxonomy":"product_tag","embeddable":true,"href":"https:\/\/roveyayinevi.com.tr\/index.php\/wp-json\/wp\/v2\/product_tag?post=768198"}],"curies":[{"name":"wp","href":"https:\/\/api.w.org\/{rel}","templated":true}]}}