{"id":768197,"date":"2025-08-28T13:12:28","date_gmt":"2025-08-28T10:12:28","guid":{"rendered":"https:\/\/roveyayinevi.com.tr\/index.php\/urun\/an\/"},"modified":"2026-04-15T03:34:03","modified_gmt":"2026-04-15T00:34:03","slug":"an","status":"publish","type":"product","link":"https:\/\/roveyayinevi.com.tr\/index.php\/urun\/an\/","title":{"rendered":"An"},"content":{"rendered":"<p>AN, kitab\u0131n\u0131n do\u011fu\u015funda da \u2018Nereden nereye?\u2019 dedirten bir hik\u00e2ye sakl\u0131. Dijital foto\u011fraf\u00e7\u0131l\u0131k kurslar\u0131n\u0131 s\u00fcrd\u00fcren Mithat \u00dcnal, \u00d6zellikle foto\u011fraf \u00e7ekimindeki enstantane h\u0131z\u0131 yani perde a\u00e7\u0131l\u0131p kapanmas\u0131 aras\u0131ndaki k\u0131sa s\u00fcrede sens\u00f6r\u00fcn foto\u011fraf kayd\u0131ndan etkilendi. G\u00fcn be g\u00fcn bunun \u00fczerine yo\u011funla\u015fan \u00dcnal, maddenin mekan\u0131n\u0131 ve zamandaki ge\u00e7i\u015flerini sorgulamaya ba\u015flad\u0131. Ve video ile foto\u011fraf aras\u0131ndaki fark, \u00dcnal\u2019\u0131n d\u00fc\u015f\u00fcncelerini bamba\u015fka yerlere g\u00f6t\u00fcrd\u00fc. Videonun bir saniyesinde 25, 30 ve 60\u2019a kadar biriken kareler saniye ilerledik\u00e7e hareket alg\u0131s\u0131 olu\u015fturuyordu. Yani saniyenin 30\u2019da birini bir an olarak d\u00fc\u015f\u00fcn\u00fcrsek, bir saniyede 30 an, yani 30 adet foto\u011fraf karesi vard\u0131. Peki ya evrendeki An\u2019\u0131n anlam\u0131 neydi? E\u011fer  filmi zaman olarak al\u0131rsak, bir saniyede ge\u00e7en filmde 30 tane an var. Yani filmin bir saniyesine durup bakt\u0131\u011f\u0131m\u0131zda, 30 adet foto\u011fraf karesi sayabiliriz. Ya bunu evrende de\u011ferlendirecek olursak ortaya nas\u0131l bir anlam \u00e7\u0131kar?  Mesela Bing-Bang Teorisine g\u00f6re, evren, b\u00fcy\u00fck patlaman\u0131n bir saniye sonras\u0131nda saniyenin milyonda biri kadar bir zamanda (ki bu durum, saniyenin bir milyonda birini bir an olarak g\u00f6steriyor.) evren milyarlarca \u0131\u015f\u0131k y\u0131l\u0131 kadar uza\u011fa geni\u015fliyor. Bu geni\u015fleme \u015fimdi saniyede 70 kilometre h\u0131zla ilerlemeye devam ediyor. \u0130\u015fin p\u00fcf noktas\u0131 ise her anda maddenin ayn\u0131 k\u00fctlesini koruyarak zamanda devam etmesi. Bu konuya girdik\u00e7e ya\u015fam\u0131n sorgulanmas\u0131 da devam edecektir. An Kitab\u0131\u2019n\u0131n ana \u00f6zelli\u011fi i\u015fte bu sorgulamad\u0131r. Bilimin hen\u00fcz cevaplayamad\u0131\u011f\u0131, ama Y\u00fcce Allah\u2019\u0131n akl\u0131m\u0131za sordurdu\u011fu ve her sorunun mutlaka bir cevab\u0131n\u0131n oldu\u011fu evrende, \u2018Mutlak Bilgi, Mutlak Mucize ve Mutlak cevaplar\u0131n s\u0131raland\u0131\u011f\u0131, maddenin zaman ve mekanda s\u00fcrd\u00fcrd\u00fc\u011f\u00fc varl\u0131\u011f\u0131ndaki gizemli devaml\u0131l\u0131\u011f\u0131 gelin isterseniz kitab\u0131m\u0131zda sorgulayal\u0131m ve mutlak olmasa da cevab\u0131 yine sorgulayarak bulal\u0131m. Fikirlerime k\u0131ymet verip raflar\u0131n\u0131zda kitab\u0131ma yer verdi\u011finiz i\u00e7in te\u015fekk\u00fcr ederim. Umar\u0131m bir nefeste okur ve be\u011fenirsiniz. <\/p>\n","protected":false},"excerpt":{"rendered":"<p>AN, kitab\u0131n\u0131n do\u011fu\u015funda da \u2018Nereden nereye?\u2019 dedirten bir hik\u00e2ye sakl\u0131. Dijital foto\u011fraf\u00e7\u0131l\u0131k kurslar\u0131n\u0131 s\u00fcrd\u00fcren Mithat \u00dcnal, \u00d6zellikle foto\u011fraf \u00e7ekimindeki enstantane h\u0131z\u0131 yani perde a\u00e7\u0131l\u0131p kapanmas\u0131 aras\u0131ndaki<span class=\"excerpt-hellip\"> [\u2026]<\/span><\/p>\n","protected":false},"featured_media":0,"template":"","meta":{"_monsterinsights_skip_tracking":false,"_monsterinsights_sitenote_active":false,"_monsterinsights_sitenote_note":"","_monsterinsights_sitenote_category":0},"product_brand":[],"product_cat":[52477],"product_tag":[],"class_list":{"0":"post-768197","1":"product","2":"type-product","3":"status-publish","5":"product_cat-arastirma","6":"pa_cilt-ciltsiz","7":"pa_tur-kitap","8":"pa_yayinevi-gulnar-yayinlari","9":"pa_yazar-mithat-unal","11":"first","12":"instock","13":"sale","14":"shipping-taxable","15":"purchasable","16":"product-type-simple"},"_links":{"self":[{"href":"https:\/\/roveyayinevi.com.tr\/index.php\/wp-json\/wp\/v2\/product\/768197","targetHints":{"allow":["GET"]}}],"collection":[{"href":"https:\/\/roveyayinevi.com.tr\/index.php\/wp-json\/wp\/v2\/product"}],"about":[{"href":"https:\/\/roveyayinevi.com.tr\/index.php\/wp-json\/wp\/v2\/types\/product"}],"wp:attachment":[{"href":"https:\/\/roveyayinevi.com.tr\/index.php\/wp-json\/wp\/v2\/media?parent=768197"}],"wp:term":[{"taxonomy":"product_brand","embeddable":true,"href":"https:\/\/roveyayinevi.com.tr\/index.php\/wp-json\/wp\/v2\/product_brand?post=768197"},{"taxonomy":"product_cat","embeddable":true,"href":"https:\/\/roveyayinevi.com.tr\/index.php\/wp-json\/wp\/v2\/product_cat?post=768197"},{"taxonomy":"product_tag","embeddable":true,"href":"https:\/\/roveyayinevi.com.tr\/index.php\/wp-json\/wp\/v2\/product_tag?post=768197"}],"curies":[{"name":"wp","href":"https:\/\/api.w.org\/{rel}","templated":true}]}}