{"id":768194,"date":"2025-08-28T13:12:22","date_gmt":"2025-08-28T10:12:22","guid":{"rendered":"https:\/\/roveyayinevi.com.tr\/index.php\/urun\/gagaligil-apartmani\/"},"modified":"2026-04-15T03:34:02","modified_gmt":"2026-04-15T00:34:02","slug":"gagaligil-apartmani","status":"publish","type":"product","link":"https:\/\/roveyayinevi.com.tr\/index.php\/urun\/gagaligil-apartmani\/","title":{"rendered":"Gagal\u0131gil Apartman\u0131"},"content":{"rendered":"<p>Ku\u015f yurdundan ayr\u0131lma vakti gelen B\u00fclb\u00fcl Han\u0131m, verilen adrese g\u00f6re Gagal\u0131gil Apartman\u0131\u2019na u\u00e7acakt\u0131r.  \u015eehirdeki 6 katl\u0131 bu apartman\u0131n balkonlar\u0131nda kar\u015f\u0131la\u015ft\u0131klar\u0131 ile k\u00e2h korku k\u00e2h hayal k\u0131r\u0131kl\u0131\u011f\u0131 k\u00e2h \u015fa\u015fk\u0131nl\u0131k ya\u015f\u0131yor. B\u00fclb\u00fcl Han\u0131m kendisine ya\u015fanabilir bir yuva ararken insanlar\u0131n ya\u015fam alanlar\u0131n\u0131 ele\u015ftiren bir yakla\u015f\u0131mla do\u011faya ve do\u011fala d\u00f6n\u00fc\u015f\u00fc hat\u0131rlat\u0131yor. Gagal\u0131gil Apartman\u0131\u2019n\u0131n balkonlar\u0131ndan etrafa ku\u015flar\u0131n g\u00f6z\u00fcnden bakmaya var m\u0131s\u0131n\u0131z?<\/p>\n","protected":false},"excerpt":{"rendered":"<p>Ku\u015f yurdundan ayr\u0131lma vakti gelen B\u00fclb\u00fcl Han\u0131m, verilen adrese g\u00f6re Gagal\u0131gil Apartman\u0131\u2019na u\u00e7acakt\u0131r. \u015eehirdeki 6 katl\u0131 bu apartman\u0131n balkonlar\u0131nda kar\u015f\u0131la\u015ft\u0131klar\u0131 ile k\u00e2h korku k\u00e2h hayal k\u0131r\u0131kl\u0131\u011f\u0131<span class=\"excerpt-hellip\"> [\u2026]<\/span><\/p>\n","protected":false},"featured_media":0,"template":"","meta":{"_monsterinsights_skip_tracking":false,"_monsterinsights_sitenote_active":false,"_monsterinsights_sitenote_note":"","_monsterinsights_sitenote_category":0},"product_brand":[],"product_cat":[12274,12284],"product_tag":[],"class_list":{"0":"post-768194","1":"product","2":"type-product","3":"status-publish","5":"product_cat-cocuk-ve-genclik-kitaplari","6":"product_cat-hikayeler","7":"pa_cilt-ciltsiz","8":"pa_tur-kitap","9":"pa_yayinevi-tulu-kitap","10":"pa_yazar-seyma-goksay","12":"first","13":"instock","14":"sale","15":"shipping-taxable","16":"purchasable","17":"product-type-simple"},"_links":{"self":[{"href":"https:\/\/roveyayinevi.com.tr\/index.php\/wp-json\/wp\/v2\/product\/768194","targetHints":{"allow":["GET"]}}],"collection":[{"href":"https:\/\/roveyayinevi.com.tr\/index.php\/wp-json\/wp\/v2\/product"}],"about":[{"href":"https:\/\/roveyayinevi.com.tr\/index.php\/wp-json\/wp\/v2\/types\/product"}],"wp:attachment":[{"href":"https:\/\/roveyayinevi.com.tr\/index.php\/wp-json\/wp\/v2\/media?parent=768194"}],"wp:term":[{"taxonomy":"product_brand","embeddable":true,"href":"https:\/\/roveyayinevi.com.tr\/index.php\/wp-json\/wp\/v2\/product_brand?post=768194"},{"taxonomy":"product_cat","embeddable":true,"href":"https:\/\/roveyayinevi.com.tr\/index.php\/wp-json\/wp\/v2\/product_cat?post=768194"},{"taxonomy":"product_tag","embeddable":true,"href":"https:\/\/roveyayinevi.com.tr\/index.php\/wp-json\/wp\/v2\/product_tag?post=768194"}],"curies":[{"name":"wp","href":"https:\/\/api.w.org\/{rel}","templated":true}]}}