{"id":768193,"date":"2025-08-28T13:12:20","date_gmt":"2025-08-28T10:12:20","guid":{"rendered":"https:\/\/roveyayinevi.com.tr\/index.php\/urun\/elim-kolum-kulagim\/"},"modified":"2026-04-15T03:34:02","modified_gmt":"2026-04-15T00:34:02","slug":"elim-kolum-kulagim","status":"publish","type":"product","link":"https:\/\/roveyayinevi.com.tr\/index.php\/urun\/elim-kolum-kulagim\/","title":{"rendered":"Elim Kolum Kula\u011f\u0131m"},"content":{"rendered":"<p>\u0130nsan b\u00fct\u00fcn bu evreni bir k\u00fc\u00e7\u00fck beynin i\u00e7ine s\u0131\u011fd\u0131r\u0131r, hayat\u0131n\u0131 onun s\u0131n\u0131rs\u0131zl\u0131\u011f\u0131nda ya\u015far.Beynin be\u015f giri\u015f kap\u0131s\u0131 vard\u0131r. Bunlardan biri kulakt\u0131r. D\u00fc\u015f\u00fcnsene bir kulaktan insan\u0131n hayat\u0131n\u0131n neler girer neler! Ama Berkay\u2019\u0131n kulakl\u0131\u011f\u0131 onun hayat\u0131n\u0131n di\u011fer b\u00fct\u00fcn giri\u015flerini kapatm\u0131\u015ft\u0131.Berkay m\u00fczikte hapsolmu\u015f bir \u00e7ocuktu. Oradan kurtulmak i\u00e7in bir tek ki\u015fiyle m\u00fccadele etmesi gerekiyordu. Kendisiyle! Kendini dize getirdik\u00e7e etraf\u0131ndaki g\u00fczellikleri fark etmeye ba\u015flad\u0131. \u00d6nceden g\u00fcr\u00fclt\u00fc sand\u0131\u011f\u0131 sesler aras\u0131ndan kendisine seslenenleri duydu. Hayat\u0131na anlaml\u0131 ve g\u00fczel bir \u00e7\u0131k\u0131\u015f buldu.<\/p>\n","protected":false},"excerpt":{"rendered":"<p>\u0130nsan b\u00fct\u00fcn bu evreni bir k\u00fc\u00e7\u00fck beynin i\u00e7ine s\u0131\u011fd\u0131r\u0131r, hayat\u0131n\u0131 onun s\u0131n\u0131rs\u0131zl\u0131\u011f\u0131nda ya\u015far.Beynin be\u015f giri\u015f kap\u0131s\u0131 vard\u0131r. Bunlardan biri kulakt\u0131r. D\u00fc\u015f\u00fcnsene bir kulaktan insan\u0131n hayat\u0131n\u0131n neler<span class=\"excerpt-hellip\"> [\u2026]<\/span><\/p>\n","protected":false},"featured_media":0,"template":"","meta":{"_monsterinsights_skip_tracking":false,"_monsterinsights_sitenote_active":false,"_monsterinsights_sitenote_note":"","_monsterinsights_sitenote_category":0},"product_brand":[],"product_cat":[12274,12284],"product_tag":[],"class_list":{"0":"post-768193","1":"product","2":"type-product","3":"status-publish","5":"product_cat-cocuk-ve-genclik-kitaplari","6":"product_cat-hikayeler","7":"pa_cilt-ciltsiz","8":"pa_tur-kitap","9":"pa_yayinevi-tulu-kitap","10":"pa_yazar-muzeyyen-celik-kesmegulu","12":"first","13":"instock","14":"sale","15":"shipping-taxable","16":"purchasable","17":"product-type-simple"},"_links":{"self":[{"href":"https:\/\/roveyayinevi.com.tr\/index.php\/wp-json\/wp\/v2\/product\/768193","targetHints":{"allow":["GET"]}}],"collection":[{"href":"https:\/\/roveyayinevi.com.tr\/index.php\/wp-json\/wp\/v2\/product"}],"about":[{"href":"https:\/\/roveyayinevi.com.tr\/index.php\/wp-json\/wp\/v2\/types\/product"}],"wp:attachment":[{"href":"https:\/\/roveyayinevi.com.tr\/index.php\/wp-json\/wp\/v2\/media?parent=768193"}],"wp:term":[{"taxonomy":"product_brand","embeddable":true,"href":"https:\/\/roveyayinevi.com.tr\/index.php\/wp-json\/wp\/v2\/product_brand?post=768193"},{"taxonomy":"product_cat","embeddable":true,"href":"https:\/\/roveyayinevi.com.tr\/index.php\/wp-json\/wp\/v2\/product_cat?post=768193"},{"taxonomy":"product_tag","embeddable":true,"href":"https:\/\/roveyayinevi.com.tr\/index.php\/wp-json\/wp\/v2\/product_tag?post=768193"}],"curies":[{"name":"wp","href":"https:\/\/api.w.org\/{rel}","templated":true}]}}