{"id":768191,"date":"2025-08-28T13:12:16","date_gmt":"2025-08-28T10:12:16","guid":{"rendered":"https:\/\/roveyayinevi.com.tr\/index.php\/urun\/darmut\/"},"modified":"2026-04-15T03:34:02","modified_gmt":"2026-04-15T00:34:02","slug":"darmut","status":"publish","type":"product","link":"https:\/\/roveyayinevi.com.tr\/index.php\/urun\/darmut\/","title":{"rendered":"Darmut"},"content":{"rendered":"<p>D\u00fcnya art\u0131k ya\u015fanmaz bir h\u00e2ldedir. Sava\u015flar, orant\u0131s\u0131z ne\u015fe g\u00f6sterileri, yapay ili\u015fkiler\u2026 Bu durumdan kurtulmak isteyen bir grup insan uzun s\u00fcren denemeleri sonucu gitmenin bir yolunu bulur.  Fakat gittikleri yer galakside bir gezegen de\u011fil, paralel bir evrendir. Oras\u0131 huzur ve mutlulu\u011fun kendili\u011finden sa\u011fland\u0131\u011f\u0131, olumsuz hi\u00e7bir \u015fey ya\u015fanmayan Dar Evreni\u2019dir. Bu d\u00fczen orada ya\u015fayanlar bir g\u00fcn h\u00fcmanik asit isimli bir kimyasala maruz kalana kadar devam eder. Bundan en \u00e7ok etkilenenlerden biri olduk\u00e7a sayg\u0131n bir bah\u00e7\u0131van olan Fatih\u2019tir.  Kim oldu\u011funu bulmak, ya\u015fad\u0131\u011f\u0131 evreni kurtarmak i\u00e7in \u00e7\u0131kt\u0131\u011f\u0131 yolda ba\u015far\u0131l\u0131 olup olmad\u0131\u011f\u0131n\u0131 sayfalar\u0131 \u00e7evirdi\u011finizde g\u00f6receksiniz. Fatih\u2019le birlikte Darmut\u2019a d\u00fczeni geri getirmek, ger\u00e7ek mutlulu\u011fun ne oldu\u011funun pe\u015finde ko\u015fmak ve Mutlakmutlu\u2019nun plan\u0131n\u0131 bozmak i\u00e7in hik\u00e2yemize konuk olmaya ne dersin? S\u00fcr\u00fckleyici Dar Evreni \u00f6yk\u00fcleri seni bekliyor.<\/p>\n","protected":false},"excerpt":{"rendered":"<p>D\u00fcnya art\u0131k ya\u015fanmaz bir h\u00e2ldedir. Sava\u015flar, orant\u0131s\u0131z ne\u015fe g\u00f6sterileri, yapay ili\u015fkiler\u2026 Bu durumdan kurtulmak isteyen bir grup insan uzun s\u00fcren denemeleri sonucu gitmenin bir yolunu bulur.<span class=\"excerpt-hellip\"> [\u2026]<\/span><\/p>\n","protected":false},"featured_media":0,"template":"","meta":{"_monsterinsights_skip_tracking":false,"_monsterinsights_sitenote_active":false,"_monsterinsights_sitenote_note":"","_monsterinsights_sitenote_category":0},"product_brand":[],"product_cat":[12291,18202],"product_tag":[],"class_list":{"0":"post-768191","1":"product","2":"type-product","3":"status-publish","5":"product_cat-edebiyat","6":"product_cat-hikaye","7":"pa_cilt-ciltsiz","8":"pa_tur-kitap","9":"pa_yayinevi-tulu-kitap","10":"pa_yazar-fatma-zehra-aydemir","12":"first","13":"instock","14":"sale","15":"shipping-taxable","16":"purchasable","17":"product-type-simple"},"_links":{"self":[{"href":"https:\/\/roveyayinevi.com.tr\/index.php\/wp-json\/wp\/v2\/product\/768191","targetHints":{"allow":["GET"]}}],"collection":[{"href":"https:\/\/roveyayinevi.com.tr\/index.php\/wp-json\/wp\/v2\/product"}],"about":[{"href":"https:\/\/roveyayinevi.com.tr\/index.php\/wp-json\/wp\/v2\/types\/product"}],"wp:attachment":[{"href":"https:\/\/roveyayinevi.com.tr\/index.php\/wp-json\/wp\/v2\/media?parent=768191"}],"wp:term":[{"taxonomy":"product_brand","embeddable":true,"href":"https:\/\/roveyayinevi.com.tr\/index.php\/wp-json\/wp\/v2\/product_brand?post=768191"},{"taxonomy":"product_cat","embeddable":true,"href":"https:\/\/roveyayinevi.com.tr\/index.php\/wp-json\/wp\/v2\/product_cat?post=768191"},{"taxonomy":"product_tag","embeddable":true,"href":"https:\/\/roveyayinevi.com.tr\/index.php\/wp-json\/wp\/v2\/product_tag?post=768191"}],"curies":[{"name":"wp","href":"https:\/\/api.w.org\/{rel}","templated":true}]}}