{"id":768187,"date":"2025-08-28T13:12:08","date_gmt":"2025-08-28T10:12:08","guid":{"rendered":"https:\/\/roveyayinevi.com.tr\/index.php\/urun\/bilge-bilir-okuldaki-gizem\/"},"modified":"2026-04-15T03:34:02","modified_gmt":"2026-04-15T00:34:02","slug":"bilge-bilir-okuldaki-gizem","status":"publish","type":"product","link":"https:\/\/roveyayinevi.com.tr\/index.php\/urun\/bilge-bilir-okuldaki-gizem\/","title":{"rendered":"Bilge Bilir Okuldaki Gizem"},"content":{"rendered":"<p>\u201cSiz hi\u00e7 kitaplar\u0131n \u00f6ylece kaybolup gitti\u011fini duydunuz mu? Bir insan hayat\u0131 boyunca pek \u00e7ok \u015feyi kaybedebilir. Bu bazen bir kalem, bazen bir \u00e7orap, -ki \u00e7oraplar kaybolmay\u0131 \u00e7ok severler- bazen de bir ka\u015f\u0131k olabilir. Bunlar kaybolsa da eninde sonunda ortaya \u00e7\u0131karlar. Koltuk ve buzdolab\u0131 gibi e\u015fyalar ise genelde kaybolmaz. Bu ger\u00e7ekten komik olurdu. Peki ya kitaplar? Ne dersiniz, kitaplar da kaybolur mu? Arkada\u015f\u0131n\u0131za \u00f6d\u00fcn\u00e7 verdi\u011finiz ve size geri vermeyi geciktirdi\u011fi kitaplardan bahsetmiyorum. Bir g\u00fcn \u00f6ylece kaybolan ve her yere bakman\u0131za ra\u011fmen bulamad\u0131\u011f\u0131n\u0131z kitaplardan bahsediyorum.\u201d NEREDE BU K\u0130TAPLAR? Hayaletler, yapay zeka, d\u00fcrb\u00fcnler ve pudralar! Toparlan\u0131n arkada\u015flar, sizinle biraz i\u015fimiz var. Kaybolan kitaplar dosyas\u0131 okul k\u00fct\u00fcphanesine bomba gibi d\u00fc\u015fs\u00fcn. Gere\u011fi d\u00fc\u015f\u00fcn\u00fcls\u00fcn, sorumlular sorguya al\u0131ns\u0131n, \u00f6n yarg\u0131lar yarg\u0131lans\u0131n!<\/p>\n","protected":false},"excerpt":{"rendered":"<p>\u201cSiz hi\u00e7 kitaplar\u0131n \u00f6ylece kaybolup gitti\u011fini duydunuz mu? Bir insan hayat\u0131 boyunca pek \u00e7ok \u015feyi kaybedebilir. Bu bazen bir kalem, bazen bir \u00e7orap, -ki \u00e7oraplar kaybolmay\u0131<span class=\"excerpt-hellip\"> [\u2026]<\/span><\/p>\n","protected":false},"featured_media":0,"template":"","meta":{"_monsterinsights_skip_tracking":false,"_monsterinsights_sitenote_active":false,"_monsterinsights_sitenote_note":"","_monsterinsights_sitenote_category":0},"product_brand":[],"product_cat":[12274,12284],"product_tag":[],"class_list":{"0":"post-768187","1":"product","2":"type-product","3":"status-publish","5":"product_cat-cocuk-ve-genclik-kitaplari","6":"product_cat-hikayeler","7":"pa_cilt-ciltsiz","8":"pa_tur-kitap","9":"pa_yayinevi-tulu-kitap","10":"pa_yazar-fatma-zehra-aydemir","12":"first","13":"instock","14":"sale","15":"shipping-taxable","16":"purchasable","17":"product-type-simple"},"_links":{"self":[{"href":"https:\/\/roveyayinevi.com.tr\/index.php\/wp-json\/wp\/v2\/product\/768187","targetHints":{"allow":["GET"]}}],"collection":[{"href":"https:\/\/roveyayinevi.com.tr\/index.php\/wp-json\/wp\/v2\/product"}],"about":[{"href":"https:\/\/roveyayinevi.com.tr\/index.php\/wp-json\/wp\/v2\/types\/product"}],"wp:attachment":[{"href":"https:\/\/roveyayinevi.com.tr\/index.php\/wp-json\/wp\/v2\/media?parent=768187"}],"wp:term":[{"taxonomy":"product_brand","embeddable":true,"href":"https:\/\/roveyayinevi.com.tr\/index.php\/wp-json\/wp\/v2\/product_brand?post=768187"},{"taxonomy":"product_cat","embeddable":true,"href":"https:\/\/roveyayinevi.com.tr\/index.php\/wp-json\/wp\/v2\/product_cat?post=768187"},{"taxonomy":"product_tag","embeddable":true,"href":"https:\/\/roveyayinevi.com.tr\/index.php\/wp-json\/wp\/v2\/product_tag?post=768187"}],"curies":[{"name":"wp","href":"https:\/\/api.w.org\/{rel}","templated":true}]}}