{"id":768184,"date":"2025-08-28T13:12:01","date_gmt":"2025-08-28T10:12:01","guid":{"rendered":"https:\/\/roveyayinevi.com.tr\/index.php\/urun\/aynanin-kirildigi-gun\/"},"modified":"2026-04-15T03:34:02","modified_gmt":"2026-04-15T00:34:02","slug":"aynanin-kirildigi-gun","status":"publish","type":"product","link":"https:\/\/roveyayinevi.com.tr\/index.php\/urun\/aynanin-kirildigi-gun\/","title":{"rendered":"Aynan\u0131n K\u0131r\u0131ld\u0131\u011f\u0131 G\u00fcn"},"content":{"rendered":"<p>Sana bir s\u0131r vereyim mi! Bu kitapta \u015fehrin insanlar\u0131n\u0131 arkas\u0131nda s\u00fcr\u00fckleyen bir \u00e7ocuk var! Bu \u00e7ocuk nereye gidiyor? Ne ar\u0131yor sence? D\u00fcnyan\u0131n en tuhaf k\u00f6pr\u00fcs\u00fc neden tuhaf? O k\u00f6pr\u00fcden kim ge\u00e7er? K\u00fc\u00e7\u00fck bir ipucu daha: Renkleri y\u00f6neten ku\u015f uyuyakalm\u0131\u015f! \u015eimdi ne olacak dersin? K\u0131rm\u0131z\u0131 sulu\u011fu devrilen \u00e7ocuk \u0131sland\u0131 m\u0131 acaba? Hayal g\u00fcc\u00fcyle \u00e7al\u0131\u015fan defteri kim yapt\u0131? \u00c7ocuklar\u0131n ba\u015f\u0131na \u00f6r\u00fclen \u00e7oraplar\u0131 kim s\u00f6kecek? Bir soru daha: Aynan\u0131n k\u0131r\u0131ld\u0131\u011f\u0131 g\u00fcn ne oldu? <\/p>\n","protected":false},"excerpt":{"rendered":"<p>Sana bir s\u0131r vereyim mi! Bu kitapta \u015fehrin insanlar\u0131n\u0131 arkas\u0131nda s\u00fcr\u00fckleyen bir \u00e7ocuk var! Bu \u00e7ocuk nereye gidiyor? Ne ar\u0131yor sence? D\u00fcnyan\u0131n en tuhaf k\u00f6pr\u00fcs\u00fc neden<span class=\"excerpt-hellip\"> [\u2026]<\/span><\/p>\n","protected":false},"featured_media":0,"template":"","meta":{"_monsterinsights_skip_tracking":false,"_monsterinsights_sitenote_active":false,"_monsterinsights_sitenote_note":"","_monsterinsights_sitenote_category":0},"product_brand":[],"product_cat":[12274,12284],"product_tag":[],"class_list":{"0":"post-768184","1":"product","2":"type-product","3":"status-publish","5":"product_cat-cocuk-ve-genclik-kitaplari","6":"product_cat-hikayeler","7":"pa_cilt-ciltsiz","8":"pa_tur-kitap","9":"pa_yayinevi-tulu-kitap","10":"pa_yazar-yunus-mese","12":"first","13":"instock","14":"sale","15":"shipping-taxable","16":"purchasable","17":"product-type-simple"},"_links":{"self":[{"href":"https:\/\/roveyayinevi.com.tr\/index.php\/wp-json\/wp\/v2\/product\/768184","targetHints":{"allow":["GET"]}}],"collection":[{"href":"https:\/\/roveyayinevi.com.tr\/index.php\/wp-json\/wp\/v2\/product"}],"about":[{"href":"https:\/\/roveyayinevi.com.tr\/index.php\/wp-json\/wp\/v2\/types\/product"}],"wp:attachment":[{"href":"https:\/\/roveyayinevi.com.tr\/index.php\/wp-json\/wp\/v2\/media?parent=768184"}],"wp:term":[{"taxonomy":"product_brand","embeddable":true,"href":"https:\/\/roveyayinevi.com.tr\/index.php\/wp-json\/wp\/v2\/product_brand?post=768184"},{"taxonomy":"product_cat","embeddable":true,"href":"https:\/\/roveyayinevi.com.tr\/index.php\/wp-json\/wp\/v2\/product_cat?post=768184"},{"taxonomy":"product_tag","embeddable":true,"href":"https:\/\/roveyayinevi.com.tr\/index.php\/wp-json\/wp\/v2\/product_tag?post=768184"}],"curies":[{"name":"wp","href":"https:\/\/api.w.org\/{rel}","templated":true}]}}