{"id":768183,"date":"2025-08-28T13:11:59","date_gmt":"2025-08-28T10:11:59","guid":{"rendered":"https:\/\/roveyayinevi.com.tr\/index.php\/urun\/asimin-yolu\/"},"modified":"2026-04-15T03:34:02","modified_gmt":"2026-04-15T00:34:02","slug":"asimin-yolu","status":"publish","type":"product","link":"https:\/\/roveyayinevi.com.tr\/index.php\/urun\/asimin-yolu\/","title":{"rendered":"As\u0131m\u2019\u0131n Yolu"},"content":{"rendered":"<p>Uzun ve me\u015fakkatli bir yolculuk\u2026 As\u0131m at\u0131ld\u0131\u011f\u0131 bu macerada hi\u00e7 ummad\u0131\u011f\u0131 \u015feylerle kar\u015f\u0131la\u015f\u0131p tam bitti dedi\u011fi anda asl\u0131nda her \u015feyin yeni ba\u015flad\u0131\u011f\u0131n\u0131 fark ediyor. \u00c7\u0131kt\u0131\u011f\u0131 bu yolun sonunda hayat ona yeni kap\u0131lar a\u00e7\u0131yor ve bu kap\u0131 da yeni bir yolculu\u011fu i\u015faret ediyor. &#8220;Kap\u0131y\u0131 a\u00e7an iki anahtar; biri As\u0131m, biri Cahit! \u0130kisinden ba\u015fkas\u0131n\u0131n g\u00f6rmedi\u011fi yerler&#8230;&#8221; Varmak m\u0131 daha \u00f6nemli yoksa yolda olmak m\u0131? Kap\u0131n\u0131n arkas\u0131ndakileri g\u00f6rmek mi daha \u00f6nemli yoksa kap\u0131y\u0131 a\u00e7maya \u00e7al\u0131\u015fmak m\u0131? Bu sorular\u0131n cevab\u0131n\u0131n bir k\u0131sm\u0131 bu kitapta bir k\u0131sm\u0131 da sende. <\/p>\n","protected":false},"excerpt":{"rendered":"<p>Uzun ve me\u015fakkatli bir yolculuk\u2026 As\u0131m at\u0131ld\u0131\u011f\u0131 bu macerada hi\u00e7 ummad\u0131\u011f\u0131 \u015feylerle kar\u015f\u0131la\u015f\u0131p tam bitti dedi\u011fi anda asl\u0131nda her \u015feyin yeni ba\u015flad\u0131\u011f\u0131n\u0131 fark ediyor. \u00c7\u0131kt\u0131\u011f\u0131 bu<span class=\"excerpt-hellip\"> [\u2026]<\/span><\/p>\n","protected":false},"featured_media":0,"template":"","meta":{"_monsterinsights_skip_tracking":false,"_monsterinsights_sitenote_active":false,"_monsterinsights_sitenote_note":"","_monsterinsights_sitenote_category":0},"product_brand":[],"product_cat":[12274,12284],"product_tag":[],"class_list":{"0":"post-768183","1":"product","2":"type-product","3":"status-publish","5":"product_cat-cocuk-ve-genclik-kitaplari","6":"product_cat-hikayeler","7":"pa_cilt-ciltsiz","8":"pa_tur-kitap","9":"pa_yayinevi-tulu-kitap","10":"pa_yazar-enes-celep","12":"first","13":"instock","14":"sale","15":"shipping-taxable","16":"purchasable","17":"product-type-simple"},"_links":{"self":[{"href":"https:\/\/roveyayinevi.com.tr\/index.php\/wp-json\/wp\/v2\/product\/768183","targetHints":{"allow":["GET"]}}],"collection":[{"href":"https:\/\/roveyayinevi.com.tr\/index.php\/wp-json\/wp\/v2\/product"}],"about":[{"href":"https:\/\/roveyayinevi.com.tr\/index.php\/wp-json\/wp\/v2\/types\/product"}],"wp:attachment":[{"href":"https:\/\/roveyayinevi.com.tr\/index.php\/wp-json\/wp\/v2\/media?parent=768183"}],"wp:term":[{"taxonomy":"product_brand","embeddable":true,"href":"https:\/\/roveyayinevi.com.tr\/index.php\/wp-json\/wp\/v2\/product_brand?post=768183"},{"taxonomy":"product_cat","embeddable":true,"href":"https:\/\/roveyayinevi.com.tr\/index.php\/wp-json\/wp\/v2\/product_cat?post=768183"},{"taxonomy":"product_tag","embeddable":true,"href":"https:\/\/roveyayinevi.com.tr\/index.php\/wp-json\/wp\/v2\/product_tag?post=768183"}],"curies":[{"name":"wp","href":"https:\/\/api.w.org\/{rel}","templated":true}]}}