{"id":768181,"date":"2025-08-28T13:11:55","date_gmt":"2025-08-28T10:11:55","guid":{"rendered":"https:\/\/roveyayinevi.com.tr\/index.php\/urun\/akame-keser-5\/"},"modified":"2026-04-15T03:34:02","modified_gmt":"2026-04-15T00:34:02","slug":"akame-keser-5","status":"publish","type":"product","link":"https:\/\/roveyayinevi.com.tr\/index.php\/urun\/akame-keser-5\/","title":{"rendered":"Akame, Keser 5"},"content":{"rendered":"<p>DOKTOR STYL\u0130SH GECE AKINCILARI\u2019NA SALDIRIR. TATSUM\u0130LER TAM K\u00d6\u015eEYE SIKI\u015eTIKLARINDA \u0130SE KAR\u015eILARINA YEN\u0130 SU\u0130KAST\u00c7ILAR \u00c7IKAR. YEN\u0130 KARAKTERLER\u0130N DAH\u0130L OLU\u015eUYLA OLAYLAR \u0130Y\u0130CE HAREKETLEN\u0130R. BU HEYECAN DOLU KARANLIK H\u0130K\u00c2YE, BE\u015e\u0130NC\u0130 C\u0130LD\u0130YLE KAR\u015eINIZDA! <\/p>\n","protected":false},"excerpt":{"rendered":"<p>DOKTOR STYL\u0130SH GECE AKINCILARI\u2019NA SALDIRIR. TATSUM\u0130LER TAM K\u00d6\u015eEYE SIKI\u015eTIKLARINDA \u0130SE KAR\u015eILARINA YEN\u0130 SU\u0130KAST\u00c7ILAR \u00c7IKAR. YEN\u0130 KARAKTERLER\u0130N DAH\u0130L OLU\u015eUYLA OLAYLAR \u0130Y\u0130CE HAREKETLEN\u0130R. BU HEYECAN DOLU KARANLIK H\u0130K\u00c2YE,<span class=\"excerpt-hellip\"> [\u2026]<\/span><\/p>\n","protected":false},"featured_media":0,"template":"","meta":{"_monsterinsights_skip_tracking":false,"_monsterinsights_sitenote_active":false,"_monsterinsights_sitenote_note":"","_monsterinsights_sitenote_category":0},"product_brand":[],"product_cat":[12416,12291],"product_tag":[],"class_list":{"0":"post-768181","1":"product","2":"type-product","3":"status-publish","5":"product_cat-cizgi-roman","6":"product_cat-edebiyat","7":"pa_cilt-ciltsiz","8":"pa_tur-kitap","9":"pa_yayinevi-athica-yayinlari","10":"pa_yazar-takahiro","12":"first","13":"instock","14":"sale","15":"shipping-taxable","16":"purchasable","17":"product-type-simple"},"_links":{"self":[{"href":"https:\/\/roveyayinevi.com.tr\/index.php\/wp-json\/wp\/v2\/product\/768181","targetHints":{"allow":["GET"]}}],"collection":[{"href":"https:\/\/roveyayinevi.com.tr\/index.php\/wp-json\/wp\/v2\/product"}],"about":[{"href":"https:\/\/roveyayinevi.com.tr\/index.php\/wp-json\/wp\/v2\/types\/product"}],"wp:attachment":[{"href":"https:\/\/roveyayinevi.com.tr\/index.php\/wp-json\/wp\/v2\/media?parent=768181"}],"wp:term":[{"taxonomy":"product_brand","embeddable":true,"href":"https:\/\/roveyayinevi.com.tr\/index.php\/wp-json\/wp\/v2\/product_brand?post=768181"},{"taxonomy":"product_cat","embeddable":true,"href":"https:\/\/roveyayinevi.com.tr\/index.php\/wp-json\/wp\/v2\/product_cat?post=768181"},{"taxonomy":"product_tag","embeddable":true,"href":"https:\/\/roveyayinevi.com.tr\/index.php\/wp-json\/wp\/v2\/product_tag?post=768181"}],"curies":[{"name":"wp","href":"https:\/\/api.w.org\/{rel}","templated":true}]}}