{"id":768180,"date":"2025-08-28T13:11:53","date_gmt":"2025-08-28T10:11:53","guid":{"rendered":"https:\/\/roveyayinevi.com.tr\/index.php\/urun\/nasil-prenses-oldum-5\/"},"modified":"2026-04-15T03:34:02","modified_gmt":"2026-04-15T00:34:02","slug":"nasil-prenses-oldum-5","status":"publish","type":"product","link":"https:\/\/roveyayinevi.com.tr\/index.php\/urun\/nasil-prenses-oldum-5\/","title":{"rendered":"Nas\u0131l Prenses Oldum 5"},"content":{"rendered":"<p>LUCAS, SONUNDA D\u00dcNYA A\u011eACI\u2019NDAN GER\u0130 D\u00d6N\u00dcYOR. NEREDE KALDIN? SEN\u0130 NE KADAR BEKLED\u0130\u011e\u0130M\u0130 B\u0130L\u0130YOR MUSUN? SEN BURADA YOKKSEN YOKKEN B\u00dcY\u00dc ENERJ\u0130S\u0130EN ENERJ\u0130S\u0130 PATLAMASI Y\u00dcZ\u00dcNDEN NEREDEYSE \u00d6L\u00dcYORDUM! BABAM HAFIZASINI KAYBETT\u0130! BEN\u0130 \u00d6LD\u00dcRMEYE \u00c7ALI\u015eAN BABAMDAN KA\u00c7MAK \u0130\u00c7\u0130NBEN\u0130 \u0130\u00c7\u0130N ORADA BURADA DOLANIP DURDUM! ARTIK LUCAS D\u00d6ND\u00dc\u011e\u00dcNE G\u00d6RE, GER\u0130YE B\u0130R TEK BABAMIN HAFIZASINI GER\u0130 KAZANMASI KALDI, DE\u011e\u0130L M\u0130? HA? AMA LUCAS\u2019IN TEPK\u0130S\u0130 NE OLACAK?&#8230; SEN, BABANIN HAFIZASINI KAYBETT\u0130\u011e\u0130N\u0130 S\u00d6YLEMED\u0130N M\u0130? N\u0130YE \u00d6L\u00dc G\u0130B\u0130? BU DA NE DEMEK? BABAM KARANLIK B\u0130R B\u00dcY\u00dc LANET\u0130NDEN DOLAYI \u00d6L\u00dcYOR MU? BABAMI KURTARMANIN B\u0130R YOLU YOK MU? <\/p>\n","protected":false},"excerpt":{"rendered":"<p>LUCAS, SONUNDA D\u00dcNYA A\u011eACI\u2019NDAN GER\u0130 D\u00d6N\u00dcYOR. NEREDE KALDIN? SEN\u0130 NE KADAR BEKLED\u0130\u011e\u0130M\u0130 B\u0130L\u0130YOR MUSUN? SEN BURADA YOKKSEN YOKKEN B\u00dcY\u00dc ENERJ\u0130S\u0130EN ENERJ\u0130S\u0130 PATLAMASI Y\u00dcZ\u00dcNDEN NEREDEYSE \u00d6L\u00dcYORDUM! BABAM<span class=\"excerpt-hellip\"> [\u2026]<\/span><\/p>\n","protected":false},"featured_media":0,"template":"","meta":{"_monsterinsights_skip_tracking":false,"_monsterinsights_sitenote_active":false,"_monsterinsights_sitenote_note":"","_monsterinsights_sitenote_category":0},"product_brand":[],"product_cat":[12416,12291],"product_tag":[],"class_list":{"0":"post-768180","1":"product","2":"type-product","3":"status-publish","5":"product_cat-cizgi-roman","6":"product_cat-edebiyat","7":"pa_cilt-ciltsiz","8":"pa_tur-kitap","9":"pa_yayinevi-athica-yayinlari","10":"pa_yazar-plutus","12":"first","13":"instock","14":"sale","15":"shipping-taxable","16":"purchasable","17":"product-type-simple"},"_links":{"self":[{"href":"https:\/\/roveyayinevi.com.tr\/index.php\/wp-json\/wp\/v2\/product\/768180","targetHints":{"allow":["GET"]}}],"collection":[{"href":"https:\/\/roveyayinevi.com.tr\/index.php\/wp-json\/wp\/v2\/product"}],"about":[{"href":"https:\/\/roveyayinevi.com.tr\/index.php\/wp-json\/wp\/v2\/types\/product"}],"wp:attachment":[{"href":"https:\/\/roveyayinevi.com.tr\/index.php\/wp-json\/wp\/v2\/media?parent=768180"}],"wp:term":[{"taxonomy":"product_brand","embeddable":true,"href":"https:\/\/roveyayinevi.com.tr\/index.php\/wp-json\/wp\/v2\/product_brand?post=768180"},{"taxonomy":"product_cat","embeddable":true,"href":"https:\/\/roveyayinevi.com.tr\/index.php\/wp-json\/wp\/v2\/product_cat?post=768180"},{"taxonomy":"product_tag","embeddable":true,"href":"https:\/\/roveyayinevi.com.tr\/index.php\/wp-json\/wp\/v2\/product_tag?post=768180"}],"curies":[{"name":"wp","href":"https:\/\/api.w.org\/{rel}","templated":true}]}}