{"id":768179,"date":"2025-08-28T13:11:51","date_gmt":"2025-08-28T10:11:51","guid":{"rendered":"https:\/\/roveyayinevi.com.tr\/index.php\/urun\/firtinali-bir-hayat\/"},"modified":"2026-04-15T03:34:02","modified_gmt":"2026-04-15T00:34:02","slug":"firtinali-bir-hayat","status":"publish","type":"product","link":"https:\/\/roveyayinevi.com.tr\/index.php\/urun\/firtinali-bir-hayat\/","title":{"rendered":"F\u0131rt\u0131nal\u0131 Bir Hayat"},"content":{"rendered":"<p>\u201cAMA BEN HEP SOKAK ARALARINI, TENHA YERLER\u0130, KARANLIK \u00c7IKMAZLARI TERC\u0130H ETT\u0130M. MACERALAR, S\u00dcRPR\u0130ZLER, \u00c7AMURDAK\u0130 \u0130NC\u0130LER HEP ORADA&#8230;\u201d Dostoyevski\u2019nin eserleri incelendi\u011finde ilk dikkat \u00e7eken \u015feylerden biri ku\u015fkusuz eserlerinin ya\u015fam\u0131ndan fazlaca izler ta\u015f\u0131mas\u0131d\u0131r. Bu y\u00f6n\u00fcyle o, ya\u015famak i\u00e7in yazm\u0131\u015f; yazmak i\u00e7in de ya\u015fam\u0131\u015ft\u0131r.  Belki de bunun i\u00e7in hayat hik\u00e2yesi onun en b\u00fcy\u00fck roman\u0131d\u0131r. Onun hayat hik\u00e2yesini okumak da en b\u00fcy\u00fck roman\u0131n\u0131 okumak gibidir. Dostoyevski ad\u0131 nereden gelmektedir? Dostoyevski nas\u0131l bir \u00e7ocuktu? \u0130lk hik\u00e2yelerini kimden dinledi? Dostoyevski\u2019nin annesi ve babas\u0131 nas\u0131l insanlard\u0131? Baba Dostoyevski\u2019nin \u00f6l\u00fcm\u00fc Dostoyevski\u2019yi neden su\u00e7lulu\u011fa itti? Neden idama mahk\u00fbm edildi? Kumar ba\u011f\u0131ml\u0131l\u0131\u011f\u0131 neyi simgeliyordu? Hangi roman\u0131n\u0131 25 g\u00fcnde yazmak zorunda kald\u0131? E\u015fine evlilik teklifini nas\u0131l yapt\u0131? Hangi kitab\u0131 gelece\u011fi g\u00f6ren bir kehanetler kitab\u0131yd\u0131? Su\u00e7 ve Ceza roman\u0131 hangi \u015fartlarda yaz\u0131ld\u0131 ve hangi olaya dayan\u0131yordu? Raskolnikov ad\u0131 asl\u0131nda nereden gelmektedir? <\/p>\n","protected":false},"excerpt":{"rendered":"<p>\u201cAMA BEN HEP SOKAK ARALARINI, TENHA YERLER\u0130, KARANLIK \u00c7IKMAZLARI TERC\u0130H ETT\u0130M. MACERALAR, S\u00dcRPR\u0130ZLER, \u00c7AMURDAK\u0130 \u0130NC\u0130LER HEP ORADA&#8230;\u201d Dostoyevski\u2019nin eserleri incelendi\u011finde ilk dikkat \u00e7eken \u015feylerden biri ku\u015fkusuz<span class=\"excerpt-hellip\"> [\u2026]<\/span><\/p>\n","protected":false},"featured_media":0,"template":"","meta":{"_monsterinsights_skip_tracking":false,"_monsterinsights_sitenote_active":false,"_monsterinsights_sitenote_note":"","_monsterinsights_sitenote_category":0},"product_brand":[],"product_cat":[14009,12291],"product_tag":[],"class_list":{"0":"post-768179","1":"product","2":"type-product","3":"status-publish","5":"product_cat-biyografi-otobiyografi-edebiyat","6":"product_cat-edebiyat","7":"pa_cilt-ciltsiz","8":"pa_tur-kitap","9":"pa_yayinevi-destek-yayinlari","10":"pa_yazar-kerem-kina-umut-kina","12":"first","13":"instock","14":"sale","15":"shipping-taxable","16":"purchasable","17":"product-type-simple"},"_links":{"self":[{"href":"https:\/\/roveyayinevi.com.tr\/index.php\/wp-json\/wp\/v2\/product\/768179","targetHints":{"allow":["GET"]}}],"collection":[{"href":"https:\/\/roveyayinevi.com.tr\/index.php\/wp-json\/wp\/v2\/product"}],"about":[{"href":"https:\/\/roveyayinevi.com.tr\/index.php\/wp-json\/wp\/v2\/types\/product"}],"wp:attachment":[{"href":"https:\/\/roveyayinevi.com.tr\/index.php\/wp-json\/wp\/v2\/media?parent=768179"}],"wp:term":[{"taxonomy":"product_brand","embeddable":true,"href":"https:\/\/roveyayinevi.com.tr\/index.php\/wp-json\/wp\/v2\/product_brand?post=768179"},{"taxonomy":"product_cat","embeddable":true,"href":"https:\/\/roveyayinevi.com.tr\/index.php\/wp-json\/wp\/v2\/product_cat?post=768179"},{"taxonomy":"product_tag","embeddable":true,"href":"https:\/\/roveyayinevi.com.tr\/index.php\/wp-json\/wp\/v2\/product_tag?post=768179"}],"curies":[{"name":"wp","href":"https:\/\/api.w.org\/{rel}","templated":true}]}}