{"id":768176,"date":"2025-08-28T13:11:45","date_gmt":"2025-08-28T10:11:45","guid":{"rendered":"https:\/\/roveyayinevi.com.tr\/index.php\/urun\/yurekten-affedebilmek\/"},"modified":"2026-04-15T03:34:02","modified_gmt":"2026-04-15T00:34:02","slug":"yurekten-affedebilmek","status":"publish","type":"product","link":"https:\/\/roveyayinevi.com.tr\/index.php\/urun\/yurekten-affedebilmek\/","title":{"rendered":"Y\u00fcrekten Affedebilmek"},"content":{"rendered":"<p>Affetmenin iyile\u015ftirici g\u00fcc\u00fcne dair en pratik k\u0131lavuz.   \u0130nsan ili\u015fkileri, hayatta b\u0131rakt\u0131\u011f\u0131m\u0131z izler ve y\u00fcrekten gelen ba\u011f\u0131\u015flama\u2026 Colin Tipping\u2019in devrim niteli\u011findeki eseri Y\u00fcrekten Affedebilmek, ki\u015fisel d\u00f6n\u00fc\u015f\u00fcm ve iyile\u015fme yolunda cesur bir ad\u0131m atmak isteyenler i\u00e7in rehber niteli\u011finde bir kaynak. Y\u00fcrekten Affedebilmek\u2019i okudu\u011funuzda \u015funlar\u0131 ke\u015ffedeceksiniz: \u2022  \u0130li\u015fkilerinizde iyile\u015fme sa\u011flama yollar\u0131 \u2022  \u0130\u00e7sel huzurunuzu bulman\u0131n anahtarlar\u0131 \u2022  \u00d6fke ve k\u0131rg\u0131nl\u0131klar\u0131n\u0131z\u0131 d\u00f6n\u00fc\u015ft\u00fcrme teknikleri Tipping, al\u0131\u015f\u0131lm\u0131\u015f ba\u011f\u0131\u015flama kavram\u0131n\u0131 yeniden tan\u0131ml\u0131yor ve bizi ge\u00e7mi\u015fin ac\u0131lar\u0131n\u0131, \u00f6fke ve su\u00e7lamalar\u0131n\u0131 geride b\u0131rakmaya davet ediyor. Bu kitap yaln\u0131zca bireysel iyile\u015fmenin de\u011fil, toplumsal de\u011fi\u015fimin de anahtar\u0131n\u0131 sunuyor. Radikal bir anlay\u0131\u015fla, huzura, sevgiye ve \u00f6zg\u00fcrl\u00fc\u011fe ad\u0131m atmaya haz\u0131r m\u0131s\u0131n\u0131z? <\/p>\n","protected":false},"excerpt":{"rendered":"<p>Affetmenin iyile\u015ftirici g\u00fcc\u00fcne dair en pratik k\u0131lavuz. \u0130nsan ili\u015fkileri, hayatta b\u0131rakt\u0131\u011f\u0131m\u0131z izler ve y\u00fcrekten gelen ba\u011f\u0131\u015flama\u2026 Colin Tipping\u2019in devrim niteli\u011findeki eseri Y\u00fcrekten Affedebilmek, ki\u015fisel d\u00f6n\u00fc\u015f\u00fcm ve<span class=\"excerpt-hellip\"> [\u2026]<\/span><\/p>\n","protected":false},"featured_media":0,"template":"","meta":{"_monsterinsights_skip_tracking":false,"_monsterinsights_sitenote_active":false,"_monsterinsights_sitenote_note":"","_monsterinsights_sitenote_category":0},"product_brand":[],"product_cat":[12364,12376],"product_tag":[],"class_list":{"0":"post-768176","1":"product","2":"type-product","3":"status-publish","5":"product_cat-genel-konular","6":"product_cat-kisisel-gelisim","7":"pa_cilt-ciltsiz","8":"pa_tur-kitap","9":"pa_yayinevi-destek-yayinlari","10":"pa_yazar-colin-tipping","12":"first","13":"instock","14":"sale","15":"shipping-taxable","16":"purchasable","17":"product-type-simple"},"_links":{"self":[{"href":"https:\/\/roveyayinevi.com.tr\/index.php\/wp-json\/wp\/v2\/product\/768176","targetHints":{"allow":["GET"]}}],"collection":[{"href":"https:\/\/roveyayinevi.com.tr\/index.php\/wp-json\/wp\/v2\/product"}],"about":[{"href":"https:\/\/roveyayinevi.com.tr\/index.php\/wp-json\/wp\/v2\/types\/product"}],"wp:attachment":[{"href":"https:\/\/roveyayinevi.com.tr\/index.php\/wp-json\/wp\/v2\/media?parent=768176"}],"wp:term":[{"taxonomy":"product_brand","embeddable":true,"href":"https:\/\/roveyayinevi.com.tr\/index.php\/wp-json\/wp\/v2\/product_brand?post=768176"},{"taxonomy":"product_cat","embeddable":true,"href":"https:\/\/roveyayinevi.com.tr\/index.php\/wp-json\/wp\/v2\/product_cat?post=768176"},{"taxonomy":"product_tag","embeddable":true,"href":"https:\/\/roveyayinevi.com.tr\/index.php\/wp-json\/wp\/v2\/product_tag?post=768176"}],"curies":[{"name":"wp","href":"https:\/\/api.w.org\/{rel}","templated":true}]}}