{"id":768174,"date":"2025-08-28T13:11:41","date_gmt":"2025-08-28T10:11:41","guid":{"rendered":"https:\/\/roveyayinevi.com.tr\/index.php\/urun\/akame-keser-6\/"},"modified":"2026-04-15T03:34:02","modified_gmt":"2026-04-15T00:34:02","slug":"akame-keser-6","status":"publish","type":"product","link":"https:\/\/roveyayinevi.com.tr\/index.php\/urun\/akame-keser-6\/","title":{"rendered":"Akame, Keser 6"},"content":{"rendered":"<p>YEN\u0130 VE TEHL\u0130KEL\u0130 T\u00dcRLER\u0130 YOK ETMEYE G\u0130DEN TATSUM\u0130, ESDEATH\u2019LE N\u0130HAYET TEKRAR KAR\u015eILA\u015eIR.   ESDEATH\u2019\u0130 M\u00dcTTEF\u0130KLER\u0130NDEN B\u0130R\u0130 YAPMAYA KARARLI OLAN TATSUM\u0130, BUNU BA\u015eARAB\u0130LECEK M\u0130D\u0130R?   \u201cMAJ\u0130 DE WATASH\u0130 N\u0130 KO\u0130 WOSH\u0130NASA\u0130!\u201dN\u0130N YARATICISI TAKAH\u0130RO\u2019NUN ACIMASIZ VE AKS\u0130YON DOLU KARANLIK SER\u0130S\u0130 ALTINCI C\u0130LD\u0130YLE KAR\u015eINIZDA!!! <\/p>\n","protected":false},"excerpt":{"rendered":"<p>YEN\u0130 VE TEHL\u0130KEL\u0130 T\u00dcRLER\u0130 YOK ETMEYE G\u0130DEN TATSUM\u0130, ESDEATH\u2019LE N\u0130HAYET TEKRAR KAR\u015eILA\u015eIR. ESDEATH\u2019\u0130 M\u00dcTTEF\u0130KLER\u0130NDEN B\u0130R\u0130 YAPMAYA KARARLI OLAN TATSUM\u0130, BUNU BA\u015eARAB\u0130LECEK M\u0130D\u0130R? \u201cMAJ\u0130 DE WATASH\u0130 N\u0130<span class=\"excerpt-hellip\"> [\u2026]<\/span><\/p>\n","protected":false},"featured_media":0,"template":"","meta":{"_monsterinsights_skip_tracking":false,"_monsterinsights_sitenote_active":false,"_monsterinsights_sitenote_note":"","_monsterinsights_sitenote_category":0},"product_brand":[],"product_cat":[12416,12291],"product_tag":[],"class_list":{"0":"post-768174","1":"product","2":"type-product","3":"status-publish","5":"product_cat-cizgi-roman","6":"product_cat-edebiyat","7":"pa_cilt-ciltsiz","8":"pa_tur-kitap","9":"pa_yayinevi-athica-yayinlari","10":"pa_yazar-takahiro","12":"first","13":"instock","14":"sale","15":"shipping-taxable","16":"purchasable","17":"product-type-simple"},"_links":{"self":[{"href":"https:\/\/roveyayinevi.com.tr\/index.php\/wp-json\/wp\/v2\/product\/768174","targetHints":{"allow":["GET"]}}],"collection":[{"href":"https:\/\/roveyayinevi.com.tr\/index.php\/wp-json\/wp\/v2\/product"}],"about":[{"href":"https:\/\/roveyayinevi.com.tr\/index.php\/wp-json\/wp\/v2\/types\/product"}],"wp:attachment":[{"href":"https:\/\/roveyayinevi.com.tr\/index.php\/wp-json\/wp\/v2\/media?parent=768174"}],"wp:term":[{"taxonomy":"product_brand","embeddable":true,"href":"https:\/\/roveyayinevi.com.tr\/index.php\/wp-json\/wp\/v2\/product_brand?post=768174"},{"taxonomy":"product_cat","embeddable":true,"href":"https:\/\/roveyayinevi.com.tr\/index.php\/wp-json\/wp\/v2\/product_cat?post=768174"},{"taxonomy":"product_tag","embeddable":true,"href":"https:\/\/roveyayinevi.com.tr\/index.php\/wp-json\/wp\/v2\/product_tag?post=768174"}],"curies":[{"name":"wp","href":"https:\/\/api.w.org\/{rel}","templated":true}]}}