{"id":768171,"date":"2025-08-28T13:11:34","date_gmt":"2025-08-28T10:11:34","guid":{"rendered":"https:\/\/roveyayinevi.com.tr\/index.php\/urun\/merakli-zebra-ile-sayi-maceram\/"},"modified":"2026-04-15T03:34:02","modified_gmt":"2026-04-15T00:34:02","slug":"merakli-zebra-ile-sayi-maceram","status":"publish","type":"product","link":"https:\/\/roveyayinevi.com.tr\/index.php\/urun\/merakli-zebra-ile-sayi-maceram\/","title":{"rendered":"Merakl\u0131 Zebra \u0130le Say\u0131 Maceram"},"content":{"rendered":"<p>1, 2, 3, 4, 5\u2026 Merakl\u0131 Zebra, say\u0131lara \u00e7ok merakl\u0131. Hadi say\u0131lar\u0131 birlikte \u00f6\u011frenelim! Merakl\u0131 Zebra ile Say\u0131 Maceram; \u00e7ocuklara 1\u2019den 10\u2019a kadar rakamlar\u0131n tan\u0131t\u0131lmas\u0131 ve etkinliklerle peki\u015ftirerek matemati\u011fi sevdirmesi amac\u0131yla haz\u0131rland\u0131. Matematik, okul \u00f6ncesi d\u00f6nemde \u00e7ocu\u011fun g\u00fcnl\u00fck ya\u015fant\u0131s\u0131nda kar\u015f\u0131la\u015ft\u0131\u011f\u0131 deneyimlerle ke\u015ffetti\u011fi bir beceridir ve hayat\u0131n her alan\u0131nda kar\u015f\u0131m\u0131za \u00e7\u0131kar. MEB Okul \u00d6ncesi E\u011fitim Program\u0131\u2019na uygun olarak haz\u0131rlanan bu kitapla hem matemati\u011fin g\u00fcnl\u00fck hayattaki yerine dikkat \u00e7ekmek hem de el-g\u00f6z koordinasyonu ve kalem tutma becerisine katk\u0131 sa\u011flamak ama\u00e7lanm\u0131\u015ft\u0131r. \u00c7ocuklar\u0131n say\u0131sal d\u00fc\u015f\u00fcnme becerisi kazanacaklar\u0131, matemati\u011fe ilgilerinin artaca\u011f\u0131 bu kitapla say\u0131lar\u0131 \u00f6\u011frenmek \u00e7ok e\u011flenceli! <\/p>\n","protected":false},"excerpt":{"rendered":"<p>1, 2, 3, 4, 5\u2026 Merakl\u0131 Zebra, say\u0131lara \u00e7ok merakl\u0131. Hadi say\u0131lar\u0131 birlikte \u00f6\u011frenelim! Merakl\u0131 Zebra ile Say\u0131 Maceram; \u00e7ocuklara 1\u2019den 10\u2019a kadar rakamlar\u0131n tan\u0131t\u0131lmas\u0131 ve<span class=\"excerpt-hellip\"> [\u2026]<\/span><\/p>\n","protected":false},"featured_media":0,"template":"","meta":{"_monsterinsights_skip_tracking":false,"_monsterinsights_sitenote_active":false,"_monsterinsights_sitenote_note":"","_monsterinsights_sitenote_category":0},"product_brand":[],"product_cat":[12274,15842],"product_tag":[],"class_list":{"0":"post-768171","1":"product","2":"type-product","3":"status-publish","5":"product_cat-cocuk-ve-genclik-kitaplari","6":"product_cat-egitici-kitaplar","7":"pa_cilt-ciltsiz","8":"pa_tur-kitap","9":"pa_yayinevi-is-bankasi-kultur-yayinlari","10":"pa_yazar-bahar-karaca","12":"first","13":"instock","14":"sale","15":"shipping-taxable","16":"purchasable","17":"product-type-simple"},"_links":{"self":[{"href":"https:\/\/roveyayinevi.com.tr\/index.php\/wp-json\/wp\/v2\/product\/768171","targetHints":{"allow":["GET"]}}],"collection":[{"href":"https:\/\/roveyayinevi.com.tr\/index.php\/wp-json\/wp\/v2\/product"}],"about":[{"href":"https:\/\/roveyayinevi.com.tr\/index.php\/wp-json\/wp\/v2\/types\/product"}],"wp:attachment":[{"href":"https:\/\/roveyayinevi.com.tr\/index.php\/wp-json\/wp\/v2\/media?parent=768171"}],"wp:term":[{"taxonomy":"product_brand","embeddable":true,"href":"https:\/\/roveyayinevi.com.tr\/index.php\/wp-json\/wp\/v2\/product_brand?post=768171"},{"taxonomy":"product_cat","embeddable":true,"href":"https:\/\/roveyayinevi.com.tr\/index.php\/wp-json\/wp\/v2\/product_cat?post=768171"},{"taxonomy":"product_tag","embeddable":true,"href":"https:\/\/roveyayinevi.com.tr\/index.php\/wp-json\/wp\/v2\/product_tag?post=768171"}],"curies":[{"name":"wp","href":"https:\/\/api.w.org\/{rel}","templated":true}]}}