{"id":768170,"date":"2025-08-28T13:11:32","date_gmt":"2025-08-28T10:11:32","guid":{"rendered":"https:\/\/roveyayinevi.com.tr\/index.php\/urun\/bana-bir-aslan-masali-anlat\/"},"modified":"2026-04-15T03:34:02","modified_gmt":"2026-04-15T00:34:02","slug":"bana-bir-aslan-masali-anlat","status":"publish","type":"product","link":"https:\/\/roveyayinevi.com.tr\/index.php\/urun\/bana-bir-aslan-masali-anlat\/","title":{"rendered":"Bana Bir Aslan Masal\u0131 Anlat"},"content":{"rendered":"<p>Bana bir masal anlat, YEN\u0130 bir masal! Sen de bir masal anlat\u0131c\u0131s\u0131 ol, masal\u0131 dinlerken bo\u015fluklar\u0131 doldur ve hayal g\u00fcc\u00fcn\u00fc \u00e7al\u0131\u015ft\u0131r!<\/p>\n","protected":false},"excerpt":{"rendered":"<p>Bana bir masal anlat, YEN\u0130 bir masal! Sen de bir masal anlat\u0131c\u0131s\u0131 ol, masal\u0131 dinlerken bo\u015fluklar\u0131 doldur ve hayal g\u00fcc\u00fcn\u00fc \u00e7al\u0131\u015ft\u0131r!<\/p>\n","protected":false},"featured_media":0,"template":"","meta":{"_monsterinsights_skip_tracking":false,"_monsterinsights_sitenote_active":false,"_monsterinsights_sitenote_note":"","_monsterinsights_sitenote_category":0},"product_brand":[],"product_cat":[12274,12518],"product_tag":[],"class_list":{"0":"post-768170","1":"product","2":"type-product","3":"status-publish","5":"product_cat-cocuk-ve-genclik-kitaplari","6":"product_cat-okul-oncesi-kitaplar","7":"pa_cilt-ciltsiz","8":"pa_tur-kitap","9":"pa_yayinevi-is-bankasi-kultur-yayinlari","10":"pa_yazar-kara-kramer","12":"first","13":"instock","14":"sale","15":"shipping-taxable","16":"purchasable","17":"product-type-simple"},"_links":{"self":[{"href":"https:\/\/roveyayinevi.com.tr\/index.php\/wp-json\/wp\/v2\/product\/768170","targetHints":{"allow":["GET"]}}],"collection":[{"href":"https:\/\/roveyayinevi.com.tr\/index.php\/wp-json\/wp\/v2\/product"}],"about":[{"href":"https:\/\/roveyayinevi.com.tr\/index.php\/wp-json\/wp\/v2\/types\/product"}],"wp:attachment":[{"href":"https:\/\/roveyayinevi.com.tr\/index.php\/wp-json\/wp\/v2\/media?parent=768170"}],"wp:term":[{"taxonomy":"product_brand","embeddable":true,"href":"https:\/\/roveyayinevi.com.tr\/index.php\/wp-json\/wp\/v2\/product_brand?post=768170"},{"taxonomy":"product_cat","embeddable":true,"href":"https:\/\/roveyayinevi.com.tr\/index.php\/wp-json\/wp\/v2\/product_cat?post=768170"},{"taxonomy":"product_tag","embeddable":true,"href":"https:\/\/roveyayinevi.com.tr\/index.php\/wp-json\/wp\/v2\/product_tag?post=768170"}],"curies":[{"name":"wp","href":"https:\/\/api.w.org\/{rel}","templated":true}]}}