{"id":768169,"date":"2025-08-28T13:11:30","date_gmt":"2025-08-28T10:11:30","guid":{"rendered":"https:\/\/roveyayinevi.com.tr\/index.php\/urun\/tig-ile-togun-buyuk-kesfi\/"},"modified":"2026-04-15T03:34:02","modified_gmt":"2026-04-15T00:34:02","slug":"tig-ile-togun-buyuk-kesfi","status":"publish","type":"product","link":"https:\/\/roveyayinevi.com.tr\/index.php\/urun\/tig-ile-togun-buyuk-kesfi\/","title":{"rendered":"Tig \u0130le Tog&#8217;un B\u00fcy\u00fck Ke\u015ffi"},"content":{"rendered":"<p>Tig, buldu\u011fu de\u011fne\u011fi Tog ile payla\u015fmak istemedi. De\u011fne\u011fiyle yeri kazarken, topra\u011f\u0131n alt\u0131nda \u00e7ok garip bir \u015fey oldu\u011funu fark etti. Ama bunun ne oldu\u011funu tek ba\u015f\u0131na ortaya \u00e7\u0131karmas\u0131 m\u00fcmk\u00fcn de\u011fildi. Tog, can dostunun yard\u0131m\u0131na ko\u015ftu ve birlikte muhte\u015fem bir ke\u015fif yapt\u0131lar! Payla\u015fman\u0131n, yard\u0131mla\u015fman\u0131n ve bir ama\u00e7 i\u00e7in pes etmeden \u00e7al\u0131\u015fman\u0131n \u00f6nemini anlatan bir hik\u00e2ye\u2026 <\/p>\n","protected":false},"excerpt":{"rendered":"<p>Tig, buldu\u011fu de\u011fne\u011fi Tog ile payla\u015fmak istemedi. De\u011fne\u011fiyle yeri kazarken, topra\u011f\u0131n alt\u0131nda \u00e7ok garip bir \u015fey oldu\u011funu fark etti. Ama bunun ne oldu\u011funu tek ba\u015f\u0131na ortaya<span class=\"excerpt-hellip\"> [\u2026]<\/span><\/p>\n","protected":false},"featured_media":0,"template":"","meta":{"_monsterinsights_skip_tracking":false,"_monsterinsights_sitenote_active":false,"_monsterinsights_sitenote_note":"","_monsterinsights_sitenote_category":0},"product_brand":[],"product_cat":[12274,12518],"product_tag":[],"class_list":{"0":"post-768169","1":"product","2":"type-product","3":"status-publish","5":"product_cat-cocuk-ve-genclik-kitaplari","6":"product_cat-okul-oncesi-kitaplar","7":"pa_cilt-ciltsiz","8":"pa_tur-kitap","9":"pa_yayinevi-is-bankasi-kultur-yayinlari","10":"pa_yazar-sally-garland","12":"first","13":"instock","14":"sale","15":"shipping-taxable","16":"purchasable","17":"product-type-simple"},"_links":{"self":[{"href":"https:\/\/roveyayinevi.com.tr\/index.php\/wp-json\/wp\/v2\/product\/768169","targetHints":{"allow":["GET"]}}],"collection":[{"href":"https:\/\/roveyayinevi.com.tr\/index.php\/wp-json\/wp\/v2\/product"}],"about":[{"href":"https:\/\/roveyayinevi.com.tr\/index.php\/wp-json\/wp\/v2\/types\/product"}],"wp:attachment":[{"href":"https:\/\/roveyayinevi.com.tr\/index.php\/wp-json\/wp\/v2\/media?parent=768169"}],"wp:term":[{"taxonomy":"product_brand","embeddable":true,"href":"https:\/\/roveyayinevi.com.tr\/index.php\/wp-json\/wp\/v2\/product_brand?post=768169"},{"taxonomy":"product_cat","embeddable":true,"href":"https:\/\/roveyayinevi.com.tr\/index.php\/wp-json\/wp\/v2\/product_cat?post=768169"},{"taxonomy":"product_tag","embeddable":true,"href":"https:\/\/roveyayinevi.com.tr\/index.php\/wp-json\/wp\/v2\/product_tag?post=768169"}],"curies":[{"name":"wp","href":"https:\/\/api.w.org\/{rel}","templated":true}]}}