{"id":768167,"date":"2025-08-28T13:11:25","date_gmt":"2025-08-28T10:11:25","guid":{"rendered":"https:\/\/roveyayinevi.com.tr\/index.php\/urun\/caglar-neredeyse-kayboluyordu\/"},"modified":"2026-04-12T03:25:36","modified_gmt":"2026-04-12T00:25:36","slug":"caglar-neredeyse-kayboluyordu","status":"publish","type":"product","link":"https:\/\/roveyayinevi.com.tr\/index.php\/urun\/caglar-neredeyse-kayboluyordu\/","title":{"rendered":"\u00c7a\u011flar Neredeyse Kayboluyordu"},"content":{"rendered":"<p>\u00c7a\u011flar en yak\u0131n arkada\u015f\u0131 ve babas\u0131yla birlikte \u015fehir merkezindeki \u015fenli\u011fe giderken \u00e7ok heyecanl\u0131yd\u0131! \u015eenlikte y\u00fczlerini boyatacak, atl\u0131kar\u0131ncaya binecek, dondurma yiyecek ve konser izleyeceklerdi. \u00c7a\u011flar, Pelin\u2019i beklerken yavru bir kedi g\u00f6rd\u00fc ve birka\u00e7 ad\u0131m pe\u015finden gitti. Geri d\u00f6nmek istedi\u011findeyse yolu bulamad\u0131. Neyse ki babas\u0131 kayboldu\u011funda neler yapmas\u0131 gerekti\u011fini anlatm\u0131\u015ft\u0131.<\/p>\n","protected":false},"excerpt":{"rendered":"<p>\u00c7a\u011flar en yak\u0131n arkada\u015f\u0131 ve babas\u0131yla birlikte \u015fehir merkezindeki \u015fenli\u011fe giderken \u00e7ok heyecanl\u0131yd\u0131! \u015eenlikte y\u00fczlerini boyatacak, atl\u0131kar\u0131ncaya binecek, dondurma yiyecek ve konser izleyeceklerdi. \u00c7a\u011flar, Pelin\u2019i beklerken<span class=\"excerpt-hellip\"> [\u2026]<\/span><\/p>\n","protected":false},"featured_media":0,"template":"","meta":{"_monsterinsights_skip_tracking":false,"_monsterinsights_sitenote_active":false,"_monsterinsights_sitenote_note":"","_monsterinsights_sitenote_category":0},"product_brand":[],"product_cat":[12274,12284],"product_tag":[],"class_list":{"0":"post-768167","1":"product","2":"type-product","3":"status-publish","5":"product_cat-cocuk-ve-genclik-kitaplari","6":"product_cat-hikayeler","7":"pa_cilt-ciltsiz","8":"pa_tur-kitap","9":"pa_yayinevi-is-bankasi-kultur-yayinlari","10":"pa_yazar-christian-tielmann","12":"first","13":"instock","14":"sale","15":"shipping-taxable","16":"purchasable","17":"product-type-simple"},"_links":{"self":[{"href":"https:\/\/roveyayinevi.com.tr\/index.php\/wp-json\/wp\/v2\/product\/768167","targetHints":{"allow":["GET"]}}],"collection":[{"href":"https:\/\/roveyayinevi.com.tr\/index.php\/wp-json\/wp\/v2\/product"}],"about":[{"href":"https:\/\/roveyayinevi.com.tr\/index.php\/wp-json\/wp\/v2\/types\/product"}],"wp:attachment":[{"href":"https:\/\/roveyayinevi.com.tr\/index.php\/wp-json\/wp\/v2\/media?parent=768167"}],"wp:term":[{"taxonomy":"product_brand","embeddable":true,"href":"https:\/\/roveyayinevi.com.tr\/index.php\/wp-json\/wp\/v2\/product_brand?post=768167"},{"taxonomy":"product_cat","embeddable":true,"href":"https:\/\/roveyayinevi.com.tr\/index.php\/wp-json\/wp\/v2\/product_cat?post=768167"},{"taxonomy":"product_tag","embeddable":true,"href":"https:\/\/roveyayinevi.com.tr\/index.php\/wp-json\/wp\/v2\/product_tag?post=768167"}],"curies":[{"name":"wp","href":"https:\/\/api.w.org\/{rel}","templated":true}]}}