{"id":768166,"date":"2025-08-28T13:11:23","date_gmt":"2025-08-28T10:11:23","guid":{"rendered":"https:\/\/roveyayinevi.com.tr\/index.php\/urun\/bir-dunya-bilgi-genel-kultur-kitabim\/"},"modified":"2026-04-15T03:34:02","modified_gmt":"2026-04-15T00:34:02","slug":"bir-dunya-bilgi-genel-kultur-kitabim","status":"publish","type":"product","link":"https:\/\/roveyayinevi.com.tr\/index.php\/urun\/bir-dunya-bilgi-genel-kultur-kitabim\/","title":{"rendered":"Bir D\u00fcnya Bilgi-Genel K\u00fclt\u00fcr Kitab\u0131m"},"content":{"rendered":"<p>Bilgi pe\u015finde ko\u015fanlar i\u00e7in m\u00fckemmel bir kitap olan Bir D\u00fcnya Bilgi, yeni ve heyecan verici bir soru-cevap sistemiyle kar\u015f\u0131n\u0131zda. Her konu ba\u015fl\u0131\u011f\u0131nda, en kolaydan zora do\u011fru giden d\u00fczeylere g\u00f6re \u00f6zenle d\u00fczenlenmi\u015f sorularla kendini test et. Bilgilerin ayr\u0131 ayr\u0131 kutular i\u00e7inde sunuldu\u011fu sayfalarda numaral\u0131 ipu\u00e7lar\u0131na bakarak cevap av\u0131na \u00e7\u0131k veya \u00f6nce metni oku, sonra haf\u0131zan\u0131 yoklayarak cevaplar\u0131 ver ve bunlar\u0131n do\u011fru olup olmad\u0131klar\u0131n\u0131 arkadaki cevap anahtarlar\u0131ndan kontrol et. \u00c7ok g\u00fczel bir \u015fekilde resimlenmi\u015f ve bir\u00e7ok bilgi ile zenginle\u015ftirilmi\u015f Bir D\u00fcnya Bilgi, bug\u00fcne kadar kar\u015f\u0131la\u015ft\u0131klar\u0131ndan \u00e7ok farkl\u0131 bir test kitab\u0131. Pop\u00fcler konularda \u2013do\u011fa, co\u011frafya, bilim ve icatlar, tarih, spor ve sanat\u2013 1.000&#8217;den fazla soru ve cevap. Renkli, bilgi dolu sayfalarda cevaplar\u0131 bularak e\u011flen. Arkada\u015flar\u0131nla yar\u0131\u015f veya kendini test et ve b\u00fcy\u00fcleyici yeni bilgilerini ke\u015ffet.<\/p>\n","protected":false},"excerpt":{"rendered":"<p>Bilgi pe\u015finde ko\u015fanlar i\u00e7in m\u00fckemmel bir kitap olan Bir D\u00fcnya Bilgi, yeni ve heyecan verici bir soru-cevap sistemiyle kar\u015f\u0131n\u0131zda. Her konu ba\u015fl\u0131\u011f\u0131nda, en kolaydan zora do\u011fru<span class=\"excerpt-hellip\"> [\u2026]<\/span><\/p>\n","protected":false},"featured_media":0,"template":"","meta":{"_monsterinsights_skip_tracking":false,"_monsterinsights_sitenote_active":false,"_monsterinsights_sitenote_note":"","_monsterinsights_sitenote_category":0},"product_brand":[],"product_cat":[13829,12274],"product_tag":[],"class_list":{"0":"post-768166","1":"product","2":"type-product","3":"status-publish","5":"product_cat-bilimsel-kitaplar","6":"product_cat-cocuk-ve-genclik-kitaplari","7":"pa_cilt-ciltsiz","8":"pa_tur-kitap","9":"pa_yayinevi-is-bankasi-kultur-yayinlari","10":"pa_yazar-clive-gifford-daniel-gilpin-conrad-mason","12":"first","13":"instock","14":"sale","15":"shipping-taxable","16":"purchasable","17":"product-type-simple"},"_links":{"self":[{"href":"https:\/\/roveyayinevi.com.tr\/index.php\/wp-json\/wp\/v2\/product\/768166","targetHints":{"allow":["GET"]}}],"collection":[{"href":"https:\/\/roveyayinevi.com.tr\/index.php\/wp-json\/wp\/v2\/product"}],"about":[{"href":"https:\/\/roveyayinevi.com.tr\/index.php\/wp-json\/wp\/v2\/types\/product"}],"wp:attachment":[{"href":"https:\/\/roveyayinevi.com.tr\/index.php\/wp-json\/wp\/v2\/media?parent=768166"}],"wp:term":[{"taxonomy":"product_brand","embeddable":true,"href":"https:\/\/roveyayinevi.com.tr\/index.php\/wp-json\/wp\/v2\/product_brand?post=768166"},{"taxonomy":"product_cat","embeddable":true,"href":"https:\/\/roveyayinevi.com.tr\/index.php\/wp-json\/wp\/v2\/product_cat?post=768166"},{"taxonomy":"product_tag","embeddable":true,"href":"https:\/\/roveyayinevi.com.tr\/index.php\/wp-json\/wp\/v2\/product_tag?post=768166"}],"curies":[{"name":"wp","href":"https:\/\/api.w.org\/{rel}","templated":true}]}}