{"id":768165,"date":"2025-08-28T13:11:22","date_gmt":"2025-08-28T10:11:22","guid":{"rendered":"https:\/\/roveyayinevi.com.tr\/index.php\/urun\/osmanli-imparatorlugunda-hukuk-ve-devlet\/"},"modified":"2026-04-15T03:34:02","modified_gmt":"2026-04-15T00:34:02","slug":"osmanli-imparatorlugunda-hukuk-ve-devlet","status":"publish","type":"product","link":"https:\/\/roveyayinevi.com.tr\/index.php\/urun\/osmanli-imparatorlugunda-hukuk-ve-devlet\/","title":{"rendered":"Osmanl\u0131 \u0130mparatorlu\u011fu&#8217;nda Hukuk ve Devlet"},"content":{"rendered":"<p>De\u011ferli Osmanl\u0131 tarih\u00e7isi Carter V. Findley, bu \u00e7al\u0131\u015fmas\u0131nda Ayd\u0131nlanma d\u00f6neminin \u0130slam ve Osmanl\u0131 \u0130mparatorlu\u011fu hakk\u0131ndaki eserlerinin g\u00f6rsel malzeme bak\u0131m\u0131ndan en zengini ve i\u00e7erdi\u011fi bilgiler bak\u0131m\u0131ndan da en \u00f6nemlisine, Ignatius Mouradgea d\u2019Ohsson\u2019un (1740-1807) \u015faheseri Tableau g\u00e9n\u00e9ral de l\u2019Empire othoman\u2019a \u00e7ok farkl\u0131 bir \u0131\u015f\u0131k tutuyor.Mouradgea d\u2019Ohsson\u2019un (Murad\u00e7e Tosunyan) 18. y\u00fczy\u0131l\u0131n sonlar\u0131nda Osmanl\u0131 \u0130mparatorlu\u011fu\u2019nun devlet d\u00fczeniyle hukuki ve dini temellerini inceledi\u011fi Tableau g\u00e9n\u00e9ral de l\u2019Empire othoman adl\u0131 eserini ara\u015ft\u0131rmalar\u0131nda kullanmayan tarih\u00e7i pek kalmam\u0131\u015ft\u0131r. Fakat bu eseri ilk defa sistemli bir \u015fekilde inceleyen Carter Findley sayesinde Osmanl\u0131 tarihinin en \u00f6nemli kaynaklar\u0131 aras\u0131nda yer alan bu an\u0131tsal \u00e7al\u0131\u015fmay\u0131, metni, kaynaklar\u0131 ve \u00e7izimleriyle birlikte art\u0131k yak\u0131ndan tan\u0131mak ve anlamak imk\u00e2n\u0131na kavu\u015fmu\u015f oluyoruz. \u201c\u0130\u00e7eriden\u201d biri olarak d\u2019Ohsson\u2019un Osmanl\u0131 d\u00fcnyas\u0131n\u0131 adeta ansiklopedik bir yakla\u015f\u0131mla Ayd\u0131nlanma Avrupa\u2019s\u0131na anlatmak i\u00e7in ortaya koydu\u011fu bu ola\u011fand\u0131\u015f\u0131 eserin en \u00f6nemli \u00f6zelliklerini, y\u0131llard\u0131r Osmanl\u0131 tarihine b\u00fcy\u00fck katk\u0131larda bulunmu\u015f bir tarih\u00e7inin kaleminden okumak ka\u00e7\u0131r\u0131lmamas\u0131 gereken bir f\u0131rsat olu\u015fturuyor.  Edhem EldemDe\u011ferli Osmanl\u0131 tarih\u00e7isi Carter V. Findley, \u00e7ok zengin bir g\u00f6rsel malzeme sunan bu muhte\u015fem kitapta, Mouradgea d\u2019Ohsson\u2019un Tableau g\u00e9n\u00e9ral de l\u2019Empire othoman adl\u0131 eserini yeniden ke\u015ffetmemizi sa\u011fl\u0131yor. T\u00fcrklerin tarihi, hukuku ve dini hakk\u0131ndaki ilk ansiklopedilerden biri olan bu dev eser, bug\u00fcn\u00fcn M\u00fcsl\u00fcman d\u00fcnyas\u0131n\u0131 anlamak bak\u0131m\u0131ndan da g\u00fcncelli\u011fini h\u00e2l\u00e2 koruyor.                                                                                                                                                                                    Fr\u00e9d\u00e9ric HitzelOsmanl\u0131 \u0130mparatorlu\u011fu\u2019nun 18. y\u00fczy\u0131l\u0131n\u0131 \u00e7al\u0131\u015fan tarih\u00e7iler a\u00e7\u0131s\u0131ndan, Mouradgea d\u2019Ohsson\u2019un 1787 ile 1824 aras\u0131nda Paris\u2019te yay\u0131nlanan an\u0131tsal eseri Tableau g\u00e9n\u00e9ral de l\u2019Empire othoman kolayca eri\u015filen bir kaynak olmad\u0131 ve bu eserin yay\u0131nlanmas\u0131n\u0131n hik\u00e2yesi gizemini hep bir par\u00e7a korudu.\u015eimdi Carter Findley, Osmanl\u0131 \u0130mparatorlu\u011fu\u2019nda Hukuk ve Devlet. Avrupa\u2019y\u0131 Ayd\u0131nlatan Adam Mouradgea d\u2019Ohsson kitab\u0131yla, hen\u00fcz grav\u00fcrden ta\u015f bask\u0131 ve foto\u011frafa ge\u00e7ilmedi\u011fi bir \u00e7a\u011fda, Osmanl\u0131lar hakk\u0131ndaki folyo bask\u0131lar\u0131n en b\u00fcy\u00fcklerinden birinin ola\u011fan\u00fcst\u00fc hik\u00e2yesini g\u00f6zlerimizin \u00f6n\u00fcnde yeniden canland\u0131r\u0131yor.Virginia Aksan<\/p>\n","protected":false},"excerpt":{"rendered":"<p>De\u011ferli Osmanl\u0131 tarih\u00e7isi Carter V. Findley, bu \u00e7al\u0131\u015fmas\u0131nda Ayd\u0131nlanma d\u00f6neminin \u0130slam ve Osmanl\u0131 \u0130mparatorlu\u011fu hakk\u0131ndaki eserlerinin g\u00f6rsel malzeme bak\u0131m\u0131ndan en zengini ve i\u00e7erdi\u011fi bilgiler bak\u0131m\u0131ndan da<span class=\"excerpt-hellip\"> [\u2026]<\/span><\/p>\n","protected":false},"featured_media":0,"template":"","meta":{"_monsterinsights_skip_tracking":false,"_monsterinsights_sitenote_active":false,"_monsterinsights_sitenote_note":"","_monsterinsights_sitenote_category":0},"product_brand":[],"product_cat":[13517,12304],"product_tag":[],"class_list":{"0":"post-768165","1":"product","2":"type-product","3":"status-publish","5":"product_cat-osmanli-tarihi","6":"product_cat-tarih","7":"pa_cilt-ciltli","8":"pa_tur-kitap","9":"pa_yayinevi-is-bankasi-kultur-yayinlari","10":"pa_yazar-carter-vaughn-findley","12":"first","13":"instock","14":"sale","15":"shipping-taxable","16":"purchasable","17":"product-type-simple"},"_links":{"self":[{"href":"https:\/\/roveyayinevi.com.tr\/index.php\/wp-json\/wp\/v2\/product\/768165","targetHints":{"allow":["GET"]}}],"collection":[{"href":"https:\/\/roveyayinevi.com.tr\/index.php\/wp-json\/wp\/v2\/product"}],"about":[{"href":"https:\/\/roveyayinevi.com.tr\/index.php\/wp-json\/wp\/v2\/types\/product"}],"wp:attachment":[{"href":"https:\/\/roveyayinevi.com.tr\/index.php\/wp-json\/wp\/v2\/media?parent=768165"}],"wp:term":[{"taxonomy":"product_brand","embeddable":true,"href":"https:\/\/roveyayinevi.com.tr\/index.php\/wp-json\/wp\/v2\/product_brand?post=768165"},{"taxonomy":"product_cat","embeddable":true,"href":"https:\/\/roveyayinevi.com.tr\/index.php\/wp-json\/wp\/v2\/product_cat?post=768165"},{"taxonomy":"product_tag","embeddable":true,"href":"https:\/\/roveyayinevi.com.tr\/index.php\/wp-json\/wp\/v2\/product_tag?post=768165"}],"curies":[{"name":"wp","href":"https:\/\/api.w.org\/{rel}","templated":true}]}}