{"id":768163,"date":"2025-08-28T13:11:18","date_gmt":"2025-08-28T10:11:18","guid":{"rendered":"https:\/\/roveyayinevi.com.tr\/index.php\/urun\/osmanli-imparatorlugu-ve-iranda-devrim-ve-mesrutiyet\/"},"modified":"2026-04-15T03:34:02","modified_gmt":"2026-04-15T00:34:02","slug":"osmanli-imparatorlugu-ve-iranda-devrim-ve-mesrutiyet","status":"publish","type":"product","link":"https:\/\/roveyayinevi.com.tr\/index.php\/urun\/osmanli-imparatorlugu-ve-iranda-devrim-ve-mesrutiyet\/","title":{"rendered":"Osmanl\u0131 \u0130mparatorlu\u011fu ve \u0130ran&#8217;da Devrim ve Me\u015frutiyet"},"content":{"rendered":"<p>\u201c20. y\u00fczy\u0131l\u0131n ba\u015f\u0131nda Do\u011fu Avrupa ve Ortado\u011fu\u2019da hemen hemen e\u015fzamanl\u0131 olarak \u00fc\u00e7 devrim patlak verdi: Rus (1905), \u0130ran (1906) ve Osmanl\u0131 (1908) devrimleri. Her \u00fc\u00e7\u00fcn\u00fcn de hedefi ayn\u0131yd\u0131: Bir anayasa yapmak ve keyfi, despotik rejimlere son vermek. Bu devrimlerden son ikisine, \u0130ran ve Osmanl\u0131 devrimlerine odaklanan Dr. Nader Sohrabi, \u00e7a\u011fda\u015f tarihyaz\u0131m\u0131nda d\u00f6n\u00fcm noktas\u0131 say\u0131labilecek bir kitap kaleme alm\u0131\u015f. Osmanl\u0131 ve \u0130ran kaynaklar\u0131 hakk\u0131nda derin bir bilgiye dayanan, son derece dikkatle yaz\u0131lm\u0131\u015f bu eser \u0130ran ve Osmanl\u0131 \u0130mparatorlu\u011fu\u2019nun tarihi konusunda yeni perspektifler a\u00e7\u0131yor. Yazar\u0131n farkl\u0131 analiz d\u00fczeylerini \u2013yerel, b\u00f6lgesel ve k\u00fcresel- kullan\u0131\u015f bi\u00e7imi bu devrimci hareketlerin ba\u015flang\u0131\u00e7lar\u0131 ve geli\u015fme seyirlerine yeni bir \u0131\u015f\u0131k tutuyor. Hem \u00f6ne \u00e7\u0131kan akt\u00f6rlerin hem de alttaki siyasal, ekonomik, toplumsal k\u00fclt\u00fcrel g\u00fc\u00e7lerin oynad\u0131klar\u0131 rolleri g\u00f6sterirken, \u0130ran ve Osmanl\u0131 \u0130mparatorlu\u011fu\u2019ndaki durumlar hakk\u0131nda ayd\u0131nlat\u0131c\u0131 kar\u015f\u0131la\u015ft\u0131rmalar yap\u0131yor. Hem ge\u00e7mi\u015fi hem de bug\u00fcn\u00fc anlamak isteyen okur i\u00e7in temel bir kaynak.\u201d                                                                                                                                                                                     Fran\u00e7ois Georgeon \u201cBu son derece analitik \u00e7al\u0131\u015fma, 20. y\u00fczy\u0131l ba\u015f\u0131n\u0131n \u00e7ok \u00f6nemli siyasal geli\u015fmelerinden biri ve sadece T\u00fcrkiye i\u00e7in de\u011fil, o s\u0131rada Osmanl\u0131 \u0130mparatorlu\u011fu\u2019nun Avrupa, Asya ve Afrika\u2019da bulunan her par\u00e7as\u0131 i\u00e7in can al\u0131c\u0131 bir konu olan 1908 J\u00f6n T\u00fcrk Devrimi\u2019ni, devrimlerin daha geni\u015f sosyolojik ba\u011flam\u0131na yerle\u015ftirmeyi ama\u00e7l\u0131yor. 20. y\u00fczy\u0131l ba\u015f\u0131n\u0131n, \u00f6nde gelen teorisyenler taraf\u0131ndan genellikle g\u00f6z ard\u0131 edilmi\u015f, iki b\u00fcy\u00fck devriminin (1905-1906 \u0130ran ve 1908 J\u00f6n T\u00fcrk devrimleri) \u00f6nemini vurgulamas\u0131yla da devrimci nitelik ta\u015f\u0131yan bir \u00e7al\u0131\u015fma s\u00f6z konusu. Dr. Sohrabi, \u00e7ok titiz bir ar\u015fiv \u00e7al\u0131\u015fmas\u0131na dayanarak Osmanl\u0131 tarihinin ve toplumunun son d\u00f6nemini \u00e7ok ayr\u0131nt\u0131l\u0131 bir bi\u00e7imde ve ustal\u0131kla yeniden yorumluyor.\u201d                                                                                                                                                                                    M. \u015e\u00fckr\u00fc Hanio\u011flu<\/p>\n","protected":false},"excerpt":{"rendered":"<p>\u201c20. y\u00fczy\u0131l\u0131n ba\u015f\u0131nda Do\u011fu Avrupa ve Ortado\u011fu\u2019da hemen hemen e\u015fzamanl\u0131 olarak \u00fc\u00e7 devrim patlak verdi: Rus (1905), \u0130ran (1906) ve Osmanl\u0131 (1908) devrimleri. Her \u00fc\u00e7\u00fcn\u00fcn de<span class=\"excerpt-hellip\"> [\u2026]<\/span><\/p>\n","protected":false},"featured_media":0,"template":"","meta":{"_monsterinsights_skip_tracking":false,"_monsterinsights_sitenote_active":false,"_monsterinsights_sitenote_note":"","_monsterinsights_sitenote_category":0},"product_brand":[],"product_cat":[13517,12304],"product_tag":[],"class_list":{"0":"post-768163","1":"product","2":"type-product","3":"status-publish","5":"product_cat-osmanli-tarihi","6":"product_cat-tarih","7":"pa_cilt-ciltsiz","8":"pa_tur-kitap","9":"pa_yayinevi-is-bankasi-kultur-yayinlari","10":"pa_yazar-nader-sohrabi","12":"first","13":"instock","14":"sale","15":"shipping-taxable","16":"purchasable","17":"product-type-simple"},"_links":{"self":[{"href":"https:\/\/roveyayinevi.com.tr\/index.php\/wp-json\/wp\/v2\/product\/768163","targetHints":{"allow":["GET"]}}],"collection":[{"href":"https:\/\/roveyayinevi.com.tr\/index.php\/wp-json\/wp\/v2\/product"}],"about":[{"href":"https:\/\/roveyayinevi.com.tr\/index.php\/wp-json\/wp\/v2\/types\/product"}],"wp:attachment":[{"href":"https:\/\/roveyayinevi.com.tr\/index.php\/wp-json\/wp\/v2\/media?parent=768163"}],"wp:term":[{"taxonomy":"product_brand","embeddable":true,"href":"https:\/\/roveyayinevi.com.tr\/index.php\/wp-json\/wp\/v2\/product_brand?post=768163"},{"taxonomy":"product_cat","embeddable":true,"href":"https:\/\/roveyayinevi.com.tr\/index.php\/wp-json\/wp\/v2\/product_cat?post=768163"},{"taxonomy":"product_tag","embeddable":true,"href":"https:\/\/roveyayinevi.com.tr\/index.php\/wp-json\/wp\/v2\/product_tag?post=768163"}],"curies":[{"name":"wp","href":"https:\/\/api.w.org\/{rel}","templated":true}]}}